{"id":221930,"date":"2022-10-20T16:09:46","date_gmt":"2022-10-20T14:09:46","guid":{"rendered":"http:\/\/dev.claret.cat\/producte\/star-wars-y-la-filosofia\/"},"modified":"2023-01-28T19:36:05","modified_gmt":"2023-01-28T18:36:05","slug":"star-wars-y-la-filosofia","status":"publish","type":"product","link":"https:\/\/www.claret.cat\/es\/libro\/star-wars-y-la-filosofia\/","title":{"rendered":"STAR WARS Y LA FILOSOF\u00cdA"},"content":{"rendered":"<p>Debes desaprender aquello que has aprendido. Que la sabidur\u00eda te acompa\u00f1e.<\/p>\n<p>Star Wars y la filosof\u00edapresenta una recopilaci\u00f3n de originales art\u00edculos firmados por las mentes m\u00e1s brillantes de la galaxia, explorando el lado m\u00e1s oscuro y profundo de Star Wars y de todos sus universos expandidos, ofreciendo nuevas aproximaciones a temas tan familiares como el origen de la Fuerza, el papel de la mujer en la serie y un largo etc\u00e9tera.<br \/>El libro examina a nivel filos\u00f3fico el impacto de Star Wars en el mundo real y la importancia de la serie como artefacto de la cultura popular, el legado de Joseph Campbell en la m\u00edtica fundaci\u00f3n de la serie, creando una armaz\u00f3n para comprender qu\u00e9 hay de \u00abcan\u00f3nico\u00bb en Star Wars, y dando a los fans una serie de razones que ayudan a comprender de una vez por todas que Han dispar\u00f3 primero.<\/p>\n","protected":false},"excerpt":{"rendered":"<p>IRWIN, WILLIAM; EBERL, JASON T.; DECKER, KEVIN S.<\/p>\n","protected":false},"featured_media":221931,"template":"","meta":{"_acf_changed":false,"om_disable_all_campaigns":false,"rs_blank_template":"","rs_page_bg_color":"","slide_template_v7":"","inline_featured_image":false,"_monsterinsights_skip_tracking":false,"_monsterinsights_sitenote_active":false,"_monsterinsights_sitenote_note":"","_monsterinsights_sitenote_category":0},"product_brand":[],"product_cat":[82],"product_tag":[],"class_list":{"0":"post-221930","1":"product","2":"type-product","3":"status-publish","4":"has-post-thumbnail","6":"product_cat-pedagogia","8":"first","9":"instock","10":"taxable","11":"shipping-taxable","12":"purchasable","13":"product-type-simple"},"acf":{"autor":"IRWIN, WILLIAM; EBERL, JASON T.; DECKER, KEVIN S.","codart":"841649835","libros-coleccion":"","ediciones":"1","encuadernacion":"R\u00fastica","fecha_de_publicacion":"08\/11\/2016","novedad":"1","paginas":"320","subtitulo":"DESBES DESAPRENDER AQUELLO QUE HAS APRENDIDO","orden":"0","portada":"0","idioma":"spa","autores-libros":[{"ID":171318,"post_author":"3","post_date":"2022-10-14 22:42:26","post_date_gmt":"2022-10-14 20:42:26","post_content":"","post_title":"WILLIAM IRWIN","post_excerpt":"","post_status":"publish","comment_status":"closed","ping_status":"closed","post_password":"","post_name":"william-irwin","to_ping":"","pinged":"","post_modified":"2022-10-14 22:42:26","post_modified_gmt":"2022-10-14 20:42:26","post_content_filtered":"","post_parent":0,"guid":"http:\/\/dev.claret.cat\/autor\/william-irwin\/","menu_order":0,"post_type":"autor","post_mime_type":"","comment_count":"0","filter":"raw"}]},"aioseo_notices":[],"_links":{"self":[{"href":"https:\/\/www.claret.cat\/es\/wp-json\/wp\/v2\/product\/221930","targetHints":{"allow":["GET"]}}],"collection":[{"href":"https:\/\/www.claret.cat\/es\/wp-json\/wp\/v2\/product"}],"about":[{"href":"https:\/\/www.claret.cat\/es\/wp-json\/wp\/v2\/types\/product"}],"wp:featuredmedia":[{"embeddable":true,"href":"https:\/\/www.claret.cat\/es\/wp-json\/wp\/v2\/media\/221931"}],"wp:attachment":[{"href":"https:\/\/www.claret.cat\/es\/wp-json\/wp\/v2\/media?parent=221930"}],"wp:term":[{"taxonomy":"product_brand","embeddable":true,"href":"https:\/\/www.claret.cat\/es\/wp-json\/wp\/v2\/product_brand?post=221930"},{"taxonomy":"product_cat","embeddable":true,"href":"https:\/\/www.claret.cat\/es\/wp-json\/wp\/v2\/product_cat?post=221930"},{"taxonomy":"product_tag","embeddable":true,"href":"https:\/\/www.claret.cat\/es\/wp-json\/wp\/v2\/product_tag?post=221930"}],"curies":[{"name":"wp","href":"https:\/\/api.w.org\/{rel}","templated":true}]}}