{"id":221963,"date":"2022-10-20T16:10:31","date_gmt":"2022-10-20T14:10:31","guid":{"rendered":"http:\/\/dev.claret.cat\/producte\/cine-para-leer-enero-junio-2016\/"},"modified":"2024-05-02T12:54:53","modified_gmt":"2024-05-02T10:54:53","slug":"cine-para-leer-enero-junio-2016-9788427139299","status":"publish","type":"product","link":"https:\/\/www.claret.cat\/es\/libro\/cine-para-leer-enero-junio-2016-9788427139299\/","title":{"rendered":"CINE PARA LEER &#8211; ENERO &#8211; JUNIO 2016"},"content":{"rendered":"<p>En este semestre hay un buen lote de pel\u00edculas memorables como Renacido, Spotlight, Nuestra hermana peque\u00f1a, Coraz\u00f3n gigante, F\u00e1tima, El hijo de Sa\u00fal, Trumbo, Carol, The Program&#8230;, films de diversos pelajes y procedencias. No tuvieron tanto \u00e9xito, como otras veces, Los odiosos ocho de Tarantino ni Ave C\u00e9sar de los Coen.<br \/>Del cine latinoamericano destacamos El capit\u00e1n Kobric y El abrazo de la serpiente. Del espa\u00f1ol resaltamos El olivo de Ic\u00edar Bolla\u00edn y Julieta de Almod\u00f3var. El estreno de \u00e9sta, que no es de sus mejores obras, coincidi\u00f3 con el esc\u00e1ndalo de \u00ablos papeles de Panam\u00e1\u00bb en los que figuraban los hermanos Almod\u00f3var<\/p>\n","protected":false},"excerpt":{"rendered":"<p>EQUIPO RESE\u00d1A &#8211; MENSAJERO<\/p>\n","protected":false},"featured_media":332277,"template":"","meta":{"_acf_changed":false,"om_disable_all_campaigns":false,"rs_blank_template":"","rs_page_bg_color":"","slide_template_v7":"","inline_featured_image":false,"_monsterinsights_skip_tracking":false,"_monsterinsights_sitenote_active":false,"_monsterinsights_sitenote_note":"","_monsterinsights_sitenote_category":0},"product_brand":[],"product_cat":[82,348],"product_tag":[],"class_list":{"0":"post-221963","1":"product","2":"type-product","3":"status-publish","4":"has-post-thumbnail","6":"product_cat-pedagogia","7":"product_cat-pedagogia-2_humanidades","9":"first","10":"instock","11":"taxable","12":"shipping-taxable","13":"purchasable","14":"product-type-simple"},"acf":{"autor":"EQUIPO RESE\u00d1A - MENSAJERO","codart":"842713929","libros-coleccion":"","ediciones":"1","encuadernacion":"R\u00fastica","fecha_de_publicacion":"08\/11\/2016","novedad":"1","paginas":"296","subtitulo":"","orden":"0","portada":"0","idioma":"spa","editorial":[{"ID":8258,"post_author":"3","post_date":"2022-09-30 09:21:32","post_date_gmt":"2022-09-30 07:21:32","post_content":"","post_title":"MENSAJERO","post_excerpt":"","post_status":"publish","comment_status":"closed","ping_status":"closed","post_password":"","post_name":"mensajero","to_ping":"","pinged":"","post_modified":"2022-09-30 09:21:32","post_modified_gmt":"2022-09-30 07:21:32","post_content_filtered":"","post_parent":0,"guid":"http:\/\/dev.claret.cat\/editorial\/mensajero\/","menu_order":0,"post_type":"editorial","post_mime_type":"","comment_count":"0","filter":"raw"}],"autores-libros":[{"ID":282660,"post_author":"3","post_date":"2022-12-10 00:50:42","post_date_gmt":"2022-12-09 23:50:42","post_content":"","post_title":"EQUIPO RESE\u00d1A - MENSAJERO","post_excerpt":"","post_status":"publish","comment_status":"closed","ping_status":"closed","post_password":"","post_name":"equipo-resena-mensajero-2","to_ping":"","pinged":"","post_modified":"2022-12-10 00:50:42","post_modified_gmt":"2022-12-09 23:50:42","post_content_filtered":"","post_parent":0,"guid":"http:\/\/dev.claret.cat\/autor\/equipo-resena-mensajero-2\/","menu_order":0,"post_type":"autor","post_mime_type":"","comment_count":"0","filter":"raw"}]},"aioseo_notices":[],"_links":{"self":[{"href":"https:\/\/www.claret.cat\/es\/wp-json\/wp\/v2\/product\/221963","targetHints":{"allow":["GET"]}}],"collection":[{"href":"https:\/\/www.claret.cat\/es\/wp-json\/wp\/v2\/product"}],"about":[{"href":"https:\/\/www.claret.cat\/es\/wp-json\/wp\/v2\/types\/product"}],"wp:featuredmedia":[{"embeddable":true,"href":"https:\/\/www.claret.cat\/es\/wp-json\/wp\/v2\/media\/332277"}],"wp:attachment":[{"href":"https:\/\/www.claret.cat\/es\/wp-json\/wp\/v2\/media?parent=221963"}],"wp:term":[{"taxonomy":"product_brand","embeddable":true,"href":"https:\/\/www.claret.cat\/es\/wp-json\/wp\/v2\/product_brand?post=221963"},{"taxonomy":"product_cat","embeddable":true,"href":"https:\/\/www.claret.cat\/es\/wp-json\/wp\/v2\/product_cat?post=221963"},{"taxonomy":"product_tag","embeddable":true,"href":"https:\/\/www.claret.cat\/es\/wp-json\/wp\/v2\/product_tag?post=221963"}],"curies":[{"name":"wp","href":"https:\/\/api.w.org\/{rel}","templated":true}]}}