{"id":222080,"date":"2022-10-20T16:13:10","date_gmt":"2022-10-20T14:13:10","guid":{"rendered":"http:\/\/dev.claret.cat\/producte\/al-otro-lado-de-la-gran-muralla\/"},"modified":"2024-05-22T23:23:51","modified_gmt":"2024-05-22T21:23:51","slug":"al-otro-lado-de-la-gran-muralla-9788497153560","status":"publish","type":"product","link":"https:\/\/www.claret.cat\/es\/libro\/al-otro-lado-de-la-gran-muralla-9788497153560\/","title":{"rendered":"AL OTRO LADO DE LA GRAN MURALLA"},"content":{"rendered":"<p>\u00bfCu\u00e1l es la situaci\u00f3n actual del cristianismo en China? \u00bfC\u00f3mo puede la Iglesia ser cat\u00f3lica (o sea, universal) si se excluye a la quinta parte de la humanidad? \u00bfQu\u00e9 retos plantea la evangelizaci\u00f3n de China a la luz del Magisterio reciente y con qu\u00e9 perspectivas?.<\/p>\n<p> Kin Sheung Chiaretto Yan, cat\u00f3lico comprometido, describe la historia del cristianismo en China, el auge del consumismo y a la vez el despertar espiritual, la atracci\u00f3n que ejerce la fe en muchos j\u00f3venes universitarios e intelectuales, las tensiones entre el gobierno chino y el Vaticano y los posibles caminos de di\u00e1logo que se abren para construir una \u00absociedad armoniosa\u00bb &#8230;.<\/p>\n<p> Este libro es una herramienta \u00fatil que ayuda desterrar los lugares comunes -tan frecuentes en quienes miran a China desde lejos- y abre nuevos horizontes de reflexi\u00f3n y de esperanza.<\/p>\n","protected":false},"excerpt":{"rendered":"<p>YAN CHIARETTO, KIN SHEUNG<\/p>\n","protected":false},"featured_media":388143,"template":"","meta":{"_acf_changed":false,"om_disable_all_campaigns":false,"rs_blank_template":"","rs_page_bg_color":"","slide_template_v7":"","inline_featured_image":false,"_monsterinsights_skip_tracking":false,"_monsterinsights_sitenote_active":false,"_monsterinsights_sitenote_note":"","_monsterinsights_sitenote_category":0},"product_brand":[],"product_cat":[543,93,344,78,544,94],"product_tag":[],"class_list":{"0":"post-222080","1":"product","2":"type-product","3":"status-publish","4":"has-post-thumbnail","6":"product_cat-eclesiologia-es","7":"product_cat-eclesiologia","8":"product_cat-pastoral-1_espiritualidad","9":"product_cat-pastoral","10":"product_cat-religiones","11":"product_cat-religions","13":"first","14":"instock","15":"taxable","16":"shipping-taxable","17":"purchasable","18":"product-type-simple"},"acf":{"autor":"YAN CHIARETTO, KIN SHEUNG","codart":"849715356","libros-coleccion":"SUSHI BOOKS","ediciones":"1","encuadernacion":"R\u00fastica","fecha_de_publicacion":"01\/11\/2016","novedad":"1","paginas":"348","subtitulo":"","orden":"0","portada":"0","idioma":"spa","editorial":[{"ID":6157,"post_author":"3","post_date":"2022-07-28 17:46:07","post_date_gmt":"2022-07-28 15:46:07","post_content":"","post_title":"Ciudad Nueva","post_excerpt":"","post_status":"publish","comment_status":"closed","ping_status":"closed","post_password":"","post_name":"ciudad-nueva","to_ping":"","pinged":"","post_modified":"2022-07-28 17:46:07","post_modified_gmt":"2022-07-28 15:46:07","post_content_filtered":"","post_parent":0,"guid":"http:\/\/dev.claret.cat\/editorial\/ciudad-nueva\/","menu_order":0,"post_type":"editorial","post_mime_type":"","comment_count":"0","filter":"raw"}],"autores-libros":[{"ID":363876,"post_author":"3","post_date":"2023-01-15 12:57:11","post_date_gmt":"2023-01-15 11:57:11","post_content":"","post_title":"KIN SHEUNG YAN CHIARETTO","post_excerpt":"","post_status":"publish","comment_status":"closed","ping_status":"closed","post_password":"","post_name":"kin-sheung-yan-chiaretto","to_ping":"","pinged":"","post_modified":"2023-01-15 12:57:11","post_modified_gmt":"2023-01-15 11:57:11","post_content_filtered":"","post_parent":0,"guid":"https:\/\/www.claret.cat\/autor\/kin-sheung-yan-chiaretto\/","menu_order":0,"post_type":"autor","post_mime_type":"","comment_count":"0","filter":"raw"}]},"aioseo_notices":[],"_links":{"self":[{"href":"https:\/\/www.claret.cat\/es\/wp-json\/wp\/v2\/product\/222080","targetHints":{"allow":["GET"]}}],"collection":[{"href":"https:\/\/www.claret.cat\/es\/wp-json\/wp\/v2\/product"}],"about":[{"href":"https:\/\/www.claret.cat\/es\/wp-json\/wp\/v2\/types\/product"}],"wp:featuredmedia":[{"embeddable":true,"href":"https:\/\/www.claret.cat\/es\/wp-json\/wp\/v2\/media\/388143"}],"wp:attachment":[{"href":"https:\/\/www.claret.cat\/es\/wp-json\/wp\/v2\/media?parent=222080"}],"wp:term":[{"taxonomy":"product_brand","embeddable":true,"href":"https:\/\/www.claret.cat\/es\/wp-json\/wp\/v2\/product_brand?post=222080"},{"taxonomy":"product_cat","embeddable":true,"href":"https:\/\/www.claret.cat\/es\/wp-json\/wp\/v2\/product_cat?post=222080"},{"taxonomy":"product_tag","embeddable":true,"href":"https:\/\/www.claret.cat\/es\/wp-json\/wp\/v2\/product_tag?post=222080"}],"curies":[{"name":"wp","href":"https:\/\/api.w.org\/{rel}","templated":true}]}}