{"id":222086,"date":"2022-10-20T16:13:18","date_gmt":"2022-10-20T14:13:18","guid":{"rendered":"http:\/\/dev.claret.cat\/producte\/el-caganer-amb-un-pet\/"},"modified":"2025-12-02T10:45:23","modified_gmt":"2025-12-02T09:45:23","slug":"el-caganer-amb-un-pet-9788490579718","status":"publish","type":"product","link":"https:\/\/www.claret.cat\/es\/libro\/el-caganer-amb-un-pet-9788490579718\/","title":{"rendered":"EL CAGANER AMB UN PET!"},"content":{"rendered":"<p>El caganer t\u00e9 una missi\u00f3 molt important: acompanyar els tres Reis Mags fi ns al portal on ha<br \/>nascut un nad\u00f3 molt i molt especial? per\u00f2, un cop m\u00e9s, el ventre li fa la guitza! Podr\u00e0 arribar<br \/>a temps per complir amb el seu deure?<\/p>\n","protected":false},"excerpt":{"rendered":"<p>MART\u00cdNEZ, EMMA<\/p>\n","protected":false},"featured_media":222087,"template":"","meta":{"_acf_changed":false,"om_disable_all_campaigns":false,"rs_blank_template":"","rs_page_bg_color":"","slide_template_v7":"","inline_featured_image":false,"_monsterinsights_skip_tracking":false,"_monsterinsights_sitenote_active":false,"_monsterinsights_sitenote_note":"","_monsterinsights_sitenote_category":0},"product_brand":[],"product_cat":[86,352],"product_tag":[],"class_list":{"0":"post-222086","1":"product","2":"type-product","3":"status-publish","4":"has-post-thumbnail","6":"product_cat-infantil","7":"product_cat-infantil-3_infantil-juvenil-spa","9":"first","10":"instock","11":"taxable","12":"shipping-taxable","13":"purchasable","14":"product-type-simple"},"acf":{"autor":"MART\u00cdNEZ, EMMA","codart":"849057971","libros-coleccion":"LA LLUNA DE PAPER","ediciones":"1","encuadernacion":"Carpeta","fecha_de_publicacion":"01\/11\/2016","novedad":"1","paginas":"12","subtitulo":"","orden":"0","portada":"0","idioma":"cat","editorial":[{"ID":6249,"post_author":"3","post_date":"2022-07-28 17:48:09","post_date_gmt":"2022-07-28 15:48:09","post_content":"","post_title":"Estrella Polar","post_excerpt":"","post_status":"publish","comment_status":"closed","ping_status":"closed","post_password":"","post_name":"estrella-polar","to_ping":"","pinged":"","post_modified":"2022-07-28 17:48:09","post_modified_gmt":"2022-07-28 15:48:09","post_content_filtered":"","post_parent":0,"guid":"http:\/\/dev.claret.cat\/editorial\/estrella-polar\/","menu_order":0,"post_type":"editorial","post_mime_type":"","comment_count":"0","filter":"raw"}],"autores-libros":[{"ID":155031,"post_author":"3","post_date":"2022-10-14 15:09:36","post_date_gmt":"2022-10-14 13:09:36","post_content":"","post_title":"EMMA MARTINEZ","post_excerpt":"","post_status":"publish","comment_status":"closed","ping_status":"closed","post_password":"","post_name":"emma-martinez","to_ping":"","pinged":"","post_modified":"2022-10-14 15:09:36","post_modified_gmt":"2022-10-14 13:09:36","post_content_filtered":"","post_parent":0,"guid":"http:\/\/dev.claret.cat\/autor\/emma-martinez\/","menu_order":0,"post_type":"autor","post_mime_type":"","comment_count":"0","filter":"raw"}],"booktrailer":"","resenas":""},"aioseo_notices":[],"_links":{"self":[{"href":"https:\/\/www.claret.cat\/es\/wp-json\/wp\/v2\/product\/222086","targetHints":{"allow":["GET"]}}],"collection":[{"href":"https:\/\/www.claret.cat\/es\/wp-json\/wp\/v2\/product"}],"about":[{"href":"https:\/\/www.claret.cat\/es\/wp-json\/wp\/v2\/types\/product"}],"wp:featuredmedia":[{"embeddable":true,"href":"https:\/\/www.claret.cat\/es\/wp-json\/wp\/v2\/media\/222087"}],"wp:attachment":[{"href":"https:\/\/www.claret.cat\/es\/wp-json\/wp\/v2\/media?parent=222086"}],"wp:term":[{"taxonomy":"product_brand","embeddable":true,"href":"https:\/\/www.claret.cat\/es\/wp-json\/wp\/v2\/product_brand?post=222086"},{"taxonomy":"product_cat","embeddable":true,"href":"https:\/\/www.claret.cat\/es\/wp-json\/wp\/v2\/product_cat?post=222086"},{"taxonomy":"product_tag","embeddable":true,"href":"https:\/\/www.claret.cat\/es\/wp-json\/wp\/v2\/product_tag?post=222086"}],"curies":[{"name":"wp","href":"https:\/\/api.w.org\/{rel}","templated":true}]}}