{"id":222128,"date":"2022-10-20T16:14:12","date_gmt":"2022-10-20T14:14:12","guid":{"rendered":"http:\/\/dev.claret.cat\/producte\/el-vestuari-amb-adhesius-les-disfresses\/"},"modified":"2023-01-28T09:46:29","modified_gmt":"2023-01-28T08:46:29","slug":"el-vestuari-amb-adhesius-les-disfresses-9781474931625","status":"publish","type":"product","link":"https:\/\/www.claret.cat\/es\/libro\/el-vestuari-amb-adhesius-les-disfresses-9781474931625\/","title":{"rendered":"EL VESTUARI AMB ADHESIUS : LES DISFRESSES"},"content":{"rendered":"<p>Les nenes, i les no tant nenes, s&#8217;ho passaran molt b\u00e9 disfressant els personatges del nou llibre de la popular\u00edssima collecci\u00f3 \u00abEl vestuari amb adhesius\u00bb.<\/p>\n","protected":false},"excerpt":{"rendered":"<p>BONE EMILY<\/p>\n","protected":false},"featured_media":222129,"template":"","meta":{"_acf_changed":false,"om_disable_all_campaigns":false,"rs_blank_template":"","rs_page_bg_color":"","slide_template_v7":"","inline_featured_image":false,"_monsterinsights_skip_tracking":false,"_monsterinsights_sitenote_active":false,"_monsterinsights_sitenote_note":"","_monsterinsights_sitenote_category":0},"product_brand":[],"product_cat":[86],"product_tag":[],"class_list":{"0":"post-222128","1":"product","2":"type-product","3":"status-publish","4":"has-post-thumbnail","6":"product_cat-infantil","8":"first","9":"instock","10":"taxable","11":"shipping-taxable","12":"purchasable","13":"product-type-simple"},"acf":{"autor":"BONE EMILY","codart":"147493162","libros-coleccion":"USBORNE","ediciones":"1","encuadernacion":"Carpeta","fecha_de_publicacion":"01\/11\/2016","novedad":"1","paginas":"19","subtitulo":"","orden":"0","portada":"0","idioma":"cat","editorial":[{"ID":6385,"post_author":"3","post_date":"2022-07-28 17:51:04","post_date_gmt":"2022-07-28 15:51:04","post_content":"","post_title":"USBORNE ED.","post_excerpt":"","post_status":"publish","comment_status":"closed","ping_status":"closed","post_password":"","post_name":"usborne-ed","to_ping":"","pinged":"","post_modified":"2022-07-28 17:51:04","post_modified_gmt":"2022-07-28 15:51:04","post_content_filtered":"","post_parent":0,"guid":"http:\/\/dev.claret.cat\/editorial\/usborne-ed\/","menu_order":0,"post_type":"editorial","post_mime_type":"","comment_count":"0","filter":"raw"}],"autores-libros":[{"ID":151805,"post_author":"3","post_date":"2022-10-14 14:43:46","post_date_gmt":"2022-10-14 12:43:46","post_content":"","post_title":"BONE EMILY","post_excerpt":"","post_status":"publish","comment_status":"closed","ping_status":"closed","post_password":"","post_name":"bone-emily","to_ping":"","pinged":"","post_modified":"2022-10-14 14:43:46","post_modified_gmt":"2022-10-14 12:43:46","post_content_filtered":"","post_parent":0,"guid":"http:\/\/dev.claret.cat\/autor\/bone-emily\/","menu_order":0,"post_type":"autor","post_mime_type":"","comment_count":"0","filter":"raw"}]},"aioseo_notices":[],"_links":{"self":[{"href":"https:\/\/www.claret.cat\/es\/wp-json\/wp\/v2\/product\/222128","targetHints":{"allow":["GET"]}}],"collection":[{"href":"https:\/\/www.claret.cat\/es\/wp-json\/wp\/v2\/product"}],"about":[{"href":"https:\/\/www.claret.cat\/es\/wp-json\/wp\/v2\/types\/product"}],"wp:featuredmedia":[{"embeddable":true,"href":"https:\/\/www.claret.cat\/es\/wp-json\/wp\/v2\/media\/222129"}],"wp:attachment":[{"href":"https:\/\/www.claret.cat\/es\/wp-json\/wp\/v2\/media?parent=222128"}],"wp:term":[{"taxonomy":"product_brand","embeddable":true,"href":"https:\/\/www.claret.cat\/es\/wp-json\/wp\/v2\/product_brand?post=222128"},{"taxonomy":"product_cat","embeddable":true,"href":"https:\/\/www.claret.cat\/es\/wp-json\/wp\/v2\/product_cat?post=222128"},{"taxonomy":"product_tag","embeddable":true,"href":"https:\/\/www.claret.cat\/es\/wp-json\/wp\/v2\/product_tag?post=222128"}],"curies":[{"name":"wp","href":"https:\/\/api.w.org\/{rel}","templated":true}]}}