{"id":222245,"date":"2022-10-20T16:16:46","date_gmt":"2022-10-20T14:16:46","guid":{"rendered":"http:\/\/dev.claret.cat\/producte\/el-xai-a-taula\/"},"modified":"2025-02-01T01:21:10","modified_gmt":"2025-02-01T00:21:10","slug":"el-xai-a-taula-9788483309193","status":"publish","type":"product","link":"https:\/\/www.claret.cat\/es\/libro\/el-xai-a-taula-9788483309193\/","title":{"rendered":"EL XAI A TAULA"},"content":{"rendered":"<p>La carn de xai \u00e9s la carn m\u00e9s tradicional a Catalunya des de l&#8217;antiguitat. \u00c9s ideal per a trobades d&#8217;amics, familiars, sopars d&#8217;estiu i a l&#8217;hivern al voltant de la llar de foc. Aix\u00f2, ho sap b\u00e9 Rosa March, autora del llibre, que es dedica a la cria i venda de bestiar ov\u00ed.<\/p>\n","protected":false},"excerpt":{"rendered":"<p>MARCH P\u00c0MPOLS, ROSA<\/p>\n","protected":false},"featured_media":222246,"template":"","meta":{"_acf_changed":false,"om_disable_all_campaigns":false,"rs_blank_template":"","rs_page_bg_color":"","slide_template_v7":"","inline_featured_image":false,"_monsterinsights_skip_tracking":false,"_monsterinsights_sitenote_active":false,"_monsterinsights_sitenote_note":"","_monsterinsights_sitenote_category":0},"product_brand":[],"product_cat":[553,103],"product_tag":[],"class_list":{"0":"post-222245","1":"product","2":"type-product","3":"status-publish","4":"has-post-thumbnail","6":"product_cat-cocina","7":"product_cat-cuina","9":"first","10":"instock","11":"taxable","12":"shipping-taxable","13":"purchasable","14":"product-type-simple"},"acf":{"autor":"MARCH P\u00c0MPOLS, ROSA","codart":"848330919","libros-coleccion":"SUSHI BOOKS","ediciones":"1","encuadernacion":"R\u00fastica","fecha_de_publicacion":"01\/11\/2016","novedad":"1","paginas":"142","subtitulo":"RECEPTES PER QUEDAR B\u00c9 I F\u00c0CILS DE FER","orden":"0","portada":"0","idioma":"spa","editorial":[{"ID":6392,"post_author":"3","post_date":"2022-07-28 17:51:10","post_date_gmt":"2022-07-28 15:51:10","post_content":"","post_title":"Viena","post_excerpt":"","post_status":"publish","comment_status":"closed","ping_status":"closed","post_password":"","post_name":"viena","to_ping":"","pinged":"","post_modified":"2022-07-28 17:51:10","post_modified_gmt":"2022-07-28 15:51:10","post_content_filtered":"","post_parent":0,"guid":"http:\/\/dev.claret.cat\/editorial\/viena\/","menu_order":0,"post_type":"editorial","post_mime_type":"","comment_count":"0","filter":"raw"}],"autores-libros":[{"ID":428247,"post_author":"3","post_date":"2023-05-16 09:23:05","post_date_gmt":"2023-05-16 07:23:05","post_content":"","post_title":"ROSA MARCH P\u00c0MPOLS","post_excerpt":"","post_status":"publish","comment_status":"closed","ping_status":"closed","post_password":"","post_name":"rosa-march-pampols","to_ping":"","pinged":"","post_modified":"2023-05-16 09:23:05","post_modified_gmt":"2023-05-16 07:23:05","post_content_filtered":"","post_parent":0,"guid":"https:\/\/www.claret.cat\/autor\/rosa-march-pampols\/","menu_order":0,"post_type":"autor","post_mime_type":"","comment_count":"0","filter":"raw"}]},"aioseo_notices":[],"_links":{"self":[{"href":"https:\/\/www.claret.cat\/es\/wp-json\/wp\/v2\/product\/222245","targetHints":{"allow":["GET"]}}],"collection":[{"href":"https:\/\/www.claret.cat\/es\/wp-json\/wp\/v2\/product"}],"about":[{"href":"https:\/\/www.claret.cat\/es\/wp-json\/wp\/v2\/types\/product"}],"wp:featuredmedia":[{"embeddable":true,"href":"https:\/\/www.claret.cat\/es\/wp-json\/wp\/v2\/media\/222246"}],"wp:attachment":[{"href":"https:\/\/www.claret.cat\/es\/wp-json\/wp\/v2\/media?parent=222245"}],"wp:term":[{"taxonomy":"product_brand","embeddable":true,"href":"https:\/\/www.claret.cat\/es\/wp-json\/wp\/v2\/product_brand?post=222245"},{"taxonomy":"product_cat","embeddable":true,"href":"https:\/\/www.claret.cat\/es\/wp-json\/wp\/v2\/product_cat?post=222245"},{"taxonomy":"product_tag","embeddable":true,"href":"https:\/\/www.claret.cat\/es\/wp-json\/wp\/v2\/product_tag?post=222245"}],"curies":[{"name":"wp","href":"https:\/\/api.w.org\/{rel}","templated":true}]}}