{"id":22226,"date":"2022-10-02T09:46:02","date_gmt":"2022-10-02T07:46:02","guid":{"rendered":"http:\/\/dev.claret.cat\/producte\/vet-aqui-la-banya-de-lunicorn\/"},"modified":"2026-03-04T10:25:14","modified_gmt":"2026-03-04T09:25:14","slug":"vet-aqui-la-banya-de-lunicorn-9788466147323","status":"publish","type":"product","link":"https:\/\/www.claret.cat\/es\/libro\/vet-aqui-la-banya-de-lunicorn-9788466147323\/","title":{"rendered":"VET AQU\u00cd&#8230; LA BANYA DE L&#8217;UNICORN"},"content":{"rendered":"<p>La June ha trobat uns cavalls molt petits al bosc m\u00e0gic que estan aprenent a volar. Per\u00f2 n&#8217;hi ha un que est\u00e0 molt trist perqu\u00e8 no ho aconsegueix! La June est\u00e0 decidida a ajudar-lo com sigui. Com s&#8217;ho far\u00e0?<\/p>\n","protected":false},"excerpt":{"rendered":"<p>BLUE, BEATRICE<\/p>\n","protected":false},"featured_media":67590,"template":"","meta":{"_acf_changed":false,"om_disable_all_campaigns":false,"rs_blank_template":"","rs_page_bg_color":"","slide_template_v7":"","inline_featured_image":false,"_monsterinsights_skip_tracking":false,"_monsterinsights_sitenote_active":false,"_monsterinsights_sitenote_note":"","_monsterinsights_sitenote_category":0},"product_brand":[],"product_cat":[131,361],"product_tag":[],"class_list":{"0":"post-22226","1":"product","2":"type-product","3":"status-publish","4":"has-post-thumbnail","6":"product_cat-contes-per-infants-0-6-anys","7":"product_cat-cuentos-para-ninos-0-6-anos","9":"first","10":"instock","11":"taxable","12":"shipping-taxable","13":"purchasable","14":"product-type-simple"},"acf":{"autor":"BLUE, BEATRICE","codart":"846614732","libros-coleccion":"VET AQUI","ediciones":"1","encuadernacion":"R\u00fastica","fecha_de_publicacion":"01\/08\/2019","novedad":"1","paginas":"40","subtitulo":"","orden":"0","portada":"0","idioma":"cat","editorial":[{"ID":147679,"post_author":"3","post_date":"2022-10-14 11:52:25","post_date_gmt":"2022-10-14 09:52:25","post_content":"","post_title":"CRUILLA \/SM-EDICIONS -VALENCIANO\/CATALAN","post_excerpt":"","post_status":"publish","comment_status":"closed","ping_status":"closed","post_password":"","post_name":"cruilla-sm-edicions-valenciano-catalan","to_ping":"","pinged":"","post_modified":"2022-10-14 11:52:25","post_modified_gmt":"2022-10-14 09:52:25","post_content_filtered":"","post_parent":0,"guid":"http:\/\/dev.claret.cat\/editorial\/cruilla-sm-edicions-valenciano-catalan\/","menu_order":0,"post_type":"editorial","post_mime_type":"","comment_count":"0","filter":"raw"}],"autores-libros":[{"ID":151423,"post_author":"3","post_date":"2022-10-14 14:40:46","post_date_gmt":"2022-10-14 12:40:46","post_content":"","post_title":"BEATRICE BLUE","post_excerpt":"","post_status":"publish","comment_status":"closed","ping_status":"closed","post_password":"","post_name":"beatrice-blue","to_ping":"","pinged":"","post_modified":"2022-10-14 14:40:46","post_modified_gmt":"2022-10-14 12:40:46","post_content_filtered":"","post_parent":0,"guid":"http:\/\/dev.claret.cat\/autor\/beatrice-blue\/","menu_order":0,"post_type":"autor","post_mime_type":"","comment_count":"0","filter":"raw"}],"booktrailer":"","resenas":""},"aioseo_notices":[],"_links":{"self":[{"href":"https:\/\/www.claret.cat\/es\/wp-json\/wp\/v2\/product\/22226","targetHints":{"allow":["GET"]}}],"collection":[{"href":"https:\/\/www.claret.cat\/es\/wp-json\/wp\/v2\/product"}],"about":[{"href":"https:\/\/www.claret.cat\/es\/wp-json\/wp\/v2\/types\/product"}],"wp:featuredmedia":[{"embeddable":true,"href":"https:\/\/www.claret.cat\/es\/wp-json\/wp\/v2\/media\/67590"}],"wp:attachment":[{"href":"https:\/\/www.claret.cat\/es\/wp-json\/wp\/v2\/media?parent=22226"}],"wp:term":[{"taxonomy":"product_brand","embeddable":true,"href":"https:\/\/www.claret.cat\/es\/wp-json\/wp\/v2\/product_brand?post=22226"},{"taxonomy":"product_cat","embeddable":true,"href":"https:\/\/www.claret.cat\/es\/wp-json\/wp\/v2\/product_cat?post=22226"},{"taxonomy":"product_tag","embeddable":true,"href":"https:\/\/www.claret.cat\/es\/wp-json\/wp\/v2\/product_tag?post=22226"}],"curies":[{"name":"wp","href":"https:\/\/api.w.org\/{rel}","templated":true}]}}