{"id":222297,"date":"2022-10-20T16:17:56","date_gmt":"2022-10-20T14:17:56","guid":{"rendered":"http:\/\/dev.claret.cat\/producte\/la-guardia-del-lleo-els-defensors-del-regne\/"},"modified":"2025-10-20T18:40:19","modified_gmt":"2025-10-20T16:40:19","slug":"la-guardia-del-lleo-els-defensors-del-regne-9788491371243","status":"publish","type":"product","link":"https:\/\/www.claret.cat\/es\/libro\/la-guardia-del-lleo-els-defensors-del-regne-9788491371243\/","title":{"rendered":"LA GU\u00c0RDIA DEL LLE\u00d3. ELS DEFENSORS DEL REGNE"},"content":{"rendered":"<p>El rei Simba ha demanat a en Kion que formi la nova gu\u00e0rdia del lle\u00f3. Per\u00a0fer-ho, haur\u00e0 de viatjar per les terres del regne per trobar el m\u00e9s valent,\u00a0el m\u00e9s fort, el m\u00e9s r\u00e0pid i el de millor vista. En Kion compon un grup molt\u00a0peculiar format per un teix\u00f3, un guepard, un hipop\u00f2tam i un agr\u00f3. \u00c9s una\u00a0ll\u00e0stima que el rei oblid\u00e9s un petit detall: tots els membres de la gu\u00e0rdia\u00a0han de ser lleons.<\/p>\n","protected":false},"excerpt":{"rendered":"<p>DISNEY<\/p>\n","protected":false},"featured_media":222298,"template":"","meta":{"_acf_changed":false,"om_disable_all_campaigns":false,"rs_blank_template":"","rs_page_bg_color":"","slide_template_v7":"","inline_featured_image":false,"_monsterinsights_skip_tracking":false,"_monsterinsights_sitenote_active":false,"_monsterinsights_sitenote_note":"","_monsterinsights_sitenote_category":0},"product_brand":[],"product_cat":[86,352],"product_tag":[],"class_list":{"0":"post-222297","1":"product","2":"type-product","3":"status-publish","4":"has-post-thumbnail","6":"product_cat-infantil","7":"product_cat-infantil-3_infantil-juvenil-spa","9":"first","10":"instock","11":"taxable","12":"shipping-taxable","13":"purchasable","14":"product-type-simple"},"acf":{"autor":"DISNEY","codart":"849137124","libros-coleccion":"DISNEY","ediciones":"1","encuadernacion":"Carton\u00e9","fecha_de_publicacion":"01\/11\/2016","novedad":"1","paginas":"95","subtitulo":"","orden":"0","portada":"0","idioma":"cat","editorial":[{"ID":6249,"post_author":"3","post_date":"2022-07-28 17:48:09","post_date_gmt":"2022-07-28 15:48:09","post_content":"","post_title":"Estrella Polar","post_excerpt":"","post_status":"publish","comment_status":"closed","ping_status":"closed","post_password":"","post_name":"estrella-polar","to_ping":"","pinged":"","post_modified":"2022-07-28 17:48:09","post_modified_gmt":"2022-07-28 15:48:09","post_content_filtered":"","post_parent":0,"guid":"http:\/\/dev.claret.cat\/editorial\/estrella-polar\/","menu_order":0,"post_type":"editorial","post_mime_type":"","comment_count":"0","filter":"raw"}],"autores-libros":[{"ID":5400,"post_author":"3","post_date":"2022-07-28 17:23:10","post_date_gmt":"2022-07-28 15:23:10","post_content":"","post_title":"DISNEY","post_excerpt":"","post_status":"publish","comment_status":"closed","ping_status":"closed","post_password":"","post_name":"disney","to_ping":"","pinged":"","post_modified":"2022-07-28 17:23:10","post_modified_gmt":"2022-07-28 15:23:10","post_content_filtered":"","post_parent":0,"guid":"http:\/\/dev.claret.cat\/autor\/disney\/","menu_order":0,"post_type":"autor","post_mime_type":"","comment_count":"0","filter":"raw"}],"booktrailer":"","resenas":""},"aioseo_notices":[],"_links":{"self":[{"href":"https:\/\/www.claret.cat\/es\/wp-json\/wp\/v2\/product\/222297","targetHints":{"allow":["GET"]}}],"collection":[{"href":"https:\/\/www.claret.cat\/es\/wp-json\/wp\/v2\/product"}],"about":[{"href":"https:\/\/www.claret.cat\/es\/wp-json\/wp\/v2\/types\/product"}],"wp:featuredmedia":[{"embeddable":true,"href":"https:\/\/www.claret.cat\/es\/wp-json\/wp\/v2\/media\/222298"}],"wp:attachment":[{"href":"https:\/\/www.claret.cat\/es\/wp-json\/wp\/v2\/media?parent=222297"}],"wp:term":[{"taxonomy":"product_brand","embeddable":true,"href":"https:\/\/www.claret.cat\/es\/wp-json\/wp\/v2\/product_brand?post=222297"},{"taxonomy":"product_cat","embeddable":true,"href":"https:\/\/www.claret.cat\/es\/wp-json\/wp\/v2\/product_cat?post=222297"},{"taxonomy":"product_tag","embeddable":true,"href":"https:\/\/www.claret.cat\/es\/wp-json\/wp\/v2\/product_tag?post=222297"}],"curies":[{"name":"wp","href":"https:\/\/api.w.org\/{rel}","templated":true}]}}