{"id":222336,"date":"2022-10-20T16:19:12","date_gmt":"2022-10-20T14:19:12","guid":{"rendered":"http:\/\/dev.claret.cat\/producte\/activate-propuestas-ingeniosas-que-te-haran-sentir-bien\/"},"modified":"2023-01-28T21:34:03","modified_gmt":"2023-01-28T20:34:03","slug":"activate-propuestas-ingeniosas-que-te-haran-sentir-bien-9788403515642","status":"publish","type":"product","link":"https:\/\/www.claret.cat\/es\/libro\/activate-propuestas-ingeniosas-que-te-haran-sentir-bien-9788403515642\/","title":{"rendered":"\u00a1ACT\u00cdVATE! PROPUESTAS INGENIOSAS QUE TE HAR\u00c1N SENTIR BIEN"},"content":{"rendered":"<p>Es importante vivir m\u00e1s, pero \u00a1vivir mejor es lo fundamental! Este es el objetivo de \u00a1Act\u00edvate! Propuestas ingeniosas que te har\u00e1n sentir bien, una gu\u00eda sencilla y amena con m\u00faltiples propuestas  para el d\u00eda a d\u00eda que te ayudar\u00e1n a lograr una vida m\u00e1s plena. En \u00a1Act\u00edvate! Propuestas ingeniosas que te har\u00e1n sentir bien encontrar\u00e1s:- Actividades para las cuatro estaciones del a\u00f1o.<br \/>&#8211; Juegos que mantendr\u00e1n tu mente activa.<br \/>&#8211; Manualidades para decorar tu hogar.<br \/>&#8211; Sugerencias para mantener una vida sana.<br \/>&#8211; Una selecci\u00f3n de ejercicios sencillos para que te pongas en forma.Y adem\u00e1s:<br \/>&#8211; Recetas saludables para cada temporada.<br \/>&#8211; Consejos de jardiner\u00eda.<br \/>&#8211; Y p\u00edldoras informativas que te ayudar\u00e1n a resolver dudas y  reforzar conocimientos. En definitiva, un recorrido placentero de recomendaciones que te proporcionar\u00e1n, de forma clara y concisa, la esencia del bienestar  y el equilibrio.<\/p>\n","protected":false},"excerpt":{"rendered":"<p>CUADERNOS RUBIO<\/p>\n","protected":false},"featured_media":273946,"template":"","meta":{"_acf_changed":false,"om_disable_all_campaigns":false,"rs_blank_template":"","rs_page_bg_color":"","slide_template_v7":"","inline_featured_image":false,"_monsterinsights_skip_tracking":false,"_monsterinsights_sitenote_active":false,"_monsterinsights_sitenote_note":"","_monsterinsights_sitenote_category":0},"product_brand":[],"product_cat":[90,540],"product_tag":[],"class_list":{"0":"post-222336","1":"product","2":"type-product","3":"status-publish","4":"has-post-thumbnail","6":"product_cat-altres","7":"product_cat-otros","9":"first","10":"instock","11":"taxable","12":"shipping-taxable","13":"purchasable","14":"product-type-simple"},"acf":{"autor":"CUADERNOS RUBIO","codart":"840351564","libros-coleccion":"OCIO Y TIEMPO LIBRE","ediciones":"1","encuadernacion":"Carton\u00e9","fecha_de_publicacion":"01\/11\/2016","novedad":"1","paginas":"169","subtitulo":"","orden":"0","portada":"0","idioma":"spa","autores-libros":[{"ID":153427,"post_author":"3","post_date":"2022-10-14 14:56:41","post_date_gmt":"2022-10-14 12:56:41","post_content":"","post_title":"CUADERNOS RUBIO","post_excerpt":"","post_status":"publish","comment_status":"closed","ping_status":"closed","post_password":"","post_name":"cuadernos-rubio","to_ping":"","pinged":"","post_modified":"2022-10-14 14:56:41","post_modified_gmt":"2022-10-14 12:56:41","post_content_filtered":"","post_parent":0,"guid":"http:\/\/dev.claret.cat\/autor\/cuadernos-rubio\/","menu_order":0,"post_type":"autor","post_mime_type":"","comment_count":"0","filter":"raw"}],"editorial":[{"ID":261770,"post_author":"3","post_date":"2022-10-24 11:15:37","post_date_gmt":"2022-10-24 09:15:37","post_content":"","post_title":"AGUILAR OCIO","post_excerpt":"","post_status":"publish","comment_status":"closed","ping_status":"closed","post_password":"","post_name":"aguilar-ocio","to_ping":"","pinged":"","post_modified":"2022-10-24 11:15:37","post_modified_gmt":"2022-10-24 09:15:37","post_content_filtered":"","post_parent":0,"guid":"http:\/\/dev.claret.cat\/editorial\/aguilar-ocio\/","menu_order":0,"post_type":"editorial","post_mime_type":"","comment_count":"0","filter":"raw"}]},"aioseo_notices":[],"_links":{"self":[{"href":"https:\/\/www.claret.cat\/es\/wp-json\/wp\/v2\/product\/222336","targetHints":{"allow":["GET"]}}],"collection":[{"href":"https:\/\/www.claret.cat\/es\/wp-json\/wp\/v2\/product"}],"about":[{"href":"https:\/\/www.claret.cat\/es\/wp-json\/wp\/v2\/types\/product"}],"wp:featuredmedia":[{"embeddable":true,"href":"https:\/\/www.claret.cat\/es\/wp-json\/wp\/v2\/media\/273946"}],"wp:attachment":[{"href":"https:\/\/www.claret.cat\/es\/wp-json\/wp\/v2\/media?parent=222336"}],"wp:term":[{"taxonomy":"product_brand","embeddable":true,"href":"https:\/\/www.claret.cat\/es\/wp-json\/wp\/v2\/product_brand?post=222336"},{"taxonomy":"product_cat","embeddable":true,"href":"https:\/\/www.claret.cat\/es\/wp-json\/wp\/v2\/product_cat?post=222336"},{"taxonomy":"product_tag","embeddable":true,"href":"https:\/\/www.claret.cat\/es\/wp-json\/wp\/v2\/product_tag?post=222336"}],"curies":[{"name":"wp","href":"https:\/\/api.w.org\/{rel}","templated":true}]}}