{"id":222561,"date":"2022-10-20T16:24:04","date_gmt":"2022-10-20T14:24:04","guid":{"rendered":"http:\/\/dev.claret.cat\/producte\/cuentos-por-telefono-a-jugar-con-el-baston\/"},"modified":"2023-01-28T04:46:41","modified_gmt":"2023-01-28T03:46:41","slug":"cuentos-por-telefono-a-jugar-con-el-baston-9788416648740","status":"publish","type":"product","link":"https:\/\/www.claret.cat\/es\/libro\/cuentos-por-telefono-a-jugar-con-el-baston-9788416648740\/","title":{"rendered":"CUENTOS POR TEL\u00c9FONO &#8211; A JUGAR CON EL BAST\u00d3N"},"content":{"rendered":"<p>Un d\u00eda, el peque\u00f1o Claudio est\u00e1 jugando delante de su casa y pasa un viejecito, caminando despacio con la ayuda de un bast\u00f3n. Justo cuando pasa frente a \u00e9l, el bast\u00f3n  se le cae. Parece un simple bast\u00f3n de madera, pero Claudio pronto descubrir\u00e1 que no es tan normal como parece&#8230;<\/p>\n","protected":false},"excerpt":{"rendered":"<p>RODARI, GIANNI \/ CANTONE, ANNA LAURA<\/p>\n","protected":false},"featured_media":222562,"template":"","meta":{"_acf_changed":false,"om_disable_all_campaigns":false,"rs_blank_template":"","rs_page_bg_color":"","slide_template_v7":"","inline_featured_image":false,"_monsterinsights_skip_tracking":false,"_monsterinsights_sitenote_active":false,"_monsterinsights_sitenote_note":"","_monsterinsights_sitenote_category":0},"product_brand":[],"product_cat":[86],"product_tag":[],"class_list":{"0":"post-222561","1":"product","2":"type-product","3":"status-publish","4":"has-post-thumbnail","6":"product_cat-infantil","8":"first","9":"instock","10":"taxable","11":"shipping-taxable","12":"purchasable","13":"product-type-simple"},"acf":{"autor":"RODARI, GIANNI \/ CANTONE, ANNA LAURA","codart":"841664874","libros-coleccion":"PICARONA","ediciones":"1","encuadernacion":"Carton\u00e9","fecha_de_publicacion":"01\/11\/2016","novedad":"1","paginas":"12","subtitulo":"","orden":"0","portada":"0","idioma":"spa","editorial":[{"ID":6329,"post_author":"3","post_date":"2022-07-28 17:49:51","post_date_gmt":"2022-07-28 15:49:51","post_content":"","post_title":"PICARONA","post_excerpt":"","post_status":"publish","comment_status":"closed","ping_status":"closed","post_password":"","post_name":"picarona","to_ping":"","pinged":"","post_modified":"2022-07-28 17:49:51","post_modified_gmt":"2022-07-28 15:49:51","post_content_filtered":"","post_parent":0,"guid":"http:\/\/dev.claret.cat\/editorial\/picarona\/","menu_order":0,"post_type":"editorial","post_mime_type":"","comment_count":"0","filter":"raw"}],"autores-libros":[{"ID":156866,"post_author":"3","post_date":"2022-10-14 15:24:14","post_date_gmt":"2022-10-14 13:24:14","post_content":"","post_title":"GIANNI RODARI","post_excerpt":"","post_status":"publish","comment_status":"closed","ping_status":"closed","post_password":"","post_name":"gianni-rodari","to_ping":"","pinged":"","post_modified":"2022-10-14 15:24:14","post_modified_gmt":"2022-10-14 13:24:14","post_content_filtered":"","post_parent":0,"guid":"http:\/\/dev.claret.cat\/autor\/gianni-rodari\/","menu_order":0,"post_type":"autor","post_mime_type":"","comment_count":"0","filter":"raw"}]},"aioseo_notices":[],"_links":{"self":[{"href":"https:\/\/www.claret.cat\/es\/wp-json\/wp\/v2\/product\/222561","targetHints":{"allow":["GET"]}}],"collection":[{"href":"https:\/\/www.claret.cat\/es\/wp-json\/wp\/v2\/product"}],"about":[{"href":"https:\/\/www.claret.cat\/es\/wp-json\/wp\/v2\/types\/product"}],"wp:featuredmedia":[{"embeddable":true,"href":"https:\/\/www.claret.cat\/es\/wp-json\/wp\/v2\/media\/222562"}],"wp:attachment":[{"href":"https:\/\/www.claret.cat\/es\/wp-json\/wp\/v2\/media?parent=222561"}],"wp:term":[{"taxonomy":"product_brand","embeddable":true,"href":"https:\/\/www.claret.cat\/es\/wp-json\/wp\/v2\/product_brand?post=222561"},{"taxonomy":"product_cat","embeddable":true,"href":"https:\/\/www.claret.cat\/es\/wp-json\/wp\/v2\/product_cat?post=222561"},{"taxonomy":"product_tag","embeddable":true,"href":"https:\/\/www.claret.cat\/es\/wp-json\/wp\/v2\/product_tag?post=222561"}],"curies":[{"name":"wp","href":"https:\/\/api.w.org\/{rel}","templated":true}]}}