{"id":222564,"date":"2022-10-20T16:24:08","date_gmt":"2022-10-20T14:24:08","guid":{"rendered":"http:\/\/dev.claret.cat\/producte\/cuentos-por-telefono-los-monos-se-van-de-viaje-spa\/"},"modified":"2023-01-28T08:38:39","modified_gmt":"2023-01-28T07:38:39","slug":"cuentos-por-telefono-los-monos-se-van-de-viaje-spa-9788416648757","status":"publish","type":"product","link":"https:\/\/www.claret.cat\/es\/libro\/cuentos-por-telefono-los-monos-se-van-de-viaje-spa-9788416648757\/","title":{"rendered":"CUENTOS POR TEL\u00c9FONO &#8211; LOS MONOS SE VAN DE VIAJE (SPA)"},"content":{"rendered":"<p>Un d\u00eda, tres monos decidieron irse de viaje por el mundo. Despu\u00e9s de unas horas de camino, quisieron detenerse un rato para observar qu\u00e9 se ve\u00eda: la jaula del le\u00f3n, la piscina de la foca y la casa de la jirafa&#8230; Volvieron al camino y, cuando decidieron descansar de nuevo, el paisaje que se encontraron era exactamente el mismo. Y otra vez igual. \u00bfViajar es siempre tan aburrido?<\/p>\n","protected":false},"excerpt":{"rendered":"<p>RODARI, GIANNI \/ ZITO, FRANCESCO<\/p>\n","protected":false},"featured_media":310232,"template":"","meta":{"_acf_changed":false,"om_disable_all_campaigns":false,"rs_blank_template":"","rs_page_bg_color":"","slide_template_v7":"","inline_featured_image":false,"_monsterinsights_skip_tracking":false,"_monsterinsights_sitenote_active":false,"_monsterinsights_sitenote_note":"","_monsterinsights_sitenote_category":0},"product_brand":[],"product_cat":[86,352],"product_tag":[],"class_list":{"0":"post-222564","1":"product","2":"type-product","3":"status-publish","4":"has-post-thumbnail","6":"product_cat-infantil","7":"product_cat-infantil-3_infantil-juvenil-spa","9":"first","10":"instock","11":"taxable","12":"shipping-taxable","13":"purchasable","14":"product-type-simple"},"acf":{"autor":"RODARI, GIANNI \/ ZITO, FRANCESCO","codart":"841664875","libros-coleccion":"PICARONA","ediciones":"1","encuadernacion":"Carton\u00e9","fecha_de_publicacion":"01\/11\/2016","novedad":"1","paginas":"12","subtitulo":"","orden":"0","portada":"0","idioma":"spa","editorial":[{"ID":6329,"post_author":"3","post_date":"2022-07-28 17:49:51","post_date_gmt":"2022-07-28 15:49:51","post_content":"","post_title":"PICARONA","post_excerpt":"","post_status":"publish","comment_status":"closed","ping_status":"closed","post_password":"","post_name":"picarona","to_ping":"","pinged":"","post_modified":"2022-07-28 17:49:51","post_modified_gmt":"2022-07-28 15:49:51","post_content_filtered":"","post_parent":0,"guid":"http:\/\/dev.claret.cat\/editorial\/picarona\/","menu_order":0,"post_type":"editorial","post_mime_type":"","comment_count":"0","filter":"raw"}],"autores-libros":[{"ID":156866,"post_author":"3","post_date":"2022-10-14 15:24:14","post_date_gmt":"2022-10-14 13:24:14","post_content":"","post_title":"GIANNI RODARI","post_excerpt":"","post_status":"publish","comment_status":"closed","ping_status":"closed","post_password":"","post_name":"gianni-rodari","to_ping":"","pinged":"","post_modified":"2022-10-14 15:24:14","post_modified_gmt":"2022-10-14 13:24:14","post_content_filtered":"","post_parent":0,"guid":"http:\/\/dev.claret.cat\/autor\/gianni-rodari\/","menu_order":0,"post_type":"autor","post_mime_type":"","comment_count":"0","filter":"raw"},{"ID":303019,"post_author":"3","post_date":"2022-12-16 03:59:11","post_date_gmt":"2022-12-16 02:59:11","post_content":"","post_title":"FRANCESCO ZITO","post_excerpt":"","post_status":"publish","comment_status":"closed","ping_status":"closed","post_password":"","post_name":"francesco-zito","to_ping":"","pinged":"","post_modified":"2022-12-16 03:59:11","post_modified_gmt":"2022-12-16 02:59:11","post_content_filtered":"","post_parent":0,"guid":"http:\/\/dev.claret.cat\/autor\/francesco-zito\/","menu_order":0,"post_type":"autor","post_mime_type":"","comment_count":"0","filter":"raw"}]},"aioseo_notices":[],"_links":{"self":[{"href":"https:\/\/www.claret.cat\/es\/wp-json\/wp\/v2\/product\/222564","targetHints":{"allow":["GET"]}}],"collection":[{"href":"https:\/\/www.claret.cat\/es\/wp-json\/wp\/v2\/product"}],"about":[{"href":"https:\/\/www.claret.cat\/es\/wp-json\/wp\/v2\/types\/product"}],"wp:featuredmedia":[{"embeddable":true,"href":"https:\/\/www.claret.cat\/es\/wp-json\/wp\/v2\/media\/310232"}],"wp:attachment":[{"href":"https:\/\/www.claret.cat\/es\/wp-json\/wp\/v2\/media?parent=222564"}],"wp:term":[{"taxonomy":"product_brand","embeddable":true,"href":"https:\/\/www.claret.cat\/es\/wp-json\/wp\/v2\/product_brand?post=222564"},{"taxonomy":"product_cat","embeddable":true,"href":"https:\/\/www.claret.cat\/es\/wp-json\/wp\/v2\/product_cat?post=222564"},{"taxonomy":"product_tag","embeddable":true,"href":"https:\/\/www.claret.cat\/es\/wp-json\/wp\/v2\/product_tag?post=222564"}],"curies":[{"name":"wp","href":"https:\/\/api.w.org\/{rel}","templated":true}]}}