{"id":222567,"date":"2022-10-20T16:24:08","date_gmt":"2022-10-20T14:24:08","guid":{"rendered":"http:\/\/dev.claret.cat\/producte\/contes-per-telefon-el-viatge-dels-micos\/"},"modified":"2023-01-28T23:39:58","modified_gmt":"2023-01-28T22:39:58","slug":"contes-per-telefon-el-viatge-dels-micos-9788416648764","status":"publish","type":"product","link":"https:\/\/www.claret.cat\/es\/libro\/contes-per-telefon-el-viatge-dels-micos-9788416648764\/","title":{"rendered":"CONTES PER TEL\u00c8FON &#8211; EL VIATGE DELS MICOS"},"content":{"rendered":"<p>Un dia tres micos van decidir anar-se&#8217;n de viatge pel m\u00f3n. Despr\u00e9s d&#8217;hores de cam\u00ed van voler aturar-se una estona per poder observar qu\u00e8 es veia: la g\u00e0bia del lle\u00f3, la piscina de les foques i la casa de la girafa&#8230; Van tornar al cam\u00ed i, quan decidiren descansar de nou, el paisatge amb el qual es van trobar era exactament el mateix. I una altra vegada igual. Viatjar \u00e9s sempre aix\u00ed d&#8217;avorrit?<\/p>\n","protected":false},"excerpt":{"rendered":"<p>RODARI, GIANNI \/ ZITO, FRANCESCO<\/p>\n","protected":false},"featured_media":222568,"template":"","meta":{"_acf_changed":false,"om_disable_all_campaigns":false,"rs_blank_template":"","rs_page_bg_color":"","slide_template_v7":"","inline_featured_image":false,"_monsterinsights_skip_tracking":false,"_monsterinsights_sitenote_active":false,"_monsterinsights_sitenote_note":"","_monsterinsights_sitenote_category":0},"product_brand":[],"product_cat":[86],"product_tag":[],"class_list":{"0":"post-222567","1":"product","2":"type-product","3":"status-publish","4":"has-post-thumbnail","6":"product_cat-infantil","8":"first","9":"instock","10":"taxable","11":"shipping-taxable","12":"purchasable","13":"product-type-simple"},"acf":{"autor":"RODARI, GIANNI \/ ZITO, FRANCESCO","codart":"841664876","libros-coleccion":"PICARONA","ediciones":"1","encuadernacion":"Carton\u00e9","fecha_de_publicacion":"01\/11\/2016","novedad":"1","paginas":"12","subtitulo":"","orden":"0","portada":"0","idioma":"cat","editorial":[{"ID":6329,"post_author":"3","post_date":"2022-07-28 17:49:51","post_date_gmt":"2022-07-28 15:49:51","post_content":"","post_title":"PICARONA","post_excerpt":"","post_status":"publish","comment_status":"closed","ping_status":"closed","post_password":"","post_name":"picarona","to_ping":"","pinged":"","post_modified":"2022-07-28 17:49:51","post_modified_gmt":"2022-07-28 15:49:51","post_content_filtered":"","post_parent":0,"guid":"http:\/\/dev.claret.cat\/editorial\/picarona\/","menu_order":0,"post_type":"editorial","post_mime_type":"","comment_count":"0","filter":"raw"}],"autores-libros":[{"ID":156866,"post_author":"3","post_date":"2022-10-14 15:24:14","post_date_gmt":"2022-10-14 13:24:14","post_content":"","post_title":"GIANNI RODARI","post_excerpt":"","post_status":"publish","comment_status":"closed","ping_status":"closed","post_password":"","post_name":"gianni-rodari","to_ping":"","pinged":"","post_modified":"2022-10-14 15:24:14","post_modified_gmt":"2022-10-14 13:24:14","post_content_filtered":"","post_parent":0,"guid":"http:\/\/dev.claret.cat\/autor\/gianni-rodari\/","menu_order":0,"post_type":"autor","post_mime_type":"","comment_count":"0","filter":"raw"}]},"aioseo_notices":[],"_links":{"self":[{"href":"https:\/\/www.claret.cat\/es\/wp-json\/wp\/v2\/product\/222567","targetHints":{"allow":["GET"]}}],"collection":[{"href":"https:\/\/www.claret.cat\/es\/wp-json\/wp\/v2\/product"}],"about":[{"href":"https:\/\/www.claret.cat\/es\/wp-json\/wp\/v2\/types\/product"}],"wp:featuredmedia":[{"embeddable":true,"href":"https:\/\/www.claret.cat\/es\/wp-json\/wp\/v2\/media\/222568"}],"wp:attachment":[{"href":"https:\/\/www.claret.cat\/es\/wp-json\/wp\/v2\/media?parent=222567"}],"wp:term":[{"taxonomy":"product_brand","embeddable":true,"href":"https:\/\/www.claret.cat\/es\/wp-json\/wp\/v2\/product_brand?post=222567"},{"taxonomy":"product_cat","embeddable":true,"href":"https:\/\/www.claret.cat\/es\/wp-json\/wp\/v2\/product_cat?post=222567"},{"taxonomy":"product_tag","embeddable":true,"href":"https:\/\/www.claret.cat\/es\/wp-json\/wp\/v2\/product_tag?post=222567"}],"curies":[{"name":"wp","href":"https:\/\/api.w.org\/{rel}","templated":true}]}}