{"id":222648,"date":"2022-10-20T16:25:57","date_gmt":"2022-10-20T14:25:57","guid":{"rendered":"http:\/\/dev.claret.cat\/producte\/insolitos-dinosaurios\/"},"modified":"2023-01-28T15:37:08","modified_gmt":"2023-01-28T14:37:08","slug":"insolitos-dinosaurios-9788466236041","status":"publish","type":"product","link":"https:\/\/www.claret.cat\/es\/libro\/insolitos-dinosaurios-9788466236041\/","title":{"rendered":"INS\u00d3LITOS DINOSAURIOS"},"content":{"rendered":"<p>Conocer la \u00e9poca en que vivieron los dinosaurios y su mundo nunca fue tan entretenido. Atr\u00e9vete a descubrir sus caracter\u00edsticas y los datos m\u00e1s sorprendentes de los animales m\u00e1s extraordinarios que poblaron la Tierra, desde las peculiaridades del Tiranosaurio Rex hasta las dimensiones del largo cuello del Diplodocus, entre otros muchos m\u00e1s.<\/p>\n","protected":false},"excerpt":{"rendered":"<p>EQUIPO EDITORIAL<\/p>\n","protected":false},"featured_media":222649,"template":"","meta":{"_acf_changed":false,"om_disable_all_campaigns":false,"rs_blank_template":"","rs_page_bg_color":"","slide_template_v7":"","inline_featured_image":false,"_monsterinsights_skip_tracking":false,"_monsterinsights_sitenote_active":false,"_monsterinsights_sitenote_note":"","_monsterinsights_sitenote_category":0},"product_brand":[],"product_cat":[16],"product_tag":[],"class_list":{"0":"post-222648","1":"product","2":"type-product","3":"status-publish","4":"has-post-thumbnail","6":"product_cat-sense-categoria","8":"first","9":"instock","10":"taxable","11":"shipping-taxable","12":"purchasable","13":"product-type-simple"},"acf":{"autor":"EQUIPO EDITORIAL","codart":"846623604","libros-coleccion":"SUSHI BOOKS","ediciones":"1","encuadernacion":"Carton\u00e9","fecha_de_publicacion":"01\/11\/2016","novedad":"1","paginas":"47","subtitulo":"","orden":"0","portada":"0","idioma":"spa","editorial":[{"ID":148442,"post_author":"3","post_date":"2022-10-14 11:58:16","post_date_gmt":"2022-10-14 09:58:16","post_content":"","post_title":"Libsa","post_excerpt":"","post_status":"publish","comment_status":"closed","ping_status":"closed","post_password":"","post_name":"libsa","to_ping":"","pinged":"","post_modified":"2022-10-14 11:58:16","post_modified_gmt":"2022-10-14 09:58:16","post_content_filtered":"","post_parent":0,"guid":"http:\/\/dev.claret.cat\/editorial\/libsa\/","menu_order":0,"post_type":"editorial","post_mime_type":"","comment_count":"0","filter":"raw"}],"autores-libros":[{"ID":155225,"post_author":"3","post_date":"2022-10-14 15:11:09","post_date_gmt":"2022-10-14 13:11:09","post_content":"","post_title":"EQUIPO EDITORIAL","post_excerpt":"","post_status":"publish","comment_status":"closed","ping_status":"closed","post_password":"","post_name":"equipo-editorial","to_ping":"","pinged":"","post_modified":"2022-10-14 15:11:09","post_modified_gmt":"2022-10-14 13:11:09","post_content_filtered":"","post_parent":0,"guid":"http:\/\/dev.claret.cat\/autor\/equipo-editorial\/","menu_order":0,"post_type":"autor","post_mime_type":"","comment_count":"0","filter":"raw"}]},"aioseo_notices":[],"_links":{"self":[{"href":"https:\/\/www.claret.cat\/es\/wp-json\/wp\/v2\/product\/222648","targetHints":{"allow":["GET"]}}],"collection":[{"href":"https:\/\/www.claret.cat\/es\/wp-json\/wp\/v2\/product"}],"about":[{"href":"https:\/\/www.claret.cat\/es\/wp-json\/wp\/v2\/types\/product"}],"wp:featuredmedia":[{"embeddable":true,"href":"https:\/\/www.claret.cat\/es\/wp-json\/wp\/v2\/media\/222649"}],"wp:attachment":[{"href":"https:\/\/www.claret.cat\/es\/wp-json\/wp\/v2\/media?parent=222648"}],"wp:term":[{"taxonomy":"product_brand","embeddable":true,"href":"https:\/\/www.claret.cat\/es\/wp-json\/wp\/v2\/product_brand?post=222648"},{"taxonomy":"product_cat","embeddable":true,"href":"https:\/\/www.claret.cat\/es\/wp-json\/wp\/v2\/product_cat?post=222648"},{"taxonomy":"product_tag","embeddable":true,"href":"https:\/\/www.claret.cat\/es\/wp-json\/wp\/v2\/product_tag?post=222648"}],"curies":[{"name":"wp","href":"https:\/\/api.w.org\/{rel}","templated":true}]}}