{"id":222672,"date":"2022-10-20T16:26:27","date_gmt":"2022-10-20T14:26:27","guid":{"rendered":"http:\/\/dev.claret.cat\/producte\/pensar-el-islam\/"},"modified":"2023-01-28T01:56:45","modified_gmt":"2023-01-28T00:56:45","slug":"pensar-el-islam-9788449332685","status":"publish","type":"product","link":"https:\/\/www.claret.cat\/es\/libro\/pensar-el-islam-9788449332685\/","title":{"rendered":"PENSAR EL ISLAM"},"content":{"rendered":"<p>\u00abEn Pensar el islam me propongo reactivar el pensamiento ilustrado. No pensar el Islam a favor o en contra, no es esa mi intenci\u00f3n, sino pensarlo como fil\u00f3sofo. Leo el Cor\u00e1n, examino los hadices y consulto biograf\u00edas del Profeta para mostrar que en ese corpus hay materia para lo peor y para lo mejor.\u00bb<\/p>\n","protected":false},"excerpt":{"rendered":"<p>ONFRAY, MICHEL<\/p>\n","protected":false},"featured_media":222673,"template":"","meta":{"_acf_changed":false,"om_disable_all_campaigns":false,"rs_blank_template":"","rs_page_bg_color":"","slide_template_v7":"","inline_featured_image":false,"_monsterinsights_skip_tracking":false,"_monsterinsights_sitenote_active":false,"_monsterinsights_sitenote_note":"","_monsterinsights_sitenote_category":0},"product_brand":[],"product_cat":[16],"product_tag":[],"class_list":{"0":"post-222672","1":"product","2":"type-product","3":"status-publish","4":"has-post-thumbnail","6":"product_cat-sense-categoria","8":"first","9":"instock","10":"taxable","11":"shipping-taxable","12":"purchasable","13":"product-type-simple"},"acf":{"autor":"ONFRAY, MICHEL","codart":"844933268","libros-coleccion":"Contextos","ediciones":"1","encuadernacion":"R\u00fastica","fecha_de_publicacion":"01\/11\/2016","novedad":"1","paginas":"126","subtitulo":"","orden":"0","portada":"0","idioma":"spa","editorial":[{"ID":6206,"post_author":"3","post_date":"2022-07-28 17:47:08","post_date_gmt":"2022-07-28 15:47:08","post_content":"","post_title":"Ediciones Paid\u00f3s","post_excerpt":"","post_status":"publish","comment_status":"closed","ping_status":"closed","post_password":"","post_name":"ediciones-paidos","to_ping":"","pinged":"","post_modified":"2022-07-28 17:47:08","post_modified_gmt":"2022-07-28 15:47:08","post_content_filtered":"","post_parent":0,"guid":"http:\/\/dev.claret.cat\/editorial\/ediciones-paidos\/","menu_order":0,"post_type":"editorial","post_mime_type":"","comment_count":"0","filter":"raw"}],"autores-libros":[{"ID":5846,"post_author":"3","post_date":"2022-07-28 17:32:44","post_date_gmt":"2022-07-28 15:32:44","post_content":"","post_title":"MICHEL ONFRAY","post_excerpt":"","post_status":"publish","comment_status":"closed","ping_status":"closed","post_password":"","post_name":"michel-onfray","to_ping":"","pinged":"","post_modified":"2022-07-28 17:32:44","post_modified_gmt":"2022-07-28 15:32:44","post_content_filtered":"","post_parent":0,"guid":"http:\/\/dev.claret.cat\/autor\/michel-onfray\/","menu_order":0,"post_type":"autor","post_mime_type":"","comment_count":"0","filter":"raw"}]},"aioseo_notices":[],"_links":{"self":[{"href":"https:\/\/www.claret.cat\/es\/wp-json\/wp\/v2\/product\/222672","targetHints":{"allow":["GET"]}}],"collection":[{"href":"https:\/\/www.claret.cat\/es\/wp-json\/wp\/v2\/product"}],"about":[{"href":"https:\/\/www.claret.cat\/es\/wp-json\/wp\/v2\/types\/product"}],"wp:featuredmedia":[{"embeddable":true,"href":"https:\/\/www.claret.cat\/es\/wp-json\/wp\/v2\/media\/222673"}],"wp:attachment":[{"href":"https:\/\/www.claret.cat\/es\/wp-json\/wp\/v2\/media?parent=222672"}],"wp:term":[{"taxonomy":"product_brand","embeddable":true,"href":"https:\/\/www.claret.cat\/es\/wp-json\/wp\/v2\/product_brand?post=222672"},{"taxonomy":"product_cat","embeddable":true,"href":"https:\/\/www.claret.cat\/es\/wp-json\/wp\/v2\/product_cat?post=222672"},{"taxonomy":"product_tag","embeddable":true,"href":"https:\/\/www.claret.cat\/es\/wp-json\/wp\/v2\/product_tag?post=222672"}],"curies":[{"name":"wp","href":"https:\/\/api.w.org\/{rel}","templated":true}]}}