{"id":222708,"date":"2022-10-20T16:27:12","date_gmt":"2022-10-20T14:27:12","guid":{"rendered":"http:\/\/dev.claret.cat\/producte\/tirant-lo-blanc-5\/"},"modified":"2023-05-15T13:18:15","modified_gmt":"2023-05-15T11:18:15","slug":"tirant-lo-blanc-9788415975960","status":"publish","type":"product","link":"https:\/\/www.claret.cat\/es\/libro\/tirant-lo-blanc-9788415975960\/","title":{"rendered":"TIRANT LO BLANC"},"content":{"rendered":"<p>Aquesta \u00e9s la hist\u00f2ria de Tirant lo Blanc, el millor cavaller del m\u00f3n, el m\u00e9s valer\u00f3s, savi i amable. No hi ha contesa ni conflicte dels quals no surti victori\u00f3s. L&#8217;\u00fanica cosa que no podr\u00e0 v\u00e8ncer ser\u00e0 el dest\u00ed, que li impedir\u00e0 viure al costat de Carmesina.<\/p>\n","protected":false},"excerpt":{"rendered":"<p>MARTORELL, JOANOT<\/p>\n","protected":false},"featured_media":316820,"template":"","meta":{"_acf_changed":false,"om_disable_all_campaigns":false,"rs_blank_template":"","rs_page_bg_color":"","slide_template_v7":"","inline_featured_image":false,"_monsterinsights_skip_tracking":false,"_monsterinsights_sitenote_active":false,"_monsterinsights_sitenote_note":"","_monsterinsights_sitenote_category":0},"product_brand":[],"product_cat":[86,352],"product_tag":[],"class_list":{"0":"post-222708","1":"product","2":"type-product","3":"status-publish","4":"has-post-thumbnail","6":"product_cat-infantil","7":"product_cat-infantil-3_infantil-juvenil-spa","9":"first","10":"instock","11":"taxable","12":"shipping-taxable","13":"purchasable","14":"product-type-simple"},"acf":{"autor":"MARTORELL, JOANOT","codart":"841597596","libros-coleccion":"El Lle\u00f3","ediciones":"1","encuadernacion":"R\u00fastica","fecha_de_publicacion":"01\/11\/2016","novedad":"1","paginas":"24","subtitulo":"","orden":"0","portada":"0","idioma":"cat","editorial":[{"ID":6123,"post_author":"3","post_date":"2022-07-28 17:45:23","post_date_gmt":"2022-07-28 15:45:23","post_content":"","post_title":"ANIMALLIBRES","post_excerpt":"","post_status":"publish","comment_status":"closed","ping_status":"closed","post_password":"","post_name":"animallibres","to_ping":"","pinged":"","post_modified":"2022-07-28 17:45:23","post_modified_gmt":"2022-07-28 15:45:23","post_content_filtered":"","post_parent":0,"guid":"http:\/\/dev.claret.cat\/editorial\/animallibres\/","menu_order":0,"post_type":"editorial","post_mime_type":"","comment_count":"0","filter":"raw"}],"autores-libros":[{"ID":159487,"post_author":"3","post_date":"2022-10-14 15:45:14","post_date_gmt":"2022-10-14 13:45:14","post_content":"","post_title":"JOANOT MARTORELL","post_excerpt":"","post_status":"publish","comment_status":"closed","ping_status":"closed","post_password":"","post_name":"joanot-martorell","to_ping":"","pinged":"","post_modified":"2022-10-14 15:45:14","post_modified_gmt":"2022-10-14 13:45:14","post_content_filtered":"","post_parent":0,"guid":"http:\/\/dev.claret.cat\/autor\/joanot-martorell\/","menu_order":0,"post_type":"autor","post_mime_type":"","comment_count":"0","filter":"raw"}]},"aioseo_notices":[],"_links":{"self":[{"href":"https:\/\/www.claret.cat\/es\/wp-json\/wp\/v2\/product\/222708","targetHints":{"allow":["GET"]}}],"collection":[{"href":"https:\/\/www.claret.cat\/es\/wp-json\/wp\/v2\/product"}],"about":[{"href":"https:\/\/www.claret.cat\/es\/wp-json\/wp\/v2\/types\/product"}],"wp:featuredmedia":[{"embeddable":true,"href":"https:\/\/www.claret.cat\/es\/wp-json\/wp\/v2\/media\/316820"}],"wp:attachment":[{"href":"https:\/\/www.claret.cat\/es\/wp-json\/wp\/v2\/media?parent=222708"}],"wp:term":[{"taxonomy":"product_brand","embeddable":true,"href":"https:\/\/www.claret.cat\/es\/wp-json\/wp\/v2\/product_brand?post=222708"},{"taxonomy":"product_cat","embeddable":true,"href":"https:\/\/www.claret.cat\/es\/wp-json\/wp\/v2\/product_cat?post=222708"},{"taxonomy":"product_tag","embeddable":true,"href":"https:\/\/www.claret.cat\/es\/wp-json\/wp\/v2\/product_tag?post=222708"}],"curies":[{"name":"wp","href":"https:\/\/api.w.org\/{rel}","templated":true}]}}