{"id":222792,"date":"2022-10-20T16:29:02","date_gmt":"2022-10-20T14:29:02","guid":{"rendered":"http:\/\/dev.claret.cat\/producte\/la-mujer-oculta-2\/"},"modified":"2023-01-28T06:56:57","modified_gmt":"2023-01-28T05:56:57","slug":"la-mujer-oculta-9788491390107","status":"publish","type":"product","link":"https:\/\/www.claret.cat\/es\/libro\/la-mujer-oculta-9788491390107\/","title":{"rendered":"LA MUJER OCULTA"},"content":{"rendered":"<p>El descubrimiento de un asesinato en una obra abandonada conduce a Will Trent y al Georgia Bureau of Investigation a un caso que se convierte en mucho m\u00e1s peligroso cuando el cad\u00e1ver es identificado como el de un ex polic\u00eda.Tras hacer la autopsia, Sara Linto la nueva forense del GBI y amante de Will descubre que la ingente cantidad de sangre encontrada no pertenece a la v\u00edctima. Con seguridad, un rastro de sangre que sale fuera de la escena del crimen indica que hay otra v\u00edctima, una mujer que ha desaparecido? y que si no la encuentran pronto, morir\u00e1. La escena del crimen pertenece al habitante m\u00e1s famoso de la ciudad: un rico, poderoso, bien conectado atleta protegido por los abogados m\u00e1s caros de Estados Unidos, un hombre que ya se hab\u00eda librado de un caso de violaci\u00f3n pese a los esfuerzos de Will por encarcelarle. Pero lo peor est\u00e1 a\u00fan por venir. Las pruebas pronto vinculan el pasado turbulento de Will con el caso y las consecuencias caer\u00e1n sobre su vida con la fuerza de un tornado causando estragos en Will y en todos aquellos que est\u00e1n a su alrededor, incluyendo a sus colegas, familiares, amigos e incluso a los sospechosos que persigue. Un suspense implacable y con un ritmo fren\u00e9tico, habitado por personajes en conflicto que cobran vida m\u00e1s all\u00e1 de las p\u00e1ginas. La mujer oculta es una aguda novela de amor, p\u00e9rdida y redenci\u00f3n.<\/p>\n","protected":false},"excerpt":{"rendered":"<p>SLAUGHTER, KARIN<\/p>\n","protected":false},"featured_media":222793,"template":"","meta":{"_acf_changed":false,"om_disable_all_campaigns":false,"rs_blank_template":"","rs_page_bg_color":"","slide_template_v7":"","inline_featured_image":false,"_monsterinsights_skip_tracking":false,"_monsterinsights_sitenote_active":false,"_monsterinsights_sitenote_note":"","_monsterinsights_sitenote_category":0},"product_brand":[],"product_cat":[87],"product_tag":[],"class_list":{"0":"post-222792","1":"product","2":"type-product","3":"status-publish","4":"has-post-thumbnail","6":"product_cat-literatura","8":"first","9":"instock","10":"taxable","11":"shipping-taxable","12":"purchasable","13":"product-type-simple"},"acf":{"autor":"SLAUGHTER, KARIN","codart":"849139010","libros-coleccion":"HARPERCOLLINS","ediciones":"1","encuadernacion":"R\u00fastica","fecha_de_publicacion":"01\/11\/2016","novedad":"1","paginas":"526","subtitulo":"","orden":"0","portada":"0","idioma":"spa","editorial":[{"ID":148249,"post_author":"3","post_date":"2022-10-14 11:56:47","post_date_gmt":"2022-10-14 09:56:47","post_content":"","post_title":"HarperCollins","post_excerpt":"","post_status":"publish","comment_status":"closed","ping_status":"closed","post_password":"","post_name":"harpercollins","to_ping":"","pinged":"","post_modified":"2022-10-14 11:56:47","post_modified_gmt":"2022-10-14 09:56:47","post_content_filtered":"","post_parent":0,"guid":"http:\/\/dev.claret.cat\/editorial\/harpercollins\/","menu_order":0,"post_type":"editorial","post_mime_type":"","comment_count":"0","filter":"raw"}],"autores-libros":[{"ID":161430,"post_author":"3","post_date":"2022-10-14 17:18:09","post_date_gmt":"2022-10-14 15:18:09","post_content":"","post_title":"KARIN SLAUGHTER","post_excerpt":"","post_status":"publish","comment_status":"closed","ping_status":"closed","post_password":"","post_name":"karin-slaughter","to_ping":"","pinged":"","post_modified":"2022-10-14 17:18:09","post_modified_gmt":"2022-10-14 15:18:09","post_content_filtered":"","post_parent":0,"guid":"http:\/\/dev.claret.cat\/autor\/karin-slaughter\/","menu_order":0,"post_type":"autor","post_mime_type":"","comment_count":"0","filter":"raw"}]},"aioseo_notices":[],"_links":{"self":[{"href":"https:\/\/www.claret.cat\/es\/wp-json\/wp\/v2\/product\/222792","targetHints":{"allow":["GET"]}}],"collection":[{"href":"https:\/\/www.claret.cat\/es\/wp-json\/wp\/v2\/product"}],"about":[{"href":"https:\/\/www.claret.cat\/es\/wp-json\/wp\/v2\/types\/product"}],"wp:featuredmedia":[{"embeddable":true,"href":"https:\/\/www.claret.cat\/es\/wp-json\/wp\/v2\/media\/222793"}],"wp:attachment":[{"href":"https:\/\/www.claret.cat\/es\/wp-json\/wp\/v2\/media?parent=222792"}],"wp:term":[{"taxonomy":"product_brand","embeddable":true,"href":"https:\/\/www.claret.cat\/es\/wp-json\/wp\/v2\/product_brand?post=222792"},{"taxonomy":"product_cat","embeddable":true,"href":"https:\/\/www.claret.cat\/es\/wp-json\/wp\/v2\/product_cat?post=222792"},{"taxonomy":"product_tag","embeddable":true,"href":"https:\/\/www.claret.cat\/es\/wp-json\/wp\/v2\/product_tag?post=222792"}],"curies":[{"name":"wp","href":"https:\/\/api.w.org\/{rel}","templated":true}]}}