{"id":222810,"date":"2022-10-20T16:29:25","date_gmt":"2022-10-20T14:29:25","guid":{"rendered":"http:\/\/dev.claret.cat\/producte\/el-retorn-dels-bassat\/"},"modified":"2023-01-28T14:03:35","modified_gmt":"2023-01-28T13:03:35","slug":"el-retorn-dels-bassat-9788482648064","status":"publish","type":"product","link":"https:\/\/www.claret.cat\/es\/libro\/el-retorn-dels-bassat-9788482648064\/","title":{"rendered":"EL RETORN DELS BASSAT"},"content":{"rendered":"<p>En la vida de Llu\u00eds Bassat, un dels publicistes m\u00e9s prestigiosos del m\u00f3n, conflueixen dues fam\u00edlies errants<br \/> i molts viatges a trav\u00e9s dels segles. Els Bassat, sefardites, despr\u00e9s d&#8217;haver de marxar d&#8217;Espanya al segle XIV,<br \/> recorren durant el XIX i el XX Bulg\u00e0ria, Turquia, \u00c0ustria, Alemanya i Fran\u00e7a, abans de tornar a Espanya. Els Coen,<br \/> jueus romaniotes establerts a l&#8217;illa grega de Corf\u00fa, tamb\u00e9 han d&#8217;emigrar durant el XIX i el XX a It\u00e0lia i Fran\u00e7a, abans<br \/> que un dels seus membres arribi a Barcelona l&#8217;any 1905. Vicen\u00e7 Villatoro, de la m\u00e0 de Llu\u00eds Bassat, indaga en aquest<br \/> periple e xtraordinari del retorn a Sefarad, i ens transporta a un m\u00f3n ja desaparegut, trenat per tots els confins de<br \/> la Mediterr\u00e0nia. Cosint narraci\u00f3, testimoni i reflexi\u00f3 liter\u00e0ria, El retorn dels Bassat \u00e9s tamb\u00e9 un fil que ressegueix<br \/> l&#8217;esplendor i la trag\u00e8dia dels jueus del vell continent. I, al capdavall, la hist\u00f2ria de la mateixa Europa.<\/p>\n","protected":false},"excerpt":{"rendered":"<p>VILLATORO LAMOLLA, VICEN\u00c7<\/p>\n","protected":false},"featured_media":222811,"template":"","meta":{"_acf_changed":false,"om_disable_all_campaigns":false,"rs_blank_template":"","rs_page_bg_color":"","slide_template_v7":"","inline_featured_image":false,"_monsterinsights_skip_tracking":false,"_monsterinsights_sitenote_active":false,"_monsterinsights_sitenote_note":"","_monsterinsights_sitenote_category":0},"product_brand":[],"product_cat":[99,85],"product_tag":[],"class_list":{"0":"post-222810","1":"product","2":"type-product","3":"status-publish","4":"has-post-thumbnail","6":"product_cat-biografies","7":"product_cat-historia","9":"first","10":"instock","11":"taxable","12":"shipping-taxable","13":"purchasable","14":"product-type-simple"},"acf":{"autor":"VILLATORO LAMOLLA, VICEN\u00c7","codart":"848264806","libros-coleccion":"LES ALES ESTESES","ediciones":"1","encuadernacion":"Carton\u00e9","fecha_de_publicacion":"01\/11\/2016","novedad":"1","paginas":"581","subtitulo":"","orden":"0","portada":"0","idioma":"cat","editorial":[{"ID":148736,"post_author":"3","post_date":"2022-10-14 12:00:34","post_date_gmt":"2022-10-14 10:00:34","post_content":"","post_title":"RBA La Magrana","post_excerpt":"","post_status":"publish","comment_status":"closed","ping_status":"closed","post_password":"","post_name":"rba-la-magrana","to_ping":"","pinged":"","post_modified":"2022-10-14 12:00:34","post_modified_gmt":"2022-10-14 10:00:34","post_content_filtered":"","post_parent":0,"guid":"http:\/\/dev.claret.cat\/editorial\/rba-la-magrana\/","menu_order":0,"post_type":"editorial","post_mime_type":"","comment_count":"0","filter":"raw"}],"autores-libros":[{"ID":170924,"post_author":"3","post_date":"2022-10-14 22:39:16","post_date_gmt":"2022-10-14 20:39:16","post_content":"","post_title":"VICEN\u00c7 VILLATORO LAMOLLA","post_excerpt":"","post_status":"publish","comment_status":"closed","ping_status":"closed","post_password":"","post_name":"vicenc-villatoro-lamolla","to_ping":"","pinged":"","post_modified":"2022-10-14 22:39:16","post_modified_gmt":"2022-10-14 20:39:16","post_content_filtered":"","post_parent":0,"guid":"http:\/\/dev.claret.cat\/autor\/vicenc-villatoro-lamolla\/","menu_order":0,"post_type":"autor","post_mime_type":"","comment_count":"0","filter":"raw"}]},"aioseo_notices":[],"_links":{"self":[{"href":"https:\/\/www.claret.cat\/es\/wp-json\/wp\/v2\/product\/222810","targetHints":{"allow":["GET"]}}],"collection":[{"href":"https:\/\/www.claret.cat\/es\/wp-json\/wp\/v2\/product"}],"about":[{"href":"https:\/\/www.claret.cat\/es\/wp-json\/wp\/v2\/types\/product"}],"wp:featuredmedia":[{"embeddable":true,"href":"https:\/\/www.claret.cat\/es\/wp-json\/wp\/v2\/media\/222811"}],"wp:attachment":[{"href":"https:\/\/www.claret.cat\/es\/wp-json\/wp\/v2\/media?parent=222810"}],"wp:term":[{"taxonomy":"product_brand","embeddable":true,"href":"https:\/\/www.claret.cat\/es\/wp-json\/wp\/v2\/product_brand?post=222810"},{"taxonomy":"product_cat","embeddable":true,"href":"https:\/\/www.claret.cat\/es\/wp-json\/wp\/v2\/product_cat?post=222810"},{"taxonomy":"product_tag","embeddable":true,"href":"https:\/\/www.claret.cat\/es\/wp-json\/wp\/v2\/product_tag?post=222810"}],"curies":[{"name":"wp","href":"https:\/\/api.w.org\/{rel}","templated":true}]}}