{"id":222828,"date":"2022-10-20T16:29:49","date_gmt":"2022-10-20T14:29:49","guid":{"rendered":"http:\/\/dev.claret.cat\/producte\/theblogfrom-barcelona\/"},"modified":"2023-01-28T01:32:58","modified_gmt":"2023-01-28T00:32:58","slug":"theblogfrom-barcelona-9788484787471","status":"publish","type":"product","link":"https:\/\/www.claret.cat\/es\/libro\/theblogfrom-barcelona-9788484787471\/","title":{"rendered":"@THEBLOGFROM BARCELONA"},"content":{"rendered":"<p>L&#8221;il\u00b7lustrador Luis Silva i Triangle Books us ofereixen un quadern de viatges pr\u00e0ctic i alhora preci\u00f3s que us ajudar\u00e0 a con\u00e8ixer i gaudir la ciutat amb rutes i mapes de Barcelona per marcar el vostre itinerari i p\u00e0gines per prendre notes o escriure les vostres idees i reflexions. Tot aix\u00f2 acompanyat de fotografies especials i belles il\u00b7lustracions a l&#8221;aquarel\u00b7la. Un regal intel\u00b7ligent per a persones especials com vosaltres.<\/p>\n","protected":false},"excerpt":{"rendered":"<p>SILVA DE VILLENA, LU\u00cdS ENRIQUE<\/p>\n","protected":false},"featured_media":222829,"template":"","meta":{"_acf_changed":false,"om_disable_all_campaigns":false,"rs_blank_template":"","rs_page_bg_color":"","slide_template_v7":"","inline_featured_image":false,"_monsterinsights_skip_tracking":false,"_monsterinsights_sitenote_active":false,"_monsterinsights_sitenote_note":"","_monsterinsights_sitenote_category":0},"product_brand":[],"product_cat":[107],"product_tag":[],"class_list":{"0":"post-222828","1":"product","2":"type-product","3":"status-publish","4":"has-post-thumbnail","6":"product_cat-guies-de-viatge","8":"first","9":"instock","10":"taxable","11":"shipping-taxable","12":"purchasable","13":"product-type-simple"},"acf":{"autor":"SILVA DE VILLENA, LU\u00cdS ENRIQUE","codart":"848478747","libros-coleccion":"SUSHI BOOKS","ediciones":"1","encuadernacion":"Carton\u00e9","fecha_de_publicacion":"01\/11\/2016","novedad":"1","paginas":"198","subtitulo":"GU\u00cdA ILUSTRADA Y BLOC DE NOTAS","orden":"0","portada":"0","idioma":"spa","editorial":[{"ID":148898,"post_author":"3","post_date":"2022-10-14 12:01:51","post_date_gmt":"2022-10-14 10:01:51","post_content":"","post_title":"TRIANGLE POSTALS","post_excerpt":"","post_status":"publish","comment_status":"closed","ping_status":"closed","post_password":"","post_name":"triangle-postals","to_ping":"","pinged":"","post_modified":"2022-10-14 12:01:51","post_modified_gmt":"2022-10-14 10:01:51","post_content_filtered":"","post_parent":0,"guid":"http:\/\/dev.claret.cat\/editorial\/triangle-postals\/","menu_order":0,"post_type":"editorial","post_mime_type":"","comment_count":"0","filter":"raw"}]},"aioseo_notices":[],"_links":{"self":[{"href":"https:\/\/www.claret.cat\/es\/wp-json\/wp\/v2\/product\/222828","targetHints":{"allow":["GET"]}}],"collection":[{"href":"https:\/\/www.claret.cat\/es\/wp-json\/wp\/v2\/product"}],"about":[{"href":"https:\/\/www.claret.cat\/es\/wp-json\/wp\/v2\/types\/product"}],"wp:featuredmedia":[{"embeddable":true,"href":"https:\/\/www.claret.cat\/es\/wp-json\/wp\/v2\/media\/222829"}],"wp:attachment":[{"href":"https:\/\/www.claret.cat\/es\/wp-json\/wp\/v2\/media?parent=222828"}],"wp:term":[{"taxonomy":"product_brand","embeddable":true,"href":"https:\/\/www.claret.cat\/es\/wp-json\/wp\/v2\/product_brand?post=222828"},{"taxonomy":"product_cat","embeddable":true,"href":"https:\/\/www.claret.cat\/es\/wp-json\/wp\/v2\/product_cat?post=222828"},{"taxonomy":"product_tag","embeddable":true,"href":"https:\/\/www.claret.cat\/es\/wp-json\/wp\/v2\/product_tag?post=222828"}],"curies":[{"name":"wp","href":"https:\/\/api.w.org\/{rel}","templated":true}]}}