{"id":222924,"date":"2022-10-20T16:32:03","date_gmt":"2022-10-20T14:32:03","guid":{"rendered":"http:\/\/dev.claret.cat\/producte\/romanc-devast-e-blanquerna\/"},"modified":"2023-01-28T19:40:32","modified_gmt":"2023-01-28T18:40:32","slug":"romanc-devast-e-blanquerna-9788472268067","status":"publish","type":"product","link":"https:\/\/www.claret.cat\/es\/libro\/romanc-devast-e-blanquerna-9788472268067\/","title":{"rendered":"ROMAN\u00c7 D&#8217;EVAST E BLANQUERNA"},"content":{"rendered":"<p>Ramon Lllull, amb el seu Roman\u00e7 d&#8217;Evast e Blanquerna, va dur a terme la novel.la m\u00e9s ambiciosa que mai s&#8217;hagu\u00e9s escrit fins aleshores. Ho era pel seu plantejament argumental i ho va ser per la reva realitzaci\u00f3 narrativa. El que volia fer era una novel.la total: una ficci\u00f3 que don\u00e9s ra\u00f3 d&#8217;all\u00f2 que \u00e9s primordial en la vida individual i col.lectiva, amb la voluntat de construir una obra que pogu\u00e9s interessar a tota mena de p\u00fablics<\/p>\n","protected":false},"excerpt":{"rendered":"<p>LLULL, RAMON<\/p>\n","protected":false},"featured_media":318901,"template":"","meta":{"_acf_changed":false,"om_disable_all_campaigns":false,"rs_blank_template":"","rs_page_bg_color":"","slide_template_v7":"","inline_featured_image":false,"_monsterinsights_skip_tracking":false,"_monsterinsights_sitenote_active":false,"_monsterinsights_sitenote_note":"","_monsterinsights_sitenote_category":0},"product_brand":[],"product_cat":[83,349],"product_tag":[],"class_list":{"0":"post-222924","1":"product","2":"type-product","3":"status-publish","4":"has-post-thumbnail","6":"product_cat-filosofia","7":"product_cat-filosofia-2_humanidades","9":"first","10":"instock","11":"taxable","12":"shipping-taxable","13":"purchasable","14":"product-type-simple"},"acf":{"autor":"LLULL, RAMON","codart":"847226806","libros-coleccion":"","ediciones":"1","encuadernacion":"Carpeta","fecha_de_publicacion":"01\/11\/2016","novedad":"1","paginas":"625","subtitulo":"","orden":"0","portada":"0","idioma":"cat","editorial":[{"ID":147527,"post_author":"3","post_date":"2022-10-14 11:51:15","post_date_gmt":"2022-10-14 09:51:15","post_content":"","post_title":"BARCINO","post_excerpt":"","post_status":"publish","comment_status":"closed","ping_status":"closed","post_password":"","post_name":"barcino","to_ping":"","pinged":"","post_modified":"2022-10-14 11:51:15","post_modified_gmt":"2022-10-14 09:51:15","post_content_filtered":"","post_parent":0,"guid":"http:\/\/dev.claret.cat\/editorial\/barcino\/","menu_order":0,"post_type":"editorial","post_mime_type":"","comment_count":"0","filter":"raw"}],"autores-libros":[{"ID":5966,"post_author":"3","post_date":"2022-07-28 17:35:19","post_date_gmt":"2022-07-28 15:35:19","post_content":"","post_title":"RAMON LLULL","post_excerpt":"","post_status":"publish","comment_status":"closed","ping_status":"closed","post_password":"","post_name":"ramon-llull","to_ping":"","pinged":"","post_modified":"2022-07-28 17:35:19","post_modified_gmt":"2022-07-28 15:35:19","post_content_filtered":"","post_parent":0,"guid":"http:\/\/dev.claret.cat\/autor\/ramon-llull\/","menu_order":0,"post_type":"autor","post_mime_type":"","comment_count":"0","filter":"raw"}]},"aioseo_notices":[],"_links":{"self":[{"href":"https:\/\/www.claret.cat\/es\/wp-json\/wp\/v2\/product\/222924","targetHints":{"allow":["GET"]}}],"collection":[{"href":"https:\/\/www.claret.cat\/es\/wp-json\/wp\/v2\/product"}],"about":[{"href":"https:\/\/www.claret.cat\/es\/wp-json\/wp\/v2\/types\/product"}],"wp:featuredmedia":[{"embeddable":true,"href":"https:\/\/www.claret.cat\/es\/wp-json\/wp\/v2\/media\/318901"}],"wp:attachment":[{"href":"https:\/\/www.claret.cat\/es\/wp-json\/wp\/v2\/media?parent=222924"}],"wp:term":[{"taxonomy":"product_brand","embeddable":true,"href":"https:\/\/www.claret.cat\/es\/wp-json\/wp\/v2\/product_brand?post=222924"},{"taxonomy":"product_cat","embeddable":true,"href":"https:\/\/www.claret.cat\/es\/wp-json\/wp\/v2\/product_cat?post=222924"},{"taxonomy":"product_tag","embeddable":true,"href":"https:\/\/www.claret.cat\/es\/wp-json\/wp\/v2\/product_tag?post=222924"}],"curies":[{"name":"wp","href":"https:\/\/api.w.org\/{rel}","templated":true}]}}