{"id":222945,"date":"2022-10-20T16:32:33","date_gmt":"2022-10-20T14:32:33","guid":{"rendered":"http:\/\/dev.claret.cat\/producte\/nunca-vuelvas-atras\/"},"modified":"2025-02-04T18:17:13","modified_gmt":"2025-02-04T17:17:13","slug":"nunca-vuelvas-atras-9788490565094","status":"publish","type":"product","link":"https:\/\/www.claret.cat\/es\/libro\/nunca-vuelvas-atras-9788490565094\/","title":{"rendered":"NUNCA VUELVAS ATR\u00c1S"},"content":{"rendered":"<p>Despu\u00e9s de un largo viaje, Jack Reacher llega a Virginia. Su destino: el cuartel general de su antigua<br \/> unidad militar, lo m\u00e1s parecido a un hogar que ha tenido en su vida. Su objetivo: hablar con la comandante Susan Turner,<br \/> oficial al mando. Parece una tarea f\u00e1cil pero no lo va a ser. Ni mucho menos. La comandante Turner ha sido arrestada<br \/> con unos cargos de lo m\u00e1s ins\u00f3litos. Y eso no es lo peor, porque Reacher tambi\u00e9n va a ser acusado de algo mucho m\u00e1s<br \/> grave.<\/p>\n","protected":false},"excerpt":{"rendered":"<p>CHILD , LEE<\/p>\n","protected":false},"featured_media":222946,"template":"","meta":{"_acf_changed":false,"om_disable_all_campaigns":false,"rs_blank_template":"","rs_page_bg_color":"","slide_template_v7":"","inline_featured_image":false,"_monsterinsights_skip_tracking":false,"_monsterinsights_sitenote_active":false,"_monsterinsights_sitenote_note":"","_monsterinsights_sitenote_category":0},"product_brand":[],"product_cat":[87,353],"product_tag":[],"class_list":{"0":"post-222945","1":"product","2":"type-product","3":"status-publish","4":"has-post-thumbnail","6":"product_cat-literatura","7":"product_cat-literatura-2_humanidades","9":"first","10":"instock","11":"taxable","12":"shipping-taxable","13":"purchasable","14":"product-type-simple"},"acf":{"autor":"CHILD , LEE","codart":"849056509","libros-coleccion":"","ediciones":"1","encuadernacion":"Carton\u00e9","fecha_de_publicacion":"01\/11\/2016","novedad":"0","paginas":"471","subtitulo":"","orden":"999","portada":"0","idioma":"spa","editorial":[{"ID":148737,"post_author":"3","post_date":"2022-10-14 12:00:35","post_date_gmt":"2022-10-14 10:00:35","post_content":"","post_title":"RBA Libros","post_excerpt":"","post_status":"publish","comment_status":"closed","ping_status":"closed","post_password":"","post_name":"rba-libros","to_ping":"","pinged":"","post_modified":"2022-10-14 12:00:35","post_modified_gmt":"2022-10-14 10:00:35","post_content_filtered":"","post_parent":0,"guid":"http:\/\/dev.claret.cat\/editorial\/rba-libros\/","menu_order":0,"post_type":"editorial","post_mime_type":"","comment_count":"0","filter":"raw"}],"autores-libros":[{"ID":162076,"post_author":"3","post_date":"2022-10-14 17:28:10","post_date_gmt":"2022-10-14 15:28:10","post_content":"","post_title":"LEE CHILD","post_excerpt":"","post_status":"publish","comment_status":"closed","ping_status":"closed","post_password":"","post_name":"lee-child","to_ping":"","pinged":"","post_modified":"2022-10-14 17:28:10","post_modified_gmt":"2022-10-14 15:28:10","post_content_filtered":"","post_parent":0,"guid":"http:\/\/dev.claret.cat\/autor\/lee-child\/","menu_order":0,"post_type":"autor","post_mime_type":"","comment_count":"0","filter":"raw"}]},"aioseo_notices":[],"_links":{"self":[{"href":"https:\/\/www.claret.cat\/es\/wp-json\/wp\/v2\/product\/222945","targetHints":{"allow":["GET"]}}],"collection":[{"href":"https:\/\/www.claret.cat\/es\/wp-json\/wp\/v2\/product"}],"about":[{"href":"https:\/\/www.claret.cat\/es\/wp-json\/wp\/v2\/types\/product"}],"wp:featuredmedia":[{"embeddable":true,"href":"https:\/\/www.claret.cat\/es\/wp-json\/wp\/v2\/media\/222946"}],"wp:attachment":[{"href":"https:\/\/www.claret.cat\/es\/wp-json\/wp\/v2\/media?parent=222945"}],"wp:term":[{"taxonomy":"product_brand","embeddable":true,"href":"https:\/\/www.claret.cat\/es\/wp-json\/wp\/v2\/product_brand?post=222945"},{"taxonomy":"product_cat","embeddable":true,"href":"https:\/\/www.claret.cat\/es\/wp-json\/wp\/v2\/product_cat?post=222945"},{"taxonomy":"product_tag","embeddable":true,"href":"https:\/\/www.claret.cat\/es\/wp-json\/wp\/v2\/product_tag?post=222945"}],"curies":[{"name":"wp","href":"https:\/\/api.w.org\/{rel}","templated":true}]}}