{"id":222972,"date":"2022-10-20T16:33:10","date_gmt":"2022-10-20T14:33:10","guid":{"rendered":"http:\/\/dev.claret.cat\/producte\/la-hermana-tormenta-las-siete-hermanas-2-2\/"},"modified":"2023-01-28T00:14:28","modified_gmt":"2023-01-27T23:14:28","slug":"la-hermana-tormenta-las-siete-hermanas-2-9788401017902","status":"publish","type":"product","link":"https:\/\/www.claret.cat\/es\/libro\/la-hermana-tormenta-las-siete-hermanas-2-9788401017902\/","title":{"rendered":"LA HERMANA TORMENTA (LAS SIETE HERMANAS 2)"},"content":{"rendered":"<p>La hermana tormenta es el segundo volumen de \u00abLas siete  hermanas\u00bb, una emocionante saga basada en la mitolog\u00eda griega y en la astrolog\u00eda, por la autora superventas Lucinda Riley.Siete hermanas, siete destinos, un padre con un pasado misterioso&#8230;Ally D&#8221;Apli\u00e8se est\u00e1 a punto de competir en una de las m\u00e1s peligrosas  regatas de yates del mundo cuando recibe la noticia de que su padre  acaba de fallecer. Al reunirse en la mansi\u00f3n familiar en Suiza con sus  cinco hermanas descubren que su padre, un misterioso multimillonario  conocido cari\u00f1osamente como Pa Salt, ha dejado a cada una de ellas una carta con informaci\u00f3n sobre sus or\u00edgenes.Tras leerla Ally decide dejar a un lado tanto el mar como la apasionada  relaci\u00f3n que acababa de comenzar para seguir una pista que la lleva  hasta la nevada Noruega. All\u00ed descubrir\u00e1 sus ra\u00edces y c\u00f3mo su historia  est\u00e1 unida a la de la joven Anna Landvik, una cantante desconocida que  vivi\u00f3 en el pa\u00eds escandinavo cien a\u00f1os antes y que cant\u00f3 en la primera representaci\u00f3n de Peer Gynt de  Ibsen con m\u00fasica de Grieg.La cr\u00edtica ha dicho&#8230;<br \/>\u00abLa segunda entrega de la emocionante serie de Lucinda Riley nos  entusiasma. El talento de la autora para mezclar la actualidad con  el  pasado (aqu\u00ed salta desde el presente hasta el siglo XIX en Noruega)  gustar\u00e1 a las lectoras en busca de ficci\u00f3n hist\u00f3rica. Adem\u00e1s, las fans de Kristin Hannah, por ejemplo, apreciar\u00e1n ante todo la historia de amor, de dolor, pero tambi\u00e9n de profundos lazos familiares.\u00bb<br \/>Booklist\u00abLa segunda entrega de la serie sobre siete hermanas adoptadas y  educadas en una mansi\u00f3n a orillas de un lago suizo. El misterioso padre  y benefactor, Pa Salt, muere de forma repentina y les deja pistas sobre  sus or\u00edgenes. Una novela que no podr\u00e1s dejar, con mucho amor y drama.\u00bb<br \/>The Daily Mail<\/p>\n","protected":false},"excerpt":{"rendered":"<p>RILEY, LUCINDA<\/p>\n","protected":false},"featured_media":222973,"template":"","meta":{"_acf_changed":false,"om_disable_all_campaigns":false,"rs_blank_template":"","rs_page_bg_color":"","slide_template_v7":"","inline_featured_image":false,"_monsterinsights_skip_tracking":false,"_monsterinsights_sitenote_active":false,"_monsterinsights_sitenote_note":"","_monsterinsights_sitenote_category":0},"product_brand":[],"product_cat":[80],"product_tag":[],"class_list":{"0":"post-222972","1":"product","2":"type-product","3":"status-publish","4":"has-post-thumbnail","6":"product_cat-liturgia","8":"first","9":"instock","10":"taxable","11":"shipping-taxable","12":"purchasable","13":"product-type-simple"},"acf":{"autor":"RILEY, LUCINDA","codart":"840101790","libros-coleccion":"","ediciones":"1","encuadernacion":"Carton\u00e9","fecha_de_publicacion":"01\/11\/2016","novedad":"0","paginas":"573","subtitulo":"LA HISTORIA DE ALLY","orden":"999","portada":"0","idioma":"spa","editorial":[{"ID":148683,"post_author":"3","post_date":"2022-10-14 12:00:10","post_date_gmt":"2022-10-14 10:00:10","post_content":"","post_title":"PLAZA & JANES","post_excerpt":"","post_status":"publish","comment_status":"closed","ping_status":"closed","post_password":"","post_name":"plaza-janes","to_ping":"","pinged":"","post_modified":"2022-10-14 12:00:10","post_modified_gmt":"2022-10-14 10:00:10","post_content_filtered":"","post_parent":0,"guid":"http:\/\/dev.claret.cat\/editorial\/plaza-janes\/","menu_order":0,"post_type":"editorial","post_mime_type":"","comment_count":"0","filter":"raw"}],"autores-libros":[{"ID":5748,"post_author":"3","post_date":"2022-07-28 17:30:38","post_date_gmt":"2022-07-28 15:30:38","post_content":"","post_title":"LUCINDA RILEY","post_excerpt":"","post_status":"publish","comment_status":"closed","ping_status":"closed","post_password":"","post_name":"lucinda-riley","to_ping":"","pinged":"","post_modified":"2022-07-28 17:30:38","post_modified_gmt":"2022-07-28 15:30:38","post_content_filtered":"","post_parent":0,"guid":"http:\/\/dev.claret.cat\/autor\/lucinda-riley\/","menu_order":0,"post_type":"autor","post_mime_type":"","comment_count":"0","filter":"raw"}]},"aioseo_notices":[],"_links":{"self":[{"href":"https:\/\/www.claret.cat\/es\/wp-json\/wp\/v2\/product\/222972","targetHints":{"allow":["GET"]}}],"collection":[{"href":"https:\/\/www.claret.cat\/es\/wp-json\/wp\/v2\/product"}],"about":[{"href":"https:\/\/www.claret.cat\/es\/wp-json\/wp\/v2\/types\/product"}],"wp:featuredmedia":[{"embeddable":true,"href":"https:\/\/www.claret.cat\/es\/wp-json\/wp\/v2\/media\/222973"}],"wp:attachment":[{"href":"https:\/\/www.claret.cat\/es\/wp-json\/wp\/v2\/media?parent=222972"}],"wp:term":[{"taxonomy":"product_brand","embeddable":true,"href":"https:\/\/www.claret.cat\/es\/wp-json\/wp\/v2\/product_brand?post=222972"},{"taxonomy":"product_cat","embeddable":true,"href":"https:\/\/www.claret.cat\/es\/wp-json\/wp\/v2\/product_cat?post=222972"},{"taxonomy":"product_tag","embeddable":true,"href":"https:\/\/www.claret.cat\/es\/wp-json\/wp\/v2\/product_tag?post=222972"}],"curies":[{"name":"wp","href":"https:\/\/api.w.org\/{rel}","templated":true}]}}