{"id":222975,"date":"2022-10-20T16:33:14","date_gmt":"2022-10-20T14:33:14","guid":{"rendered":"http:\/\/dev.claret.cat\/producte\/las-paginas-secretas-de-la-historia\/"},"modified":"2023-01-28T02:39:06","modified_gmt":"2023-01-28T01:39:06","slug":"las-paginas-secretas-de-la-historia-9788401017575","status":"publish","type":"product","link":"https:\/\/www.claret.cat\/es\/libro\/las-paginas-secretas-de-la-historia-9788401017575\/","title":{"rendered":"LAS P\u00c1GINAS SECRETAS DE LA HISTORIA"},"content":{"rendered":"<p>\u00bfEstuvo Agatha Christie enamorada de Alfonso XIII? \u00bfHizo el violinista  Paganini un pacto con el diablo? \u00bfQu\u00e9 gran misterio descubri\u00f3 Albert Einstein que todav\u00eda ignor\u00e1bamos?Las p\u00e1ginas secretas de la historia es un apasionante recorrido a trav\u00e9s de hechos hist\u00f3ricos ins\u00f3litos, misterios, datos incre\u00edbles e inquietantes enigmas. El historiador es un profeta del pasado. Jos\u00e9 Mar\u00eda Zavala vuelve a enfundarse su gabardina detectivesca y toma los mandos de su nave para  invitarnos a viajar con \u00e9l a trav\u00e9s de los t\u00faneles inexplorados de la  Historia. Descubriremos as\u00ed qui\u00e9n fue en realidad Sherlock Holmes, o si el pr\u00edncipe de las letras Victor Hugo hablaba o no con los muertos. Cada una de las 101 \u00abp\u00e1ginas secretas\u00bb que Zavala nos brinda en este libro constituye un pasaje de ida y vuelta a los tiempos del m\u00edtico g\u00e1nster Al Capone, del pirata Barbanegra, del primer y \u00fanico emperador  en la historia de Estados Unidos (Norton I), o de Lewis  Carroll, el autor de Alicia en el pa\u00eds de las maravillas, el matem\u00e1tico que  hac\u00eda so\u00f1ar despiertos a los ni\u00f1os. Hallaremos respuesta en estos relatos trepidantes a enigmas tan sorprendentes como estos: \u00bfQui\u00e9n fue la \u00faltima v\u00edctima de la  Inquisici\u00f3n? \u00bfPor qu\u00e9 el jefe apache Cochise cre\u00eda en los milagros? \u00bfQu\u00e9 escond\u00edan los cuatro ata\u00fades de los nazis? \u00bfC\u00f3mo muri\u00f3 Stalin? \u00bfQui\u00e9n fue el Quasimodo espa\u00f1ol? \u00bfQu\u00e9 revelaba el expediente secreto sobre la  muerte del Pr\u00edncipe de Asturias? \u00bfCu\u00e1l fue el incre\u00edble caso del carnero  embrujado? \u00bfPor qu\u00e9 Estados Unidos atac\u00f3&#8230; \u00a1Pearl Harbor!?, y muchos m\u00e1s. Cr\u00edticas:<br \/>\u00abZavala es un grand\u00edsimo investigador, tipo Tint\u00edn, capaz de viajar a  cualquier parte para hallar un archivo desconocido.\u00bb<br \/>Luis Alberto de Cuenca, Premio Nacional de Poes\u00eda \u00abZavala nos da un inolvidable paseo de la mano por la Historia.\u00bb<br \/>Julia Navarro<\/p>\n","protected":false},"excerpt":{"rendered":"<p>ZAVALA, JOSE MARIA<\/p>\n","protected":false},"featured_media":222976,"template":"","meta":{"_acf_changed":false,"om_disable_all_campaigns":false,"rs_blank_template":"","rs_page_bg_color":"","slide_template_v7":"","inline_featured_image":false,"_monsterinsights_skip_tracking":false,"_monsterinsights_sitenote_active":false,"_monsterinsights_sitenote_note":"","_monsterinsights_sitenote_category":0},"product_brand":[],"product_cat":[85],"product_tag":[],"class_list":{"0":"post-222975","1":"product","2":"type-product","3":"status-publish","4":"has-post-thumbnail","6":"product_cat-historia","8":"first","9":"instock","10":"taxable","11":"shipping-taxable","12":"purchasable","13":"product-type-simple"},"acf":{"autor":"ZAVALA, JOSE MARIA","codart":"840101757","libros-coleccion":"\u00c9XITOS","ediciones":"1","encuadernacion":"R\u00fastica","fecha_de_publicacion":"01\/11\/2016","novedad":"1","paginas":"480","subtitulo":"HECHOS INS\u00d3LITOS E INQUIETANTES ENIGMAS DE TODAS LAS \u00c9POCAS","orden":"0","portada":"0","idioma":"spa","editorial":[{"ID":148683,"post_author":"3","post_date":"2022-10-14 12:00:10","post_date_gmt":"2022-10-14 10:00:10","post_content":"","post_title":"PLAZA & JANES","post_excerpt":"","post_status":"publish","comment_status":"closed","ping_status":"closed","post_password":"","post_name":"plaza-janes","to_ping":"","pinged":"","post_modified":"2022-10-14 12:00:10","post_modified_gmt":"2022-10-14 10:00:10","post_content_filtered":"","post_parent":0,"guid":"http:\/\/dev.claret.cat\/editorial\/plaza-janes\/","menu_order":0,"post_type":"editorial","post_mime_type":"","comment_count":"0","filter":"raw"}],"autores-libros":[{"ID":5646,"post_author":"3","post_date":"2022-07-28 17:28:27","post_date_gmt":"2022-07-28 15:28:27","post_content":"","post_title":"JOS\u00c9 MAR\u00cdA ZAVALA","post_excerpt":"","post_status":"publish","comment_status":"closed","ping_status":"closed","post_password":"","post_name":"jose-maria-zavala","to_ping":"","pinged":"","post_modified":"2022-07-28 17:28:27","post_modified_gmt":"2022-07-28 15:28:27","post_content_filtered":"","post_parent":0,"guid":"http:\/\/dev.claret.cat\/autor\/jose-maria-zavala\/","menu_order":0,"post_type":"autor","post_mime_type":"","comment_count":"0","filter":"raw"}]},"aioseo_notices":[],"_links":{"self":[{"href":"https:\/\/www.claret.cat\/es\/wp-json\/wp\/v2\/product\/222975","targetHints":{"allow":["GET"]}}],"collection":[{"href":"https:\/\/www.claret.cat\/es\/wp-json\/wp\/v2\/product"}],"about":[{"href":"https:\/\/www.claret.cat\/es\/wp-json\/wp\/v2\/types\/product"}],"wp:featuredmedia":[{"embeddable":true,"href":"https:\/\/www.claret.cat\/es\/wp-json\/wp\/v2\/media\/222976"}],"wp:attachment":[{"href":"https:\/\/www.claret.cat\/es\/wp-json\/wp\/v2\/media?parent=222975"}],"wp:term":[{"taxonomy":"product_brand","embeddable":true,"href":"https:\/\/www.claret.cat\/es\/wp-json\/wp\/v2\/product_brand?post=222975"},{"taxonomy":"product_cat","embeddable":true,"href":"https:\/\/www.claret.cat\/es\/wp-json\/wp\/v2\/product_cat?post=222975"},{"taxonomy":"product_tag","embeddable":true,"href":"https:\/\/www.claret.cat\/es\/wp-json\/wp\/v2\/product_tag?post=222975"}],"curies":[{"name":"wp","href":"https:\/\/api.w.org\/{rel}","templated":true}]}}