{"id":223150,"date":"2022-10-20T16:37:04","date_gmt":"2022-10-20T14:37:04","guid":{"rendered":"http:\/\/dev.claret.cat\/producte\/cuaderno-botanico-flores-de-bach-2a-ed\/"},"modified":"2025-02-04T17:19:25","modified_gmt":"2025-02-04T16:19:25","slug":"cuaderno-botanico-flores-de-bach-2a-ed-9788491180579","status":"publish","type":"product","link":"https:\/\/www.claret.cat\/es\/libro\/cuaderno-botanico-flores-de-bach-2a-ed-9788491180579\/","title":{"rendered":"CUADERNO BOTANICO FLORES DE BACH 2\u00aa ED."},"content":{"rendered":"<p>Desde la prehistoria, el ser humano ha necesitado conocer su entorno para poder sobrevivir. Siempre<br \/> buscando nuevos alimentos o medicinas que permitieran una mejor adaptaci\u00f3n, el hombre desarroll\u00f3 una gran capacidad de<br \/> observaci\u00f3n para comparar las estructuras vegetales, minerales, animales y hongos con las estructuras anat\u00f3micas<br \/> humanas. La signatura es un signo, se\u00f1al o firma que manifiesta determinado vegetal (o ser vivo) que nos sirve para<br \/> conocer sus propiedades, que podr\u00edan aprovecharse para la curaci\u00f3n. Jordi Ca\u00f1ellas ofrece en esta obra un estudio<br \/> pionero, que nos permitir\u00e1 profundizar en el conocimiento de las esencias, reencontrarnos con el mensaje de la<br \/> naturaleza y cada esencia, y hallar nuevas flores que puedan ayudar a la evoluci\u00f3n humana y la curaci\u00f3n.<\/p>\n","protected":false},"excerpt":{"rendered":"<p>CANELLAS , JORDI<\/p>\n","protected":false},"featured_media":223151,"template":"","meta":{"_acf_changed":false,"om_disable_all_campaigns":false,"rs_blank_template":"","rs_page_bg_color":"","slide_template_v7":"","inline_featured_image":false,"_monsterinsights_skip_tracking":false,"_monsterinsights_sitenote_active":false,"_monsterinsights_sitenote_note":"","_monsterinsights_sitenote_category":0},"product_brand":[],"product_cat":[547,97],"product_tag":[],"class_list":{"0":"post-223150","1":"product","2":"type-product","3":"status-publish","4":"has-post-thumbnail","6":"product_cat-salud","7":"product_cat-salut","9":"first","10":"instock","11":"taxable","12":"shipping-taxable","13":"purchasable","14":"product-type-simple"},"acf":{"autor":"CANELLAS , JORDI","codart":"849118057","libros-coleccion":"INTEGRAL","ediciones":"1","encuadernacion":"R\u00fastica","fecha_de_publicacion":"01\/11\/2016","novedad":"1","paginas":"332","subtitulo":"","orden":"0","portada":"0","idioma":"spa","editorial":[{"ID":148735,"post_author":"3","post_date":"2022-10-14 12:00:34","post_date_gmt":"2022-10-14 10:00:34","post_content":"","post_title":"RBA Integral","post_excerpt":"","post_status":"publish","comment_status":"closed","ping_status":"closed","post_password":"","post_name":"rba-integral","to_ping":"","pinged":"","post_modified":"2022-10-14 12:00:34","post_modified_gmt":"2022-10-14 10:00:34","post_content_filtered":"","post_parent":0,"guid":"http:\/\/dev.claret.cat\/editorial\/rba-integral\/","menu_order":0,"post_type":"editorial","post_mime_type":"","comment_count":"0","filter":"raw"}],"autores-libros":[{"ID":424349,"post_author":"3","post_date":"2023-05-16 07:58:38","post_date_gmt":"2023-05-16 05:58:38","post_content":"","post_title":"JORDI CANELLAS","post_excerpt":"","post_status":"publish","comment_status":"closed","ping_status":"closed","post_password":"","post_name":"jordi-canellas","to_ping":"","pinged":"","post_modified":"2023-05-16 07:58:38","post_modified_gmt":"2023-05-16 05:58:38","post_content_filtered":"","post_parent":0,"guid":"https:\/\/www.claret.cat\/autor\/jordi-canellas\/","menu_order":0,"post_type":"autor","post_mime_type":"","comment_count":"0","filter":"raw"}]},"aioseo_notices":[],"_links":{"self":[{"href":"https:\/\/www.claret.cat\/es\/wp-json\/wp\/v2\/product\/223150","targetHints":{"allow":["GET"]}}],"collection":[{"href":"https:\/\/www.claret.cat\/es\/wp-json\/wp\/v2\/product"}],"about":[{"href":"https:\/\/www.claret.cat\/es\/wp-json\/wp\/v2\/types\/product"}],"wp:featuredmedia":[{"embeddable":true,"href":"https:\/\/www.claret.cat\/es\/wp-json\/wp\/v2\/media\/223151"}],"wp:attachment":[{"href":"https:\/\/www.claret.cat\/es\/wp-json\/wp\/v2\/media?parent=223150"}],"wp:term":[{"taxonomy":"product_brand","embeddable":true,"href":"https:\/\/www.claret.cat\/es\/wp-json\/wp\/v2\/product_brand?post=223150"},{"taxonomy":"product_cat","embeddable":true,"href":"https:\/\/www.claret.cat\/es\/wp-json\/wp\/v2\/product_cat?post=223150"},{"taxonomy":"product_tag","embeddable":true,"href":"https:\/\/www.claret.cat\/es\/wp-json\/wp\/v2\/product_tag?post=223150"}],"curies":[{"name":"wp","href":"https:\/\/api.w.org\/{rel}","templated":true}]}}