{"id":223222,"date":"2022-10-20T16:38:35","date_gmt":"2022-10-20T14:38:35","guid":{"rendered":"http:\/\/dev.claret.cat\/producte\/digues-on-es-gegant-la-casa\/"},"modified":"2026-02-18T16:36:50","modified_gmt":"2026-02-18T15:36:50","slug":"digues-on-es-gegant-la-casa-9788466141567","status":"publish","type":"product","link":"https:\/\/www.claret.cat\/es\/libro\/digues-on-es-gegant-la-casa-9788466141567\/","title":{"rendered":"DIGUES ON \u00c9S GEGANT. LA CASA"},"content":{"rendered":"<p>Un altre t\u00edtol de la s\u00e8rie Digues on \u00e9s Gegant, aquest cop per veure qu\u00e8 hi ha dins i al voltant d&#8217;una casa.<\/p>\n","protected":false},"excerpt":{"rendered":"<p>Un altre t\u00edtol de la s\u00e8rie Digues on \u00e9s Gegant, aquest cop per veure qu\u00e8 hi ha dins i al voltant d&#8217;una casa.<\/p>\n","protected":false},"featured_media":1084758,"template":"","meta":{"_acf_changed":false,"om_disable_all_campaigns":false,"rs_blank_template":"","rs_page_bg_color":"","slide_template_v7":"","inline_featured_image":false,"_monsterinsights_skip_tracking":false,"_monsterinsights_sitenote_active":false,"_monsterinsights_sitenote_note":"","_monsterinsights_sitenote_category":0},"product_brand":[],"product_cat":[86,352],"product_tag":[],"class_list":{"0":"post-223222","1":"product","2":"type-product","3":"status-publish","4":"has-post-thumbnail","6":"product_cat-infantil","7":"product_cat-infantil-3_infantil-juvenil-spa","9":"first","10":"instock","11":"taxable","12":"shipping-taxable","13":"purchasable","14":"product-type-simple"},"acf":{"autor":"LAVAL, THIERRY \/ COUVIN, YANN","codart":"846614156","libros-coleccion":"","ediciones":"1","encuadernacion":"Carton\u00e9","fecha_de_publicacion":"01\/11\/2016","novedad":"0","paginas":"12","subtitulo":"","orden":"999","portada":"0","idioma":"cat","autores-libros":[{"ID":170318,"post_author":"3","post_date":"2022-10-14 22:34:21","post_date_gmt":"2022-10-14 20:34:21","post_content":"","post_title":"THIERRY LAVAL","post_excerpt":"","post_status":"publish","comment_status":"closed","ping_status":"closed","post_password":"","post_name":"thierry-laval","to_ping":"","pinged":"","post_modified":"2022-10-14 22:34:21","post_modified_gmt":"2022-10-14 20:34:21","post_content_filtered":"","post_parent":0,"guid":"http:\/\/dev.claret.cat\/autor\/thierry-laval\/","menu_order":0,"post_type":"autor","post_mime_type":"","comment_count":"0","filter":"raw"},{"ID":171556,"post_author":"3","post_date":"2022-10-14 22:44:21","post_date_gmt":"2022-10-14 20:44:21","post_content":"","post_title":"YANN COUVIN","post_excerpt":"","post_status":"publish","comment_status":"closed","ping_status":"closed","post_password":"","post_name":"yann-couvin","to_ping":"","pinged":"","post_modified":"2022-10-14 22:44:21","post_modified_gmt":"2022-10-14 20:44:21","post_content_filtered":"","post_parent":0,"guid":"http:\/\/dev.claret.cat\/autor\/yann-couvin\/","menu_order":0,"post_type":"autor","post_mime_type":"","comment_count":"0","filter":"raw"}],"booktrailer":"","resenas":"","editorial":[{"ID":261923,"post_author":"3","post_date":"2022-10-24 11:17:38","post_date_gmt":"2022-10-24 09:17:38","post_content":"","post_title":"CRU\u00cfLLA","post_excerpt":"","post_status":"publish","comment_status":"closed","ping_status":"closed","post_password":"","post_name":"cruilla","to_ping":"","pinged":"","post_modified":"2022-10-24 11:17:38","post_modified_gmt":"2022-10-24 09:17:38","post_content_filtered":"","post_parent":0,"guid":"http:\/\/dev.claret.cat\/editorial\/cruilla\/","menu_order":0,"post_type":"editorial","post_mime_type":"","comment_count":"0","filter":"raw"}]},"aioseo_notices":[],"_links":{"self":[{"href":"https:\/\/www.claret.cat\/es\/wp-json\/wp\/v2\/product\/223222","targetHints":{"allow":["GET"]}}],"collection":[{"href":"https:\/\/www.claret.cat\/es\/wp-json\/wp\/v2\/product"}],"about":[{"href":"https:\/\/www.claret.cat\/es\/wp-json\/wp\/v2\/types\/product"}],"wp:featuredmedia":[{"embeddable":true,"href":"https:\/\/www.claret.cat\/es\/wp-json\/wp\/v2\/media\/1084758"}],"wp:attachment":[{"href":"https:\/\/www.claret.cat\/es\/wp-json\/wp\/v2\/media?parent=223222"}],"wp:term":[{"taxonomy":"product_brand","embeddable":true,"href":"https:\/\/www.claret.cat\/es\/wp-json\/wp\/v2\/product_brand?post=223222"},{"taxonomy":"product_cat","embeddable":true,"href":"https:\/\/www.claret.cat\/es\/wp-json\/wp\/v2\/product_cat?post=223222"},{"taxonomy":"product_tag","embeddable":true,"href":"https:\/\/www.claret.cat\/es\/wp-json\/wp\/v2\/product_tag?post=223222"}],"curies":[{"name":"wp","href":"https:\/\/api.w.org\/{rel}","templated":true}]}}