{"id":223255,"date":"2022-10-20T16:39:16","date_gmt":"2022-10-20T14:39:16","guid":{"rendered":"http:\/\/dev.claret.cat\/producte\/blade-runner\/"},"modified":"2023-01-28T00:18:44","modified_gmt":"2023-01-27T23:18:44","slug":"blade-runner-9788435021296","status":"publish","type":"product","link":"https:\/\/www.claret.cat\/es\/libro\/blade-runner-9788435021296\/","title":{"rendered":"BLADE RUNNER"},"content":{"rendered":"<p>Una de las mejores novelas de Philip K. Dick, y sin duda la m\u00e1s le\u00edda, esta obra es una alucinante pesadilla tecnol\u00f3gica, cuyo tema principal es el impreciso l\u00edmite entre lo natural y lo artificial. En un mundo devastado, lleno de restos tecnol\u00f3gicos y bloques de apartamento vac\u00edos, Rick Deckard es un cazador mercenario cuya tarea consiste en retirar de la circulaci\u00f3n a los androides rebeldes, profesi\u00f3n que es causa tambi\u00e9n de no pocos problemas con su esposa. Sin embargo, los nuevos Nexus-6 son androides con caracter\u00edsticas especiales, casi humanos, lo que dificulta notablemente su labor y puede llevarle a enfrentarse a problemas que es incapaz de imaginar siquiera.<\/p>\n<p> En esta espl\u00e9ndida novela se bas\u00f3 Ridley Scott para su pel\u00edcula Blade Runner, un hito en el g\u00e9nero de la ciencia ficci\u00f3n que recrea con l\u00f3gica implacable algunas de las caracter\u00edsticas del mundo de nuestros d\u00edas y plantea una serie de temas de plena actualidad.<\/p>\n<p> Se ha dicho que sin la versi\u00f3n cinematogr\u00e1fica de Blade Runner no existir\u00eda la trilog\u00eda Matrix tal como la conocemos, y sin duda la versi\u00f3n de Ridley Scott no existir\u00eda sin la novela original de Philip K. Dick, un cl\u00e1sico de la literatura que dio pie a un cl\u00e1sico del cine.<\/p>\n","protected":false},"excerpt":{"rendered":"<p>DICK, PHILIP K.<\/p>\n","protected":false},"featured_media":223256,"template":"","meta":{"_acf_changed":false,"om_disable_all_campaigns":false,"rs_blank_template":"","rs_page_bg_color":"","slide_template_v7":"","inline_featured_image":false,"_monsterinsights_skip_tracking":false,"_monsterinsights_sitenote_active":false,"_monsterinsights_sitenote_note":"","_monsterinsights_sitenote_category":0},"product_brand":[],"product_cat":[87],"product_tag":[],"class_list":{"0":"post-223255","1":"product","2":"type-product","3":"status-publish","4":"has-post-thumbnail","6":"product_cat-literatura","8":"first","9":"instock","10":"taxable","11":"shipping-taxable","12":"purchasable","13":"product-type-simple"},"acf":{"autor":"DICK, PHILIP K.","codart":"843502129","libros-coleccion":"FORA DE COL.LECCI\u00d3","ediciones":"1","encuadernacion":"Carton\u00e9","fecha_de_publicacion":"01\/11\/2016","novedad":"1","paginas":"262","subtitulo":"\u00bfSUE\u00d1AN LOS ANDROIDES CON OVEJAS EL\u00c9CTRICAS?","orden":"0","portada":"0","idioma":"spa","editorial":[{"ID":147907,"post_author":"3","post_date":"2022-10-14 11:54:08","post_date_gmt":"2022-10-14 09:54:08","post_content":"","post_title":"Editora y Distribuidora Hispano American","post_excerpt":"","post_status":"publish","comment_status":"closed","ping_status":"closed","post_password":"","post_name":"editora-y-distribuidora-hispano-american","to_ping":"","pinged":"","post_modified":"2022-10-14 11:54:08","post_modified_gmt":"2022-10-14 09:54:08","post_content_filtered":"","post_parent":0,"guid":"http:\/\/dev.claret.cat\/editorial\/editora-y-distribuidora-hispano-american\/","menu_order":0,"post_type":"editorial","post_mime_type":"","comment_count":"0","filter":"raw"}],"autores-libros":[{"ID":167168,"post_author":"3","post_date":"2022-10-14 18:09:04","post_date_gmt":"2022-10-14 16:09:04","post_content":"","post_title":"PHILIP K. DICK","post_excerpt":"","post_status":"publish","comment_status":"closed","ping_status":"closed","post_password":"","post_name":"philip-k-dick","to_ping":"","pinged":"","post_modified":"2022-10-14 18:09:04","post_modified_gmt":"2022-10-14 16:09:04","post_content_filtered":"","post_parent":0,"guid":"http:\/\/dev.claret.cat\/autor\/philip-k-dick\/","menu_order":0,"post_type":"autor","post_mime_type":"","comment_count":"0","filter":"raw"}]},"aioseo_notices":[],"_links":{"self":[{"href":"https:\/\/www.claret.cat\/es\/wp-json\/wp\/v2\/product\/223255","targetHints":{"allow":["GET"]}}],"collection":[{"href":"https:\/\/www.claret.cat\/es\/wp-json\/wp\/v2\/product"}],"about":[{"href":"https:\/\/www.claret.cat\/es\/wp-json\/wp\/v2\/types\/product"}],"wp:featuredmedia":[{"embeddable":true,"href":"https:\/\/www.claret.cat\/es\/wp-json\/wp\/v2\/media\/223256"}],"wp:attachment":[{"href":"https:\/\/www.claret.cat\/es\/wp-json\/wp\/v2\/media?parent=223255"}],"wp:term":[{"taxonomy":"product_brand","embeddable":true,"href":"https:\/\/www.claret.cat\/es\/wp-json\/wp\/v2\/product_brand?post=223255"},{"taxonomy":"product_cat","embeddable":true,"href":"https:\/\/www.claret.cat\/es\/wp-json\/wp\/v2\/product_cat?post=223255"},{"taxonomy":"product_tag","embeddable":true,"href":"https:\/\/www.claret.cat\/es\/wp-json\/wp\/v2\/product_tag?post=223255"}],"curies":[{"name":"wp","href":"https:\/\/api.w.org\/{rel}","templated":true}]}}