{"id":223321,"date":"2022-10-20T16:40:41","date_gmt":"2022-10-20T14:40:41","guid":{"rendered":"http:\/\/dev.claret.cat\/producte\/tratado-de-filosofia-zoom\/"},"modified":"2023-01-28T02:14:04","modified_gmt":"2023-01-28T01:14:04","slug":"tratado-de-filosofia-zoom-9788434424555","status":"publish","type":"product","link":"https:\/\/www.claret.cat\/es\/libro\/tratado-de-filosofia-zoom-9788434424555\/","title":{"rendered":"TRATADO DE FILOSOF\u00cdA ZOOM"},"content":{"rendered":"<p>La filosof\u00eda es una manera de ver la importancia que tiene la realidad. Plat\u00f3n cre\u00eda que la inteligencia pod\u00eda ir creciendo desde las cosas m\u00e1s \u00ednfimas hasta el gran mundo de las ideas. Sobre esto trata este libro, de la filosof\u00eda de las peque\u00f1as cosas, de una \u00abfilosof\u00eda zoom\u00bb que medita sobre esos momentos diminutos, desde la altura de un sistema. O que construye un sistema a partir de la humildad de lo real. <\/p>\n<p>Ah\u00ed est\u00e1n los reflejos de la luz en un vaso, el encanto de una dulce mirada, la gracilidad de un movimiento. Son breves epifan\u00edas, instantes de hermosura. Ortega, que tambi\u00e9n fue por momentos fil\u00f3sofo zoom reflexion\u00f3 sobre el hecho de que nos saludemos d\u00e1ndonos la mano, sobre la existencia de soportales en las plazas antiguas, o sobre lo que significa el marco de un cuadro. Bergson dedic\u00f3 un magn\u00edfico libro a estudiar la risa. Y Simone de Beauvoir recordaba el entusiasmo con que Sartre y ella oyeron contar a Raymond Aron que hab\u00eda una filosof\u00eda que consideraba importante meditar sobre un c\u00f3ctel de albaricoque: la fenomenolog\u00eda.<\/p>\n<p>\u00bfY si en las cosas peque\u00f1as estuviera detr\u00e1s la verdad de las grandes? \u00bfLas experiencias transcendentales pueden emerger en lo intranscendente? Un fen\u00f3meno diario, como tener algo \u00aben la punta de la lengua\u00bb, revela los misterios de la memoria. San Agust\u00edn cre\u00eda que el alma humana estaba inquieta porque \u00abten\u00eda en la punta de la lengua\u00bb a Dios y no acertaba con la palabra o con la experiencia. Y un gran fil\u00f3sofo franc\u00e9s, Vladimir Jank\u00e9l\u00e9vitch, escribi\u00f3 un libro titulado Le Je ne sais-quoi. Un tratado de filosof\u00eda m\u00ednima, sin duda, como lo es este libro, que pretende articular un sistema filos\u00f3fico a partir de la fulguraci\u00f3n de las peque\u00f1as cosas.<\/p>\n","protected":false},"excerpt":{"rendered":"<p>MARINA, JOS\u00c9 ANTONIO<\/p>\n","protected":false},"featured_media":223322,"template":"","meta":{"_acf_changed":false,"om_disable_all_campaigns":false,"rs_blank_template":"","rs_page_bg_color":"","slide_template_v7":"","inline_featured_image":false,"_monsterinsights_skip_tracking":false,"_monsterinsights_sitenote_active":false,"_monsterinsights_sitenote_note":"","_monsterinsights_sitenote_category":0},"product_brand":[],"product_cat":[83],"product_tag":[],"class_list":{"0":"post-223321","1":"product","2":"type-product","3":"status-publish","4":"has-post-thumbnail","6":"product_cat-filosofia","8":"first","9":"instock","10":"taxable","11":"shipping-taxable","12":"purchasable","13":"product-type-simple"},"acf":{"autor":"MARINA, JOS\u00c9 ANTONIO","codart":"843442455","libros-coleccion":"Ariel","ediciones":"1","encuadernacion":"R\u00fastica","fecha_de_publicacion":"01\/11\/2016","novedad":"1","paginas":"348","subtitulo":"","orden":"0","portada":"0","idioma":"spa","editorial":[{"ID":6220,"post_author":"3","post_date":"2022-07-28 17:47:28","post_date_gmt":"2022-07-28 15:47:28","post_content":"","post_title":"Editorial Ariel","post_excerpt":"","post_status":"publish","comment_status":"closed","ping_status":"closed","post_password":"","post_name":"editorial-ariel","to_ping":"","pinged":"","post_modified":"2022-07-28 17:47:28","post_modified_gmt":"2022-07-28 15:47:28","post_content_filtered":"","post_parent":0,"guid":"http:\/\/dev.claret.cat\/editorial\/editorial-ariel\/","menu_order":0,"post_type":"editorial","post_mime_type":"","comment_count":"0","filter":"raw"}],"autores-libros":[{"ID":160177,"post_author":"3","post_date":"2022-10-14 15:50:55","post_date_gmt":"2022-10-14 13:50:55","post_content":"","post_title":"JOS\u00c9 ANTONIO MARINA","post_excerpt":"","post_status":"publish","comment_status":"closed","ping_status":"closed","post_password":"","post_name":"jose-antonio-marina","to_ping":"","pinged":"","post_modified":"2022-10-14 15:50:55","post_modified_gmt":"2022-10-14 13:50:55","post_content_filtered":"","post_parent":0,"guid":"http:\/\/dev.claret.cat\/autor\/jose-antonio-marina\/","menu_order":0,"post_type":"autor","post_mime_type":"","comment_count":"0","filter":"raw"}]},"aioseo_notices":[],"_links":{"self":[{"href":"https:\/\/www.claret.cat\/es\/wp-json\/wp\/v2\/product\/223321","targetHints":{"allow":["GET"]}}],"collection":[{"href":"https:\/\/www.claret.cat\/es\/wp-json\/wp\/v2\/product"}],"about":[{"href":"https:\/\/www.claret.cat\/es\/wp-json\/wp\/v2\/types\/product"}],"wp:featuredmedia":[{"embeddable":true,"href":"https:\/\/www.claret.cat\/es\/wp-json\/wp\/v2\/media\/223322"}],"wp:attachment":[{"href":"https:\/\/www.claret.cat\/es\/wp-json\/wp\/v2\/media?parent=223321"}],"wp:term":[{"taxonomy":"product_brand","embeddable":true,"href":"https:\/\/www.claret.cat\/es\/wp-json\/wp\/v2\/product_brand?post=223321"},{"taxonomy":"product_cat","embeddable":true,"href":"https:\/\/www.claret.cat\/es\/wp-json\/wp\/v2\/product_cat?post=223321"},{"taxonomy":"product_tag","embeddable":true,"href":"https:\/\/www.claret.cat\/es\/wp-json\/wp\/v2\/product_tag?post=223321"}],"curies":[{"name":"wp","href":"https:\/\/api.w.org\/{rel}","templated":true}]}}