{"id":223369,"date":"2022-10-20T16:41:39","date_gmt":"2022-10-20T14:41:39","guid":{"rendered":"http:\/\/dev.claret.cat\/producte\/el-exotico-oriente\/"},"modified":"2023-01-28T11:40:07","modified_gmt":"2023-01-28T10:40:07","slug":"el-exotico-oriente-9788408163053","status":"publish","type":"product","link":"https:\/\/www.claret.cat\/es\/libro\/el-exotico-oriente-9788408163053\/","title":{"rendered":"EL EX\u00d3TICO ORIENTE"},"content":{"rendered":"<p>Zenith lanza un nuevo formato de su colecci\u00f3n Anti-stress coloring: m\u00e1s grande y en tapa blanda. Este libro de dibujos para colorear para adultos nos permitir\u00e1 mejorar nuestra concentraci\u00f3n y favorecer\u00e1 nuestra relajaci\u00f3n de manera divertida y muy creativa.El ex\u00f3tico Oriente re\u00fane preciosas im\u00e1genes para colorear que terminar\u00e1n transform\u00e1ndose en verdaderas obras de arte. Solo hay que animarse y ponerse manos a la obra para despertar nuestro lado m\u00e1s creativo y disfrutar de los beneficios de esta nueva cura antiestr\u00e9s.<\/p>\n","protected":false},"excerpt":{"rendered":"<p>AA. VV.<\/p>\n","protected":false},"featured_media":223370,"template":"","meta":{"_acf_changed":false,"om_disable_all_campaigns":false,"rs_blank_template":"","rs_page_bg_color":"","slide_template_v7":"","inline_featured_image":false,"_monsterinsights_skip_tracking":false,"_monsterinsights_sitenote_active":false,"_monsterinsights_sitenote_note":"","_monsterinsights_sitenote_category":0},"product_brand":[],"product_cat":[101],"product_tag":[],"class_list":{"0":"post-223369","1":"product","2":"type-product","3":"status-publish","4":"has-post-thumbnail","6":"product_cat-manualitats","8":"first","9":"instock","10":"taxable","11":"shipping-taxable","12":"purchasable","13":"product-type-simple"},"acf":{"autor":"AA. VV.","codart":"840816305","libros-coleccion":"Anti-stress coloring","ediciones":"1","encuadernacion":"R\u00fastica","fecha_de_publicacion":"01\/11\/2016","novedad":"1","paginas":"96","subtitulo":"ANTI-STRESS COLORING","orden":"0","portada":"0","idioma":"spa","editorial":[{"ID":6397,"post_author":"3","post_date":"2022-07-28 17:51:17","post_date_gmt":"2022-07-28 15:51:17","post_content":"","post_title":"ZENITH","post_excerpt":"","post_status":"publish","comment_status":"closed","ping_status":"closed","post_password":"","post_name":"zenith","to_ping":"","pinged":"","post_modified":"2022-07-28 17:51:17","post_modified_gmt":"2022-07-28 15:51:17","post_content_filtered":"","post_parent":0,"guid":"http:\/\/dev.claret.cat\/editorial\/zenith\/","menu_order":0,"post_type":"editorial","post_mime_type":"","comment_count":"0","filter":"raw"}],"autores-libros":[{"ID":5197,"post_author":"3","post_date":"2022-07-28 17:16:51","post_date_gmt":"2022-07-28 15:16:51","post_content":"","post_title":"AA. VV.","post_excerpt":"","post_status":"publish","comment_status":"closed","ping_status":"closed","post_password":"","post_name":"aa-vv","to_ping":"","pinged":"","post_modified":"2022-07-28 17:16:51","post_modified_gmt":"2022-07-28 15:16:51","post_content_filtered":"","post_parent":0,"guid":"http:\/\/dev.claret.cat\/autor\/aa-vv\/","menu_order":0,"post_type":"autor","post_mime_type":"","comment_count":"0","filter":"raw"}]},"aioseo_notices":[],"_links":{"self":[{"href":"https:\/\/www.claret.cat\/es\/wp-json\/wp\/v2\/product\/223369","targetHints":{"allow":["GET"]}}],"collection":[{"href":"https:\/\/www.claret.cat\/es\/wp-json\/wp\/v2\/product"}],"about":[{"href":"https:\/\/www.claret.cat\/es\/wp-json\/wp\/v2\/types\/product"}],"wp:featuredmedia":[{"embeddable":true,"href":"https:\/\/www.claret.cat\/es\/wp-json\/wp\/v2\/media\/223370"}],"wp:attachment":[{"href":"https:\/\/www.claret.cat\/es\/wp-json\/wp\/v2\/media?parent=223369"}],"wp:term":[{"taxonomy":"product_brand","embeddable":true,"href":"https:\/\/www.claret.cat\/es\/wp-json\/wp\/v2\/product_brand?post=223369"},{"taxonomy":"product_cat","embeddable":true,"href":"https:\/\/www.claret.cat\/es\/wp-json\/wp\/v2\/product_cat?post=223369"},{"taxonomy":"product_tag","embeddable":true,"href":"https:\/\/www.claret.cat\/es\/wp-json\/wp\/v2\/product_tag?post=223369"}],"curies":[{"name":"wp","href":"https:\/\/api.w.org\/{rel}","templated":true}]}}