{"id":223585,"date":"2022-10-20T16:46:10","date_gmt":"2022-10-20T14:46:10","guid":{"rendered":"http:\/\/dev.claret.cat\/producte\/stop-al-canvi-climatic\/"},"modified":"2023-01-28T13:45:51","modified_gmt":"2023-01-28T12:45:51","slug":"stop-al-canvi-climatic-9788490344675","status":"publish","type":"product","link":"https:\/\/www.claret.cat\/es\/libro\/stop-al-canvi-climatic-9788490344675\/","title":{"rendered":"STOP AL CANVI CLIM\u00c0TIC"},"content":{"rendered":"<p>Sovint parlem de canvi clim\u00e0tic i ens fa la sensaci\u00f3 que queda lluny, que aix\u00f2 no fa per a nosaltres, que des de casa no hi podem fer res. Doncs no, tot el contrari. Aquest llibre demostra que s\u00ed que podem incidir, i molt, en la manera com funcionem energ\u00e8ticament en l&#8217;espai dom\u00e8stic, a la feina, en els comer\u00e7os o en el transport que utilitzem. A trav\u00e9s dels consells que us oferim, millorarem el nostre entorn, segur, el del planeta tamb\u00e9 i, de passada, podrem estalviar for\u00e7a diners sense gaire esfor\u00e7. La sostenibilitat i l&#8217;efici\u00e8ncia energ\u00e8tica s\u00f3n a les nostres mans. <br \/> Alguns dels exemples que us presentem ho evidencien clarament i posen de manifest que molta gent a Catalunya ja ho practica amb \u00e8xit.<\/p>\n","protected":false},"excerpt":{"rendered":"<p>MAURI DOM\u00c8NECH, FRANCESC<\/p>\n","protected":false},"featured_media":320094,"template":"","meta":{"_acf_changed":false,"om_disable_all_campaigns":false,"rs_blank_template":"","rs_page_bg_color":"","slide_template_v7":"","inline_featured_image":false,"_monsterinsights_skip_tracking":false,"_monsterinsights_sitenote_active":false,"_monsterinsights_sitenote_note":"","_monsterinsights_sitenote_category":0},"product_brand":[],"product_cat":[84,350],"product_tag":[],"class_list":{"0":"post-223585","1":"product","2":"type-product","3":"status-publish","4":"has-post-thumbnail","6":"product_cat-sociologia","7":"product_cat-sociologia-2_humanidades","9":"first","10":"instock","11":"taxable","12":"shipping-taxable","13":"purchasable","14":"product-type-simple"},"acf":{"autor":"MAURI DOM\u00c8NECH, FRANCESC","codart":"849034467","libros-coleccion":"Prisma","ediciones":"1","encuadernacion":"R\u00fastica","fecha_de_publicacion":"01\/11\/2016","novedad":"1","paginas":"180","subtitulo":"COM PODEM SER M\u00c9S SOSTENIBLES?","orden":"0","portada":"0","idioma":"cat","editorial":[{"ID":6171,"post_author":"3","post_date":"2022-07-28 17:46:25","post_date_gmt":"2022-07-28 15:46:25","post_content":"","post_title":"COSSETANIA EDICIONS","post_excerpt":"","post_status":"publish","comment_status":"closed","ping_status":"closed","post_password":"","post_name":"cossetania-edicions","to_ping":"","pinged":"","post_modified":"2022-07-28 17:46:25","post_modified_gmt":"2022-07-28 15:46:25","post_content_filtered":"","post_parent":0,"guid":"http:\/\/dev.claret.cat\/editorial\/cossetania-edicions\/","menu_order":0,"post_type":"editorial","post_mime_type":"","comment_count":"0","filter":"raw"}],"autores-libros":[{"ID":320093,"post_author":"3","post_date":"2023-01-02 23:58:55","post_date_gmt":"2023-01-02 22:58:55","post_content":"","post_title":"FRANCESC MAURI DOM\u00c8NECH","post_excerpt":"","post_status":"publish","comment_status":"closed","ping_status":"closed","post_password":"","post_name":"francesc-mauri-domenech","to_ping":"","pinged":"","post_modified":"2023-01-02 23:58:55","post_modified_gmt":"2023-01-02 22:58:55","post_content_filtered":"","post_parent":0,"guid":"https:\/\/www.claret.cat\/autor\/francesc-mauri-domenech\/","menu_order":0,"post_type":"autor","post_mime_type":"","comment_count":"0","filter":"raw"}]},"aioseo_notices":[],"_links":{"self":[{"href":"https:\/\/www.claret.cat\/es\/wp-json\/wp\/v2\/product\/223585","targetHints":{"allow":["GET"]}}],"collection":[{"href":"https:\/\/www.claret.cat\/es\/wp-json\/wp\/v2\/product"}],"about":[{"href":"https:\/\/www.claret.cat\/es\/wp-json\/wp\/v2\/types\/product"}],"wp:featuredmedia":[{"embeddable":true,"href":"https:\/\/www.claret.cat\/es\/wp-json\/wp\/v2\/media\/320094"}],"wp:attachment":[{"href":"https:\/\/www.claret.cat\/es\/wp-json\/wp\/v2\/media?parent=223585"}],"wp:term":[{"taxonomy":"product_brand","embeddable":true,"href":"https:\/\/www.claret.cat\/es\/wp-json\/wp\/v2\/product_brand?post=223585"},{"taxonomy":"product_cat","embeddable":true,"href":"https:\/\/www.claret.cat\/es\/wp-json\/wp\/v2\/product_cat?post=223585"},{"taxonomy":"product_tag","embeddable":true,"href":"https:\/\/www.claret.cat\/es\/wp-json\/wp\/v2\/product_tag?post=223585"}],"curies":[{"name":"wp","href":"https:\/\/api.w.org\/{rel}","templated":true}]}}