{"id":223615,"date":"2022-10-20T16:46:48","date_gmt":"2022-10-20T14:46:48","guid":{"rendered":"http:\/\/dev.claret.cat\/producte\/100-famosos-que-no-conoces\/"},"modified":"2023-01-28T23:47:01","modified_gmt":"2023-01-28T22:47:01","slug":"100-famosos-que-no-conoces-9788416670024","status":"publish","type":"product","link":"https:\/\/www.claret.cat\/es\/libro\/100-famosos-que-no-conoces-9788416670024\/","title":{"rendered":"100 FAMOSOS QUE NO CONOCES"},"content":{"rendered":"<p>H\u00e9roes ejemplares (o no) que merecen ser recordados. Rodolfo Mustang nunca ha sido entrevistado en Cuarto Milenio, pero lo paranormal ha sacudido su vida desde que se mud\u00f3 al pueblo de B\u00e9lmez, a la casa contigua famosa por las apariciones de caras fantasma. Rodolfo comparte fen\u00f3meno con su vecina, pero desde el punto de vista inverso: por m\u00e1s que pinte las paredes de su casa, siguen apareciendo los traseros de esp\u00edritus que muestran su cara en la vivienda de al lado. Rodolfo nunca ha podido lucrarse ense\u00f1ando los no tan famosos &#8221;culos de B\u00e9lmez&#8221;. Es posible que no hayas visto el remake de Tarz\u00e1n que dirigi\u00f3 el joven Jason Piraguas, la historia de un beb\u00e9 abandonado en un barrio h\u00edpster, y acogido por una familia de veganos. Ni que sepas de la existencia de Gregorio Targaryen, el \u00fanico monarca espa\u00f1ol de Desembarco del Rey, ni de Mariela Laclava, la vieja con el don de introducir a la primera la clave del wifi, sin equivocarse. Estos son s\u00f3lo algunos de los cientos de h\u00e9roes an\u00f3nimos que nos rodean. No ganar\u00e1n un Nobel, no les levantar\u00e1n estatuas, no les dedicar\u00e1n calles. Es hora de rendir cuentas con esta gente, y que las futuras generaciones recuerden a 100 famosos que no conoces. Con la colaboraci\u00f3n m\u00edtica de: Albert Monteys,Ana Morgade, Biel Perell\u00f3, David Su\u00e1rez, El Ni\u00f1o de la Hipoteca, Llimoo, Loulogio, Mart\u00edn Pi\u00f1ol, Rafa Pons, Xavi Daura y Esteban Navarro (Venga Monjas).<\/p>\n","protected":false},"excerpt":{"rendered":"<p>MART\u00cdNEZ VIDAL, \u00c1LEX \/ FUENTES, TOM\u00c0S \/ MARTOS, DAVID<\/p>\n","protected":false},"featured_media":223616,"template":"","meta":{"_acf_changed":false,"om_disable_all_campaigns":false,"rs_blank_template":"","rs_page_bg_color":"","slide_template_v7":"","inline_featured_image":false,"_monsterinsights_skip_tracking":false,"_monsterinsights_sitenote_active":false,"_monsterinsights_sitenote_note":"","_monsterinsights_sitenote_category":0},"product_brand":[],"product_cat":[85],"product_tag":[],"class_list":{"0":"post-223615","1":"product","2":"type-product","3":"status-publish","4":"has-post-thumbnail","6":"product_cat-historia","8":"first","9":"instock","10":"taxable","11":"shipping-taxable","12":"purchasable","13":"product-type-simple"},"acf":{"autor":"MART\u00cdNEZ VIDAL, \u00c1LEX \/ FUENTES, TOM\u00c0S \/ MARTOS, DAVID","codart":"841667002","libros-coleccion":"SUSHI BOOKS","ediciones":"1","encuadernacion":"R\u00fastica","fecha_de_publicacion":"01\/11\/2016","novedad":"1","paginas":"356","subtitulo":"LAS BIOGRAFIAS QUE LA WIKIPEDIA DESCART\u00d3","orden":"0","portada":"0","idioma":"spa","editorial":[{"ID":147566,"post_author":"3","post_date":"2022-10-14 11:51:33","post_date_gmt":"2022-10-14 09:51:33","post_content":"","post_title":"Bridge","post_excerpt":"","post_status":"publish","comment_status":"closed","ping_status":"closed","post_password":"","post_name":"bridge","to_ping":"","pinged":"","post_modified":"2022-10-14 11:51:33","post_modified_gmt":"2022-10-14 09:51:33","post_content_filtered":"","post_parent":0,"guid":"http:\/\/dev.claret.cat\/editorial\/bridge\/","menu_order":0,"post_type":"editorial","post_mime_type":"","comment_count":"0","filter":"raw"}],"autores-libros":[{"ID":149651,"post_author":"3","post_date":"2022-10-14 14:26:36","post_date_gmt":"2022-10-14 12:26:36","post_content":"","post_title":"\u00c1LEX MART\u00cdNEZ VIDAL","post_excerpt":"","post_status":"publish","comment_status":"closed","ping_status":"closed","post_password":"","post_name":"alex-martinez-vidal","to_ping":"","pinged":"","post_modified":"2022-10-14 14:26:36","post_modified_gmt":"2022-10-14 12:26:36","post_content_filtered":"","post_parent":0,"guid":"http:\/\/dev.claret.cat\/autor\/alex-martinez-vidal\/","menu_order":0,"post_type":"autor","post_mime_type":"","comment_count":"0","filter":"raw"}]},"aioseo_notices":[],"_links":{"self":[{"href":"https:\/\/www.claret.cat\/es\/wp-json\/wp\/v2\/product\/223615","targetHints":{"allow":["GET"]}}],"collection":[{"href":"https:\/\/www.claret.cat\/es\/wp-json\/wp\/v2\/product"}],"about":[{"href":"https:\/\/www.claret.cat\/es\/wp-json\/wp\/v2\/types\/product"}],"wp:featuredmedia":[{"embeddable":true,"href":"https:\/\/www.claret.cat\/es\/wp-json\/wp\/v2\/media\/223616"}],"wp:attachment":[{"href":"https:\/\/www.claret.cat\/es\/wp-json\/wp\/v2\/media?parent=223615"}],"wp:term":[{"taxonomy":"product_brand","embeddable":true,"href":"https:\/\/www.claret.cat\/es\/wp-json\/wp\/v2\/product_brand?post=223615"},{"taxonomy":"product_cat","embeddable":true,"href":"https:\/\/www.claret.cat\/es\/wp-json\/wp\/v2\/product_cat?post=223615"},{"taxonomy":"product_tag","embeddable":true,"href":"https:\/\/www.claret.cat\/es\/wp-json\/wp\/v2\/product_tag?post=223615"}],"curies":[{"name":"wp","href":"https:\/\/api.w.org\/{rel}","templated":true}]}}