{"id":223699,"date":"2022-10-20T16:48:29","date_gmt":"2022-10-20T14:48:29","guid":{"rendered":"http:\/\/dev.claret.cat\/producte\/herba-negra\/"},"modified":"2024-01-31T21:58:42","modified_gmt":"2024-01-31T20:58:42","slug":"herba-negra-9788416716111","status":"publish","type":"product","link":"https:\/\/www.claret.cat\/es\/libro\/herba-negra-9788416716111\/","title":{"rendered":"HERBA NEGRA"},"content":{"rendered":"<p>Herba negra\u00a0explica les aventures d&#8217;un grup de joves que descobreixen una organitzaci\u00f3 secreta que pret\u00e9n acabar amb la civilitzaci\u00f3 a partir d&#8217;una nova esp\u00e8cie de planta.<br \/> A partir d&#8217;una nova esp\u00e8cie d&#8217;herba, modificada al laboratori i que es comercialitza en forma de beguda, l&#8217;organitzaci\u00f3 vol assolir el control de la societat. En una trepidant lluita contra rellotge en qu\u00e8 res \u00e9s el que sembla, els protagonistes hauran d&#8217;unir diferents pistes, com si es tract\u00e9s d&#8217;un trencaclosques, per salvar el m\u00f3n i tot el que estimen.<\/p>\n","protected":false},"excerpt":{"rendered":"<p>MACIP, SALVADOR \/ RUIZ GARZ\u00d3N, RICARD<\/p>\n","protected":false},"featured_media":223700,"template":"","meta":{"_acf_changed":false,"om_disable_all_campaigns":false,"rs_blank_template":"","rs_page_bg_color":"","slide_template_v7":"","inline_featured_image":false,"_monsterinsights_skip_tracking":false,"_monsterinsights_sitenote_active":false,"_monsterinsights_sitenote_note":"","_monsterinsights_sitenote_category":0},"product_brand":[],"product_cat":[87,353],"product_tag":[],"class_list":{"0":"post-223699","1":"product","2":"type-product","3":"status-publish","4":"has-post-thumbnail","6":"product_cat-literatura","7":"product_cat-literatura-2_humanidades","9":"first","10":"instock","11":"taxable","12":"shipping-taxable","13":"purchasable","14":"product-type-simple"},"acf":{"autor":"MACIP, SALVADOR \/ RUIZ GARZ\u00d3N, RICARD","codart":"841671611","libros-coleccion":"FICCI\u00d3","ediciones":"1","encuadernacion":"R\u00fastica","fecha_de_publicacion":"01\/11\/2016","novedad":"1","paginas":"324","subtitulo":"PREMI RAMON MUNTANER 2016","orden":"0","portada":"0","idioma":"cat","editorial":[{"ID":6254,"post_author":"3","post_date":"2022-07-28 17:48:15","post_date_gmt":"2022-07-28 15:48:15","post_content":"","post_title":"FANBOOKS","post_excerpt":"","post_status":"publish","comment_status":"closed","ping_status":"closed","post_password":"","post_name":"fanbooks","to_ping":"","pinged":"","post_modified":"2022-07-28 17:48:15","post_modified_gmt":"2022-07-28 15:48:15","post_content_filtered":"","post_parent":0,"guid":"http:\/\/dev.claret.cat\/editorial\/fanbooks\/","menu_order":0,"post_type":"editorial","post_mime_type":"","comment_count":"0","filter":"raw"}],"autores-libros":[{"ID":168032,"post_author":"3","post_date":"2022-10-14 18:15:58","post_date_gmt":"2022-10-14 16:15:58","post_content":"","post_title":"RICARD RUIZ GARZON","post_excerpt":"","post_status":"publish","comment_status":"closed","ping_status":"closed","post_password":"","post_name":"ricard-ruiz-garzon","to_ping":"","pinged":"","post_modified":"2022-10-14 18:15:58","post_modified_gmt":"2022-10-14 16:15:58","post_content_filtered":"","post_parent":0,"guid":"http:\/\/dev.claret.cat\/autor\/ricard-ruiz-garzon\/","menu_order":0,"post_type":"autor","post_mime_type":"","comment_count":"0","filter":"raw"},{"ID":6008,"post_author":"3","post_date":"2022-07-28 17:36:12","post_date_gmt":"2022-07-28 15:36:12","post_content":"","post_title":"SALVADOR MACIP","post_excerpt":"","post_status":"publish","comment_status":"closed","ping_status":"closed","post_password":"","post_name":"salvador-macip","to_ping":"","pinged":"","post_modified":"2022-07-28 17:36:12","post_modified_gmt":"2022-07-28 15:36:12","post_content_filtered":"","post_parent":0,"guid":"http:\/\/dev.claret.cat\/autor\/salvador-macip\/","menu_order":0,"post_type":"autor","post_mime_type":"","comment_count":"0","filter":"raw"}]},"aioseo_notices":[],"_links":{"self":[{"href":"https:\/\/www.claret.cat\/es\/wp-json\/wp\/v2\/product\/223699","targetHints":{"allow":["GET"]}}],"collection":[{"href":"https:\/\/www.claret.cat\/es\/wp-json\/wp\/v2\/product"}],"about":[{"href":"https:\/\/www.claret.cat\/es\/wp-json\/wp\/v2\/types\/product"}],"wp:featuredmedia":[{"embeddable":true,"href":"https:\/\/www.claret.cat\/es\/wp-json\/wp\/v2\/media\/223700"}],"wp:attachment":[{"href":"https:\/\/www.claret.cat\/es\/wp-json\/wp\/v2\/media?parent=223699"}],"wp:term":[{"taxonomy":"product_brand","embeddable":true,"href":"https:\/\/www.claret.cat\/es\/wp-json\/wp\/v2\/product_brand?post=223699"},{"taxonomy":"product_cat","embeddable":true,"href":"https:\/\/www.claret.cat\/es\/wp-json\/wp\/v2\/product_cat?post=223699"},{"taxonomy":"product_tag","embeddable":true,"href":"https:\/\/www.claret.cat\/es\/wp-json\/wp\/v2\/product_tag?post=223699"}],"curies":[{"name":"wp","href":"https:\/\/api.w.org\/{rel}","templated":true}]}}