{"id":223813,"date":"2022-10-20T16:50:57","date_gmt":"2022-10-20T14:50:57","guid":{"rendered":"http:\/\/dev.claret.cat\/producte\/el-tresor-perdut-de-pakamotu\/"},"modified":"2023-05-15T13:15:45","modified_gmt":"2023-05-15T11:15:45","slug":"el-tresor-perdut-de-pakamotu-9788416844135","status":"publish","type":"product","link":"https:\/\/www.claret.cat\/es\/libro\/el-tresor-perdut-de-pakamotu-9788416844135\/","title":{"rendered":"EL TRESOR PERDUT DE PAKAMOTU"},"content":{"rendered":"<p>En una petita illa de la Polin\u00e8sia, uns pirates saquegen la granja de perles de la fam\u00edlia Poevai. L\u2019Aroha, una nena agosarada, valenta i molt tossuda, tractar\u00e0 de recuperar-les i es submergir\u00e0 en un seguit de perip\u00e8cies i aventures que li descobriran el veritable secret de la riquesa, alhora que endinsaran el lector en la cultura i les llegendes desconegudes de les illes dels mars del Sud. T\u2019atreveixes a capbussar-t\u2019hi?<\/p>\n","protected":false},"excerpt":{"rendered":"<p>GENOVER I MAS, ANNA<\/p>\n","protected":false},"featured_media":317208,"template":"","meta":{"_acf_changed":false,"om_disable_all_campaigns":false,"rs_blank_template":"","rs_page_bg_color":"","slide_template_v7":"","inline_featured_image":false,"_monsterinsights_skip_tracking":false,"_monsterinsights_sitenote_active":false,"_monsterinsights_sitenote_note":"","_monsterinsights_sitenote_category":0},"product_brand":[],"product_cat":[86,352],"product_tag":[],"class_list":{"0":"post-223813","1":"product","2":"type-product","3":"status-publish","4":"has-post-thumbnail","6":"product_cat-infantil","7":"product_cat-infantil-3_infantil-juvenil-spa","9":"first","10":"instock","11":"taxable","12":"shipping-taxable","13":"purchasable","14":"product-type-simple"},"acf":{"autor":"GENOVER I MAS, ANNA","codart":"841684413","libros-coleccion":"LA FORMIGA VERMELLA","ediciones":"1","encuadernacion":"R\u00fastica","fecha_de_publicacion":"01\/11\/2016","novedad":"1","paginas":"83","subtitulo":"","orden":"0","portada":"0","idioma":"cat","editorial":[{"ID":6123,"post_author":"3","post_date":"2022-07-28 17:45:23","post_date_gmt":"2022-07-28 15:45:23","post_content":"","post_title":"ANIMALLIBRES","post_excerpt":"","post_status":"publish","comment_status":"closed","ping_status":"closed","post_password":"","post_name":"animallibres","to_ping":"","pinged":"","post_modified":"2022-07-28 17:45:23","post_modified_gmt":"2022-07-28 15:45:23","post_content_filtered":"","post_parent":0,"guid":"http:\/\/dev.claret.cat\/editorial\/animallibres\/","menu_order":0,"post_type":"editorial","post_mime_type":"","comment_count":"0","filter":"raw"}],"autores-libros":[{"ID":317207,"post_author":"3","post_date":"2023-01-02 19:54:30","post_date_gmt":"2023-01-02 18:54:30","post_content":"","post_title":"ANNA GENOVER I MAS","post_excerpt":"","post_status":"publish","comment_status":"closed","ping_status":"closed","post_password":"","post_name":"anna-genover-i-mas","to_ping":"","pinged":"","post_modified":"2023-01-02 19:54:30","post_modified_gmt":"2023-01-02 18:54:30","post_content_filtered":"","post_parent":0,"guid":"https:\/\/www.claret.cat\/autor\/anna-genover-i-mas\/","menu_order":0,"post_type":"autor","post_mime_type":"","comment_count":"0","filter":"raw"}]},"aioseo_notices":[],"_links":{"self":[{"href":"https:\/\/www.claret.cat\/es\/wp-json\/wp\/v2\/product\/223813","targetHints":{"allow":["GET"]}}],"collection":[{"href":"https:\/\/www.claret.cat\/es\/wp-json\/wp\/v2\/product"}],"about":[{"href":"https:\/\/www.claret.cat\/es\/wp-json\/wp\/v2\/types\/product"}],"wp:featuredmedia":[{"embeddable":true,"href":"https:\/\/www.claret.cat\/es\/wp-json\/wp\/v2\/media\/317208"}],"wp:attachment":[{"href":"https:\/\/www.claret.cat\/es\/wp-json\/wp\/v2\/media?parent=223813"}],"wp:term":[{"taxonomy":"product_brand","embeddable":true,"href":"https:\/\/www.claret.cat\/es\/wp-json\/wp\/v2\/product_brand?post=223813"},{"taxonomy":"product_cat","embeddable":true,"href":"https:\/\/www.claret.cat\/es\/wp-json\/wp\/v2\/product_cat?post=223813"},{"taxonomy":"product_tag","embeddable":true,"href":"https:\/\/www.claret.cat\/es\/wp-json\/wp\/v2\/product_tag?post=223813"}],"curies":[{"name":"wp","href":"https:\/\/api.w.org\/{rel}","templated":true}]}}