{"id":223849,"date":"2022-10-20T16:51:44","date_gmt":"2022-10-20T14:51:44","guid":{"rendered":"http:\/\/dev.claret.cat\/producte\/50-rutes-senderistes-per-catalunya\/"},"modified":"2023-01-28T04:48:21","modified_gmt":"2023-01-28T03:48:21","slug":"50-rutes-senderistes-per-catalunya-9788482166230","status":"publish","type":"product","link":"https:\/\/www.claret.cat\/es\/libro\/50-rutes-senderistes-per-catalunya-9788482166230\/","title":{"rendered":"50 RUTES SENDERISTES PER CATALUNYA"},"content":{"rendered":"<p>Aquest recull de 50 rutes senderistes per Catalunya \u00e9s una selecci\u00f3 de caminades, aptes per a totes les edats, preparades  per donar a con\u00e8ixer totes i cadascuna de les comarques del pa\u00eds i dels seus espais naturals m\u00e9s significatius. La selecci\u00f3 ha estat feta a partir dels criteris de bellesa dels paisatges, singularitat i la voluntat de mostrar tot el territori, des del Cap de Cres fins al Montsi\u00e0 i des de Barcelona fins als Pirineus. Un recull de rutes selecionades amb les quals, a cada passa que fareu pels camins esmentats, descobrireu la bellesa dels racons m\u00e9s meravellosos i sublims de Catalunya. Una guia que us ensenyar\u00e0 el cam\u00ed a seguir.<\/p>\n","protected":false},"excerpt":{"rendered":"<p>PORTELL, JOAN<\/p>\n","protected":false},"featured_media":223850,"template":"","meta":{"_acf_changed":false,"om_disable_all_campaigns":false,"rs_blank_template":"","rs_page_bg_color":"","slide_template_v7":"","inline_featured_image":false,"_monsterinsights_skip_tracking":false,"_monsterinsights_sitenote_active":false,"_monsterinsights_sitenote_note":"","_monsterinsights_sitenote_category":0},"product_brand":[],"product_cat":[107],"product_tag":[],"class_list":{"0":"post-223849","1":"product","2":"type-product","3":"status-publish","4":"has-post-thumbnail","6":"product_cat-guies-de-viatge","8":"first","9":"instock","10":"taxable","11":"shipping-taxable","12":"purchasable","13":"product-type-simple"},"acf":{"autor":"PORTELL, JOAN","codart":"848216623","libros-coleccion":"FORA DE COL.LECCI\u00d3","ediciones":"1","encuadernacion":"R\u00fastica","fecha_de_publicacion":"01\/11\/2016","novedad":"1","paginas":"206","subtitulo":"","orden":"0","portada":"0","idioma":"cat","autores-libros":[{"ID":159394,"post_author":"3","post_date":"2022-10-14 15:44:29","post_date_gmt":"2022-10-14 13:44:29","post_content":"","post_title":"JOAN PORTELL","post_excerpt":"","post_status":"publish","comment_status":"closed","ping_status":"closed","post_password":"","post_name":"joan-portell","to_ping":"","pinged":"","post_modified":"2022-10-14 15:44:29","post_modified_gmt":"2022-10-14 13:44:29","post_content_filtered":"","post_parent":0,"guid":"http:\/\/dev.claret.cat\/autor\/joan-portell\/","menu_order":0,"post_type":"autor","post_mime_type":"","comment_count":"0","filter":"raw"}]},"aioseo_notices":[],"_links":{"self":[{"href":"https:\/\/www.claret.cat\/es\/wp-json\/wp\/v2\/product\/223849","targetHints":{"allow":["GET"]}}],"collection":[{"href":"https:\/\/www.claret.cat\/es\/wp-json\/wp\/v2\/product"}],"about":[{"href":"https:\/\/www.claret.cat\/es\/wp-json\/wp\/v2\/types\/product"}],"wp:featuredmedia":[{"embeddable":true,"href":"https:\/\/www.claret.cat\/es\/wp-json\/wp\/v2\/media\/223850"}],"wp:attachment":[{"href":"https:\/\/www.claret.cat\/es\/wp-json\/wp\/v2\/media?parent=223849"}],"wp:term":[{"taxonomy":"product_brand","embeddable":true,"href":"https:\/\/www.claret.cat\/es\/wp-json\/wp\/v2\/product_brand?post=223849"},{"taxonomy":"product_cat","embeddable":true,"href":"https:\/\/www.claret.cat\/es\/wp-json\/wp\/v2\/product_cat?post=223849"},{"taxonomy":"product_tag","embeddable":true,"href":"https:\/\/www.claret.cat\/es\/wp-json\/wp\/v2\/product_tag?post=223849"}],"curies":[{"name":"wp","href":"https:\/\/api.w.org\/{rel}","templated":true}]}}