{"id":223897,"date":"2022-10-20T16:52:47","date_gmt":"2022-10-20T14:52:47","guid":{"rendered":"http:\/\/dev.claret.cat\/producte\/el-libro-de-tu-vida\/"},"modified":"2023-06-14T16:58:22","modified_gmt":"2023-06-14T14:58:22","slug":"el-libro-de-tu-vida-9788416223565","status":"publish","type":"product","link":"https:\/\/www.claret.cat\/es\/libro\/el-libro-de-tu-vida-9788416223565\/","title":{"rendered":"EL LIBRO DE TU VIDA"},"content":{"rendered":"<p>La vida es una mezcla de experiencias, recuerdos, aficiones y personas. <\/p>\n<p> Plasma los momentos m\u00e1s importantes de tu vida para compartirlos con quien quieras. As\u00ed que prep\u00e1rate para hacer listas, dibujar, colorear y pegar fotos. <\/p>\n<p> El resultado ser\u00e1 un libro original y \u00fanico. <\/p>\n<p> Este ser\u00e1 el libro de tu vida.<\/p>\n","protected":false},"excerpt":{"rendered":"<p>LYONA<\/p>\n","protected":false},"featured_media":223898,"template":"","meta":{"_acf_changed":false,"om_disable_all_campaigns":false,"rs_blank_template":"","rs_page_bg_color":"","slide_template_v7":"","inline_featured_image":false,"_monsterinsights_skip_tracking":false,"_monsterinsights_sitenote_active":false,"_monsterinsights_sitenote_note":"","_monsterinsights_sitenote_category":0},"product_brand":[],"product_cat":[105,555],"product_tag":[],"class_list":{"0":"post-223897","1":"product","2":"type-product","3":"status-publish","4":"has-post-thumbnail","6":"product_cat-regal","7":"product_cat-regalo","9":"first","10":"instock","11":"taxable","12":"shipping-taxable","13":"purchasable","14":"product-type-simple"},"acf":{"autor":"LYONA","codart":"841622356","libros-coleccion":"SUSHI BOOKS","ediciones":"1","encuadernacion":"Carpeta","fecha_de_publicacion":"01\/11\/2016","novedad":"1","paginas":"152","subtitulo":"","orden":"0","portada":"0","idioma":"spa","editorial":[{"ID":148695,"post_author":"3","post_date":"2022-10-14 12:00:16","post_date_gmt":"2022-10-14 10:00:16","post_content":"","post_title":"PRINCIPAL DE LOS LIBROS","post_excerpt":"","post_status":"publish","comment_status":"closed","ping_status":"closed","post_password":"","post_name":"principal-de-los-libros","to_ping":"","pinged":"","post_modified":"2022-10-14 12:00:16","post_modified_gmt":"2022-10-14 10:00:16","post_content_filtered":"","post_parent":0,"guid":"http:\/\/dev.claret.cat\/editorial\/principal-de-los-libros\/","menu_order":0,"post_type":"editorial","post_mime_type":"","comment_count":"0","filter":"raw"}],"autores-libros":[{"ID":162844,"post_author":"3","post_date":"2022-10-14 17:34:15","post_date_gmt":"2022-10-14 15:34:15","post_content":"","post_title":"LYONA","post_excerpt":"","post_status":"publish","comment_status":"closed","ping_status":"closed","post_password":"","post_name":"lyona","to_ping":"","pinged":"","post_modified":"2022-10-14 17:34:15","post_modified_gmt":"2022-10-14 15:34:15","post_content_filtered":"","post_parent":0,"guid":"http:\/\/dev.claret.cat\/autor\/lyona\/","menu_order":0,"post_type":"autor","post_mime_type":"","comment_count":"0","filter":"raw"}]},"aioseo_notices":[],"_links":{"self":[{"href":"https:\/\/www.claret.cat\/es\/wp-json\/wp\/v2\/product\/223897","targetHints":{"allow":["GET"]}}],"collection":[{"href":"https:\/\/www.claret.cat\/es\/wp-json\/wp\/v2\/product"}],"about":[{"href":"https:\/\/www.claret.cat\/es\/wp-json\/wp\/v2\/types\/product"}],"wp:featuredmedia":[{"embeddable":true,"href":"https:\/\/www.claret.cat\/es\/wp-json\/wp\/v2\/media\/223898"}],"wp:attachment":[{"href":"https:\/\/www.claret.cat\/es\/wp-json\/wp\/v2\/media?parent=223897"}],"wp:term":[{"taxonomy":"product_brand","embeddable":true,"href":"https:\/\/www.claret.cat\/es\/wp-json\/wp\/v2\/product_brand?post=223897"},{"taxonomy":"product_cat","embeddable":true,"href":"https:\/\/www.claret.cat\/es\/wp-json\/wp\/v2\/product_cat?post=223897"},{"taxonomy":"product_tag","embeddable":true,"href":"https:\/\/www.claret.cat\/es\/wp-json\/wp\/v2\/product_tag?post=223897"}],"curies":[{"name":"wp","href":"https:\/\/api.w.org\/{rel}","templated":true}]}}