{"id":22393,"date":"2022-10-02T09:48:13","date_gmt":"2022-10-02T07:48:13","guid":{"rendered":"http:\/\/dev.claret.cat\/producte\/argentina-y-uruguay-7\/"},"modified":"2023-01-28T01:22:09","modified_gmt":"2023-01-28T00:22:09","slug":"argentina-y-uruguay-7-9788408193678","status":"publish","type":"product","link":"https:\/\/www.claret.cat\/es\/libro\/argentina-y-uruguay-7-9788408193678\/","title":{"rendered":"ARGENTINA Y URUGUAY 7"},"content":{"rendered":"<p>Bonita, desafiante e intensa, Argentina seduce con tango callejero, olorosas parrillas, f\u00fatbol y cultura gaucha, en un formidable c\u00f3ctel de pasiones. Tambi\u00e9n es un pa\u00eds de maravillas naturales, desde las impresionantes cataratas del Iguaz\u00fa, en el norte subtropical, hasta el atronador y restallante avance del glaciar Perito Moreno, en el sur. Cuenta con los picos m\u00e1s altos de los Andes, pero tambi\u00e9n posee ricas zonas pantanosas, desiertos de color \u00f3xido, lagos intensamente azules y \u00e1ridas estepas en la Patagonia. Su fauna es variad\u00edsima, con ping\u00fcinos, flamencos, capibaras, osos hormigueros gigantes, ballenas, guanacos y muchos m\u00e1s animales.<br \/> Uruguay, el Estado m\u00e1s peque\u00f1o de Sudam\u00e9rica, est\u00e1 empezando a recibir el reconocimiento que merece. Progresista, estable, seguro y culto, brinda experiencias inolvidables, como quedarse atrapado en un atasco de vacas y gauchos en una remota carretera sin asfaltar o recorrer el paseo mar\u00edtimo de Montevideo junto a los vecinos que pasean con el mate a cuestas.<\/p>\n","protected":false},"excerpt":{"rendered":"<p>ALBISTON, ISABEL \/ BROWN, CATHY \/ CLARK, GREGOR \/ EGERTON, ALEX \/ GROSBERG, MIC<\/p>\n","protected":false},"featured_media":68412,"template":"","meta":{"_acf_changed":false,"om_disable_all_campaigns":false,"rs_blank_template":"","rs_page_bg_color":"","slide_template_v7":"","inline_featured_image":false,"_monsterinsights_skip_tracking":false,"_monsterinsights_sitenote_active":false,"_monsterinsights_sitenote_note":"","_monsterinsights_sitenote_category":0},"product_brand":[],"product_cat":[107],"product_tag":[],"class_list":{"0":"post-22393","1":"product","2":"type-product","3":"status-publish","4":"has-post-thumbnail","6":"product_cat-guies-de-viatge","8":"first","9":"instock","10":"taxable","11":"shipping-taxable","12":"purchasable","13":"product-type-simple"},"acf":{"autor":"ALBISTON, ISABEL \/ BROWN, CATHY \/ CLARK, GREGOR \/ EGERTON, ALEX \/ GROSBERG, MIC","codart":"840819367","libros-coleccion":"Lonely Planet","ediciones":"1","encuadernacion":"R\u00fastica","fecha_de_publicacion":"01\/02\/2019","novedad":"1","paginas":"606","subtitulo":"","orden":"0","portada":"0","idioma":"spa","editorial":[{"ID":6377,"post_author":"3","post_date":"2022-07-28 17:50:53","post_date_gmt":"2022-07-28 15:50:53","post_content":"","post_title":"Timun Mas CAT","post_excerpt":"","post_status":"publish","comment_status":"closed","ping_status":"closed","post_password":"","post_name":"timun-mas-cat","to_ping":"","pinged":"","post_modified":"2022-07-28 17:50:53","post_modified_gmt":"2022-07-28 15:50:53","post_content_filtered":"","post_parent":0,"guid":"http:\/\/dev.claret.cat\/editorial\/timun-mas-cat\/","menu_order":0,"post_type":"editorial","post_mime_type":"","comment_count":"0","filter":"raw"}],"autores-libros":[{"ID":149635,"post_author":"3","post_date":"2022-10-14 14:26:29","post_date_gmt":"2022-10-14 12:26:29","post_content":"","post_title":"ALEX EGERTON","post_excerpt":"","post_status":"publish","comment_status":"closed","ping_status":"closed","post_password":"","post_name":"alex-egerton","to_ping":"","pinged":"","post_modified":"2022-10-14 14:26:29","post_modified_gmt":"2022-10-14 12:26:29","post_content_filtered":"","post_parent":0,"guid":"http:\/\/dev.claret.cat\/autor\/alex-egerton\/","menu_order":0,"post_type":"autor","post_mime_type":"","comment_count":"0","filter":"raw"},{"ID":157122,"post_author":"3","post_date":"2022-10-14 15:26:17","post_date_gmt":"2022-10-14 13:26:17","post_content":"","post_title":"GREGOR CLARK","post_excerpt":"","post_status":"publish","comment_status":"closed","ping_status":"closed","post_password":"","post_name":"gregor-clark","to_ping":"","pinged":"","post_modified":"2022-10-14 15:26:17","post_modified_gmt":"2022-10-14 13:26:17","post_content_filtered":"","post_parent":0,"guid":"http:\/\/dev.claret.cat\/autor\/gregor-clark\/","menu_order":0,"post_type":"autor","post_mime_type":"","comment_count":"0","filter":"raw"},{"ID":152612,"post_author":"3","post_date":"2022-10-14 14:50:10","post_date_gmt":"2022-10-14 12:50:10","post_content":"","post_title":"CATHY BROWN","post_excerpt":"","post_status":"publish","comment_status":"closed","ping_status":"closed","post_password":"","post_name":"cathy-brown","to_ping":"","pinged":"","post_modified":"2022-10-14 14:50:10","post_modified_gmt":"2022-10-14 12:50:10","post_content_filtered":"","post_parent":0,"guid":"http:\/\/dev.claret.cat\/autor\/cathy-brown\/","menu_order":0,"post_type":"autor","post_mime_type":"","comment_count":"0","filter":"raw"},{"ID":158045,"post_author":"3","post_date":"2022-10-14 15:33:43","post_date_gmt":"2022-10-14 13:33:43","post_content":"","post_title":"ISABEL ALBISTON","post_excerpt":"","post_status":"publish","comment_status":"closed","ping_status":"closed","post_password":"","post_name":"isabel-albiston","to_ping":"","pinged":"","post_modified":"2022-10-14 15:33:43","post_modified_gmt":"2022-10-14 13:33:43","post_content_filtered":"","post_parent":0,"guid":"http:\/\/dev.claret.cat\/autor\/isabel-albiston\/","menu_order":0,"post_type":"autor","post_mime_type":"","comment_count":"0","filter":"raw"},{"ID":164775,"post_author":"3","post_date":"2022-10-14 17:49:47","post_date_gmt":"2022-10-14 15:49:47","post_content":"","post_title":"MIC GROSBERG","post_excerpt":"","post_status":"publish","comment_status":"closed","ping_status":"closed","post_password":"","post_name":"mic-grosberg","to_ping":"","pinged":"","post_modified":"2022-10-14 17:49:47","post_modified_gmt":"2022-10-14 15:49:47","post_content_filtered":"","post_parent":0,"guid":"http:\/\/dev.claret.cat\/autor\/mic-grosberg\/","menu_order":0,"post_type":"autor","post_mime_type":"","comment_count":"0","filter":"raw"}]},"aioseo_notices":[],"_links":{"self":[{"href":"https:\/\/www.claret.cat\/es\/wp-json\/wp\/v2\/product\/22393","targetHints":{"allow":["GET"]}}],"collection":[{"href":"https:\/\/www.claret.cat\/es\/wp-json\/wp\/v2\/product"}],"about":[{"href":"https:\/\/www.claret.cat\/es\/wp-json\/wp\/v2\/types\/product"}],"wp:featuredmedia":[{"embeddable":true,"href":"https:\/\/www.claret.cat\/es\/wp-json\/wp\/v2\/media\/68412"}],"wp:attachment":[{"href":"https:\/\/www.claret.cat\/es\/wp-json\/wp\/v2\/media?parent=22393"}],"wp:term":[{"taxonomy":"product_brand","embeddable":true,"href":"https:\/\/www.claret.cat\/es\/wp-json\/wp\/v2\/product_brand?post=22393"},{"taxonomy":"product_cat","embeddable":true,"href":"https:\/\/www.claret.cat\/es\/wp-json\/wp\/v2\/product_cat?post=22393"},{"taxonomy":"product_tag","embeddable":true,"href":"https:\/\/www.claret.cat\/es\/wp-json\/wp\/v2\/product_tag?post=22393"}],"curies":[{"name":"wp","href":"https:\/\/api.w.org\/{rel}","templated":true}]}}