{"id":224023,"date":"2022-10-20T16:55:29","date_gmt":"2022-10-20T14:55:29","guid":{"rendered":"http:\/\/dev.claret.cat\/producte\/la-vida-una-historia-de-carles-casagemas-y-pablo-picasso\/"},"modified":"2023-01-28T02:37:39","modified_gmt":"2023-01-28T01:37:39","slug":"la-vida-una-historia-de-carles-casagemas-y-pablo-picasso-9788416251773","status":"publish","type":"product","link":"https:\/\/www.claret.cat\/es\/libro\/la-vida-una-historia-de-carles-casagemas-y-pablo-picasso-9788416251773\/","title":{"rendered":"LA VIDA. UNA HISTORIA DE CARLES CASAGEMAS Y PABLO PICASSO"},"content":{"rendered":"<p>La amistad entre dos j\u00f3venes artistas, Pablo Ruiz Picasso y Carles Casagemas, en la Barcelona, M\u00e1laga y el Par\u00eds de principios del siglo XX es la idea sobre la que gira La vida, la nueva obra de Tyto Alba, en esta ocasi\u00f3n de nuevo como autor completo. Ambos, Picasso y Casagemas, se conocen en un caf\u00e9 de la Barcelona bohemia y, atra\u00eddos por el talento y la personalidad del otro, acabar\u00e1n por ser inseparables, formando una de las relaciones de amistad entre artistas m\u00e1s interesantes y misteriosas de la historia.<\/p>\n<p> Casagemas, de clase acomodada, abrir\u00e1 las puertas de su casa y ayudar\u00e1 al joven Picasso. Incluso correr\u00e1 de la cuenta de su padre el pago de los billetes para el viaje a Par\u00eds de los dos amigos, que ser\u00e1 una experiencia decisiva en la vida de Picasso.<\/p>\n<p> La relaci\u00f3n de ambos artistas gozar\u00e1 de una sana competitividad al principio que se ir\u00e1 enturbiando. Por una parte, por la ambici\u00f3n creciente en Picasso, que le ir\u00e1 transformando, y por otra, por la aparici\u00f3n de Germaine, una joven parisina extremadamente liberal para la mentalidad de la Espa\u00f1a de esa \u00e9poca. El suicidio del pintor catal\u00e1n desemboca en la depresi\u00f3n de Picasso y el inicio de su etapa azul con la realizaci\u00f3n de un retrato de Casagemas, periodo que terminar\u00e1 con un lienzo en el que aparece representado de nuevo y que da t\u00edtulo a esta obra, La vida.<\/p>\n","protected":false},"excerpt":{"rendered":"<p>ALBA, TYTO<\/p>\n","protected":false},"featured_media":224024,"template":"","meta":{"_acf_changed":false,"om_disable_all_campaigns":false,"rs_blank_template":"","rs_page_bg_color":"","slide_template_v7":"","inline_featured_image":false,"_monsterinsights_skip_tracking":false,"_monsterinsights_sitenote_active":false,"_monsterinsights_sitenote_note":"","_monsterinsights_sitenote_category":0},"product_brand":[],"product_cat":[108],"product_tag":[],"class_list":{"0":"post-224023","1":"product","2":"type-product","3":"status-publish","4":"has-post-thumbnail","6":"product_cat-comic","8":"first","9":"instock","10":"taxable","11":"shipping-taxable","12":"purchasable","13":"product-type-simple"},"acf":{"autor":"ALBA, TYTO","codart":"841625177","libros-coleccion":"Sill\u00f3n Orejero","ediciones":"1","encuadernacion":"Carton\u00e9","fecha_de_publicacion":"01\/11\/2016","novedad":"1","paginas":"93","subtitulo":"","orden":"0","portada":"0","idioma":"spa","editorial":[{"ID":6130,"post_author":"3","post_date":"2022-07-28 17:45:32","post_date_gmt":"2022-07-28 15:45:32","post_content":"","post_title":"ASTIBERRI EDICIONES","post_excerpt":"","post_status":"publish","comment_status":"closed","ping_status":"closed","post_password":"","post_name":"astiberri-ediciones","to_ping":"","pinged":"","post_modified":"2022-07-28 17:45:32","post_modified_gmt":"2022-07-28 15:45:32","post_content_filtered":"","post_parent":0,"guid":"http:\/\/dev.claret.cat\/editorial\/astiberri-ediciones\/","menu_order":0,"post_type":"editorial","post_mime_type":"","comment_count":"0","filter":"raw"}],"autores-libros":[{"ID":170671,"post_author":"3","post_date":"2022-10-14 22:37:14","post_date_gmt":"2022-10-14 20:37:14","post_content":"","post_title":"TYTO ALBA","post_excerpt":"","post_status":"publish","comment_status":"closed","ping_status":"closed","post_password":"","post_name":"tyto-alba","to_ping":"","pinged":"","post_modified":"2022-10-14 22:37:14","post_modified_gmt":"2022-10-14 20:37:14","post_content_filtered":"","post_parent":0,"guid":"http:\/\/dev.claret.cat\/autor\/tyto-alba\/","menu_order":0,"post_type":"autor","post_mime_type":"","comment_count":"0","filter":"raw"}]},"aioseo_notices":[],"_links":{"self":[{"href":"https:\/\/www.claret.cat\/es\/wp-json\/wp\/v2\/product\/224023","targetHints":{"allow":["GET"]}}],"collection":[{"href":"https:\/\/www.claret.cat\/es\/wp-json\/wp\/v2\/product"}],"about":[{"href":"https:\/\/www.claret.cat\/es\/wp-json\/wp\/v2\/types\/product"}],"wp:featuredmedia":[{"embeddable":true,"href":"https:\/\/www.claret.cat\/es\/wp-json\/wp\/v2\/media\/224024"}],"wp:attachment":[{"href":"https:\/\/www.claret.cat\/es\/wp-json\/wp\/v2\/media?parent=224023"}],"wp:term":[{"taxonomy":"product_brand","embeddable":true,"href":"https:\/\/www.claret.cat\/es\/wp-json\/wp\/v2\/product_brand?post=224023"},{"taxonomy":"product_cat","embeddable":true,"href":"https:\/\/www.claret.cat\/es\/wp-json\/wp\/v2\/product_cat?post=224023"},{"taxonomy":"product_tag","embeddable":true,"href":"https:\/\/www.claret.cat\/es\/wp-json\/wp\/v2\/product_tag?post=224023"}],"curies":[{"name":"wp","href":"https:\/\/api.w.org\/{rel}","templated":true}]}}