{"id":224032,"date":"2022-10-20T16:55:41","date_gmt":"2022-10-20T14:55:41","guid":{"rendered":"http:\/\/dev.claret.cat\/producte\/la-formacio-duna-identitat-edicio-il%c2%b7lustrada\/"},"modified":"2025-05-15T12:15:52","modified_gmt":"2025-05-15T10:15:52","slug":"la-formacio-duna-identitat-edicio-illustrada-9788497665766","status":"publish","type":"product","link":"https:\/\/www.claret.cat\/es\/libro\/la-formacio-duna-identitat-edicio-illustrada-9788497665766\/","title":{"rendered":"LA FORMACI\u00d3 D&#8217;UNA IDENTITAT (EDICI\u00d3 IL\u00b7LUSTRADA)"},"content":{"rendered":"<p>Despr\u00e9s de l&#8217;extraordin\u00e0ria acollida que va tenir, entre els lectors i la cr\u00edtica, la primera edici\u00f3 d&#8217;aquesta obra, es publica ara una nova edici\u00f3, actualitzada, il\u00b7lustrada i enquadernada en tapa dura. <br \/> Per qu\u00e8 els catalans som avui un poble amb un fort sentit d&#8217;identitat? D&#8217;on surt aquest sentiment de pertinen\u00e7a a un col\u00b7lectiu que comparteix llengua, cultura i unes formes d&#8217;entendre la societat i el m\u00f3n? Josep Fontana intenta seguir al llarg del temps, des del segle VIII fins a l&#8217;actualitat, el proc\u00e9s que ha acabat conformant aquesta identitat. <br \/> \u00abDefensar-se d&#8217;una subordinaci\u00f3 que converteix en il\u00b7lus\u00f2ria l&#8217;autonomia i que ens deixa indefensos en mans d&#8217;uns governs incompetents \u00e9s no solament un dret, sin\u00f3 una obligaci\u00f3\u00bb conclou l&#8217;autor, arran dels esdeveniments m\u00e9s recents.<\/p>\n","protected":false},"excerpt":{"rendered":"<p>FONTANA L\u00c1ZARO, JOSEP<\/p>\n","protected":false},"featured_media":1021734,"template":"","meta":{"_acf_changed":false,"om_disable_all_campaigns":false,"rs_blank_template":"","rs_page_bg_color":"","slide_template_v7":"","inline_featured_image":false,"_monsterinsights_skip_tracking":false,"_monsterinsights_sitenote_active":false,"_monsterinsights_sitenote_note":"","_monsterinsights_sitenote_category":0},"product_brand":[],"product_cat":[85,351],"product_tag":[],"class_list":{"0":"post-224032","1":"product","2":"type-product","3":"status-publish","4":"has-post-thumbnail","6":"product_cat-historia","7":"product_cat-historia-2_humanidades","9":"first","10":"outofstock","11":"taxable","12":"shipping-taxable","13":"purchasable","14":"product-type-simple"},"acf":{"autor":"FONTANA L\u00c1ZARO, JOSEP","codart":"849766576","libros-coleccion":"FORA DE COL.LECCI\u00d3","ediciones":"1","encuadernacion":"Carton\u00e9","fecha_de_publicacion":"01\/11\/2016","novedad":"0","paginas":"499","subtitulo":"UNA HIST\u00d2RIA DE CATALUNYA","orden":"0","portada":"0","idioma":"cat","autores-libros":[{"ID":160669,"post_author":"3","post_date":"2022-10-14 15:54:56","post_date_gmt":"2022-10-14 13:54:56","post_content":"","post_title":"JOSEP FONTANA L\u00c0ZARO","post_excerpt":"","post_status":"publish","comment_status":"closed","ping_status":"closed","post_password":"","post_name":"josep-fontana-lazaro","to_ping":"","pinged":"","post_modified":"2022-10-14 15:54:56","post_modified_gmt":"2022-10-14 13:54:56","post_content_filtered":"","post_parent":0,"guid":"http:\/\/dev.claret.cat\/autor\/josep-fontana-lazaro\/","menu_order":0,"post_type":"autor","post_mime_type":"","comment_count":"0","filter":"raw"}],"editorial":[{"ID":262115,"post_author":"3","post_date":"2022-10-24 11:20:08","post_date_gmt":"2022-10-24 09:20:08","post_content":"","post_title":"Eumo Editorial SAU","post_excerpt":"","post_status":"publish","comment_status":"closed","ping_status":"closed","post_password":"","post_name":"eumo-editorial-sau","to_ping":"","pinged":"","post_modified":"2022-10-24 11:20:08","post_modified_gmt":"2022-10-24 09:20:08","post_content_filtered":"","post_parent":0,"guid":"http:\/\/dev.claret.cat\/editorial\/eumo-editorial-sau\/","menu_order":0,"post_type":"editorial","post_mime_type":"","comment_count":"0","filter":"raw"}],"booktrailer":"","resenas":""},"aioseo_notices":[],"_links":{"self":[{"href":"https:\/\/www.claret.cat\/es\/wp-json\/wp\/v2\/product\/224032","targetHints":{"allow":["GET"]}}],"collection":[{"href":"https:\/\/www.claret.cat\/es\/wp-json\/wp\/v2\/product"}],"about":[{"href":"https:\/\/www.claret.cat\/es\/wp-json\/wp\/v2\/types\/product"}],"wp:featuredmedia":[{"embeddable":true,"href":"https:\/\/www.claret.cat\/es\/wp-json\/wp\/v2\/media\/1021734"}],"wp:attachment":[{"href":"https:\/\/www.claret.cat\/es\/wp-json\/wp\/v2\/media?parent=224032"}],"wp:term":[{"taxonomy":"product_brand","embeddable":true,"href":"https:\/\/www.claret.cat\/es\/wp-json\/wp\/v2\/product_brand?post=224032"},{"taxonomy":"product_cat","embeddable":true,"href":"https:\/\/www.claret.cat\/es\/wp-json\/wp\/v2\/product_cat?post=224032"},{"taxonomy":"product_tag","embeddable":true,"href":"https:\/\/www.claret.cat\/es\/wp-json\/wp\/v2\/product_tag?post=224032"}],"curies":[{"name":"wp","href":"https:\/\/api.w.org\/{rel}","templated":true}]}}