{"id":224044,"date":"2022-10-20T16:55:57","date_gmt":"2022-10-20T14:55:57","guid":{"rendered":"http:\/\/dev.claret.cat\/producte\/la-ultima-estrella-la-quinta-ola-3\/"},"modified":"2025-04-07T12:55:52","modified_gmt":"2025-04-07T10:55:52","slug":"la-ultima-estrella-la-quinta-ola-3-9788427210004","status":"publish","type":"product","link":"https:\/\/www.claret.cat\/es\/libro\/la-ultima-estrella-la-quinta-ola-3-9788427210004\/","title":{"rendered":"LA ULTIMA ESTRELLA (LA QUINTA OLA 3)"},"content":{"rendered":"<p>La \u00faltima fase de la invasi\u00f3n est\u00e1 a punto de completarse, llover\u00e1n bombas sobre las ciudades. El fin de la<br \/> especie humana est\u00e1 asegurado y Cassie y sus compa\u00f1eros saben que ha llegado el momento de escoger: entre el amor o el<br \/> miedo, la confianza o la sospecha, el odio o el sacrificio, la fe o la barbarie&#8230; Entre salvarnos a nosotros mismos o<br \/> salvar aquello que nos hace humanos. Y es que todo terminar\u00e1 donde empez\u00f3: la \u00faltima batalla tendr\u00e1 lugar en el \u00faltimo<br \/> coraz\u00f3n humano y acabar\u00e1 con su \u00faltimo latido. Nos han vaciado de todo y nos han llenado de odio. Nos han arrebatado la<br \/> esperanza. Pero no saben&#8230; que<\/p>\n","protected":false},"excerpt":{"rendered":"<p>YANCEY , RICK<\/p>\n","protected":false},"featured_media":224045,"template":"","meta":{"_acf_changed":false,"om_disable_all_campaigns":false,"rs_blank_template":"","rs_page_bg_color":"","slide_template_v7":"","inline_featured_image":false,"_monsterinsights_skip_tracking":false,"_monsterinsights_sitenote_active":false,"_monsterinsights_sitenote_note":"","_monsterinsights_sitenote_category":0},"product_brand":[],"product_cat":[87,353],"product_tag":[],"class_list":{"0":"post-224044","1":"product","2":"type-product","3":"status-publish","4":"has-post-thumbnail","6":"product_cat-literatura","7":"product_cat-literatura-2_humanidades","9":"first","10":"instock","11":"taxable","12":"shipping-taxable","13":"purchasable","14":"product-type-simple"},"acf":{"autor":"YANCEY , RICK","codart":"842721000","libros-coleccion":"FICCI\u00d3N YA","ediciones":"1","encuadernacion":"R\u00fastica","fecha_de_publicacion":"01\/11\/2016","novedad":"1","paginas":"348","subtitulo":"","orden":"0","portada":"0","idioma":"spa","editorial":[{"ID":6346,"post_author":"3","post_date":"2022-07-28 17:50:13","post_date_gmt":"2022-07-28 15:50:13","post_content":"","post_title":"RBA Molino","post_excerpt":"","post_status":"publish","comment_status":"closed","ping_status":"closed","post_password":"","post_name":"rba-molino","to_ping":"","pinged":"","post_modified":"2022-07-28 17:50:13","post_modified_gmt":"2022-07-28 15:50:13","post_content_filtered":"","post_parent":0,"guid":"http:\/\/dev.claret.cat\/editorial\/rba-molino\/","menu_order":0,"post_type":"editorial","post_mime_type":"","comment_count":"0","filter":"raw"}],"autores-libros":[{"ID":399011,"post_author":"3","post_date":"2023-02-27 03:01:49","post_date_gmt":"2023-02-27 02:01:49","post_content":"","post_title":"RICK YANCEY","post_excerpt":"","post_status":"publish","comment_status":"closed","ping_status":"closed","post_password":"","post_name":"rick-yancey","to_ping":"","pinged":"","post_modified":"2023-02-27 03:01:49","post_modified_gmt":"2023-02-27 02:01:49","post_content_filtered":"","post_parent":0,"guid":"https:\/\/www.claret.cat\/autor\/rick-yancey\/","menu_order":0,"post_type":"autor","post_mime_type":"","comment_count":"0","filter":"raw"}]},"aioseo_notices":[],"_links":{"self":[{"href":"https:\/\/www.claret.cat\/es\/wp-json\/wp\/v2\/product\/224044","targetHints":{"allow":["GET"]}}],"collection":[{"href":"https:\/\/www.claret.cat\/es\/wp-json\/wp\/v2\/product"}],"about":[{"href":"https:\/\/www.claret.cat\/es\/wp-json\/wp\/v2\/types\/product"}],"wp:featuredmedia":[{"embeddable":true,"href":"https:\/\/www.claret.cat\/es\/wp-json\/wp\/v2\/media\/224045"}],"wp:attachment":[{"href":"https:\/\/www.claret.cat\/es\/wp-json\/wp\/v2\/media?parent=224044"}],"wp:term":[{"taxonomy":"product_brand","embeddable":true,"href":"https:\/\/www.claret.cat\/es\/wp-json\/wp\/v2\/product_brand?post=224044"},{"taxonomy":"product_cat","embeddable":true,"href":"https:\/\/www.claret.cat\/es\/wp-json\/wp\/v2\/product_cat?post=224044"},{"taxonomy":"product_tag","embeddable":true,"href":"https:\/\/www.claret.cat\/es\/wp-json\/wp\/v2\/product_tag?post=224044"}],"curies":[{"name":"wp","href":"https:\/\/api.w.org\/{rel}","templated":true}]}}