{"id":224050,"date":"2022-10-20T16:56:05","date_gmt":"2022-10-20T14:56:05","guid":{"rendered":"http:\/\/dev.claret.cat\/producte\/tu-no-ets-una-mare-com-les-altres-3\/"},"modified":"2024-09-09T19:35:14","modified_gmt":"2024-09-09T17:35:14","slug":"tu-no-ets-una-mare-com-les-altres-9788416863044","status":"publish","type":"product","link":"https:\/\/www.claret.cat\/es\/libro\/tu-no-ets-una-mare-com-les-altres-9788416863044\/","title":{"rendered":"TU NO ETS UNA MARE COM LES ALTRES"},"content":{"rendered":"<p>\u00abLa meva mare era tan complicada com un trencaclosques de mil peces,<br \/>i jo en vaig haver de reunir tots els fragments i fer-los encaixar.\u00bb<\/p>\n<p>Angelika SchrobsdorffAngelika Schrobsdorff reconstrueix la vida real i inconformista de la seva mare, l\u2019Else, una dona nascuda en una fam\u00edlia de la burgesia jueva de Berl\u00edn que viur\u00e0 de ple els \u00abbojos anys vint\u00bb i que tindr\u00e0 tres fills de tres pares diferents, fidel a les dues promeses que es va fer de jove: viure la vida amb la m\u00e0xima intensitat i tenir un fill amb cada home que estim\u00e9s.<br \/>Amb passi\u00f3 per\u00f2 sense compassi\u00f3, amb empatia i admiraci\u00f3, per\u00f2 alhora amb una mirada cr\u00edtica, Angelika Schrobsdorff ho explica amb dues veus diferents: la de la dona adulta, que coneix fins al fons l\u2019\u00e0nima humana i, per tant, no jutja, i la de la nena i l\u2019adolescent que reviuen els records d\u2019aquella mare tan poderosa.<br \/>Tu no ets una mare com les altres \u00e9s una potent hist\u00f2ria real d\u2019una mare fascinant i forta per\u00f2 al mateix temps plena de debilitats i contradiccions.<\/p>\n<p>500.000 exemplars venuts a Alemanya.<br \/>Premi dels Llibreters de Madrid al millor llibre de l\u2019any.<\/p>\n","protected":false},"excerpt":{"rendered":"<p>SCHROBSDORFF, ANGELIKA<\/p>\n","protected":false},"featured_media":224051,"template":"","meta":{"_acf_changed":false,"om_disable_all_campaigns":false,"rs_blank_template":"","rs_page_bg_color":"","slide_template_v7":"","inline_featured_image":false,"_monsterinsights_skip_tracking":false,"_monsterinsights_sitenote_active":false,"_monsterinsights_sitenote_note":"","_monsterinsights_sitenote_category":0},"product_brand":[],"product_cat":[87,353],"product_tag":[],"class_list":{"0":"post-224050","1":"product","2":"type-product","3":"status-publish","4":"has-post-thumbnail","6":"product_cat-literatura","7":"product_cat-literatura-2_humanidades","9":"first","10":"instock","11":"taxable","12":"shipping-taxable","13":"purchasable","14":"product-type-simple"},"acf":{"autor":"SCHROBSDORFF, ANGELIKA","codart":"841686304","libros-coleccion":"","ediciones":"1","encuadernacion":"R\u00fastica","fecha_de_publicacion":"01\/11\/2016","novedad":"1","paginas":"608","subtitulo":"","orden":"0","portada":"0","idioma":"cat","editorial":[{"ID":6276,"post_author":"3","post_date":"2022-07-28 17:48:43","post_date_gmt":"2022-07-28 15:48:43","post_content":"","post_title":"LA CAMPANA","post_excerpt":"","post_status":"publish","comment_status":"closed","ping_status":"closed","post_password":"","post_name":"la-campana","to_ping":"","pinged":"","post_modified":"2022-07-28 17:48:43","post_modified_gmt":"2022-07-28 15:48:43","post_content_filtered":"","post_parent":0,"guid":"http:\/\/dev.claret.cat\/editorial\/la-campana\/","menu_order":0,"post_type":"editorial","post_mime_type":"","comment_count":"0","filter":"raw"}],"autores-libros":[{"ID":150466,"post_author":"3","post_date":"2022-10-14 14:33:11","post_date_gmt":"2022-10-14 12:33:11","post_content":"","post_title":"ANGELIKA SCHROBSDORFF","post_excerpt":"","post_status":"publish","comment_status":"closed","ping_status":"closed","post_password":"","post_name":"angelika-schrobsdorff","to_ping":"","pinged":"","post_modified":"2022-10-14 14:33:11","post_modified_gmt":"2022-10-14 12:33:11","post_content_filtered":"","post_parent":0,"guid":"http:\/\/dev.claret.cat\/autor\/angelika-schrobsdorff\/","menu_order":0,"post_type":"autor","post_mime_type":"","comment_count":"0","filter":"raw"}]},"aioseo_notices":[],"_links":{"self":[{"href":"https:\/\/www.claret.cat\/es\/wp-json\/wp\/v2\/product\/224050","targetHints":{"allow":["GET"]}}],"collection":[{"href":"https:\/\/www.claret.cat\/es\/wp-json\/wp\/v2\/product"}],"about":[{"href":"https:\/\/www.claret.cat\/es\/wp-json\/wp\/v2\/types\/product"}],"wp:featuredmedia":[{"embeddable":true,"href":"https:\/\/www.claret.cat\/es\/wp-json\/wp\/v2\/media\/224051"}],"wp:attachment":[{"href":"https:\/\/www.claret.cat\/es\/wp-json\/wp\/v2\/media?parent=224050"}],"wp:term":[{"taxonomy":"product_brand","embeddable":true,"href":"https:\/\/www.claret.cat\/es\/wp-json\/wp\/v2\/product_brand?post=224050"},{"taxonomy":"product_cat","embeddable":true,"href":"https:\/\/www.claret.cat\/es\/wp-json\/wp\/v2\/product_cat?post=224050"},{"taxonomy":"product_tag","embeddable":true,"href":"https:\/\/www.claret.cat\/es\/wp-json\/wp\/v2\/product_tag?post=224050"}],"curies":[{"name":"wp","href":"https:\/\/api.w.org\/{rel}","templated":true}]}}