{"id":224086,"date":"2022-10-20T16:56:50","date_gmt":"2022-10-20T14:56:50","guid":{"rendered":"http:\/\/dev.claret.cat\/producte\/superpoderes-del-pequeno-ajedrecista\/"},"modified":"2023-01-28T17:46:33","modified_gmt":"2023-01-28T16:46:33","slug":"superpoderes-del-pequeno-ajedrecista-9788490436271","status":"publish","type":"product","link":"https:\/\/www.claret.cat\/es\/libro\/superpoderes-del-pequeno-ajedrecista-9788490436271\/","title":{"rendered":"SUPERPODERES DEL PEQUE\u00d1O AJEDRECISTA"},"content":{"rendered":"<p>\u00bfSab\u00edas que el ajedrez mejora la concentraci\u00f3n y la creatividad? \u00bfO  que es uno de los m\u00e9todos m\u00e1s divertidos para desarrollar la  inteligencia emocional? \u00bfQue ense\u00f1a disciplina y agudiza tu intuici\u00f3n?  \u00bfQue ayuda a desarrollar superpoderes como la estrategia, el c\u00e1lculo o la anticipaci\u00f3n?El libro Superpoderes del peque\u00f1o ajedrecista te va a poner a prueba.Atr\u00e9vete a superar los 64 retos que te planteamos, aprende los trucos y an\u00e9cdotas del juego, mejora tu capacidad de  concentraci\u00f3n, de estrategia y de resoluci\u00f3n de problemas y \u00a1convi\u00e9rtete en un superajedrecista!<\/p>\n","protected":false},"excerpt":{"rendered":"<p>ZAMARRE\u00d1O, EVA\/LOPEZ, ALEX<\/p>\n","protected":false},"featured_media":224087,"template":"","meta":{"_acf_changed":false,"om_disable_all_campaigns":false,"rs_blank_template":"","rs_page_bg_color":"","slide_template_v7":"","inline_featured_image":false,"_monsterinsights_skip_tracking":false,"_monsterinsights_sitenote_active":false,"_monsterinsights_sitenote_note":"","_monsterinsights_sitenote_category":0},"product_brand":[],"product_cat":[16],"product_tag":[],"class_list":{"0":"post-224086","1":"product","2":"type-product","3":"status-publish","4":"has-post-thumbnail","6":"product_cat-sense-categoria","8":"first","9":"instock","10":"taxable","11":"shipping-taxable","12":"purchasable","13":"product-type-simple"},"acf":{"autor":"ZAMARRE\u00d1O, EVA\/LOPEZ, ALEX","codart":"849043627","libros-coleccion":"CAJON DESASTRE","ediciones":"1","encuadernacion":"R\u00fastica","fecha_de_publicacion":"01\/11\/2016","novedad":"1","paginas":"194","subtitulo":"ENTRENA TU CREATIVIDAD Y CONCENTRACI\u00d3N JUGANDO AL AJEDREZ","orden":"0","portada":"0","idioma":"spa","editorial":[{"ID":6310,"post_author":"3","post_date":"2022-07-28 17:49:26","post_date_gmt":"2022-07-28 15:49:26","post_content":"","post_title":"MONTENA","post_excerpt":"","post_status":"publish","comment_status":"closed","ping_status":"closed","post_password":"","post_name":"montena","to_ping":"","pinged":"","post_modified":"2022-07-28 17:49:26","post_modified_gmt":"2022-07-28 15:49:26","post_content_filtered":"","post_parent":0,"guid":"http:\/\/dev.claret.cat\/editorial\/montena\/","menu_order":0,"post_type":"editorial","post_mime_type":"","comment_count":"0","filter":"raw"}],"autores-libros":[{"ID":149647,"post_author":"3","post_date":"2022-10-14 14:26:34","post_date_gmt":"2022-10-14 12:26:34","post_content":"","post_title":"ALEX LOPEZ","post_excerpt":"","post_status":"publish","comment_status":"closed","ping_status":"closed","post_password":"","post_name":"alex-lopez","to_ping":"","pinged":"","post_modified":"2022-10-14 14:26:34","post_modified_gmt":"2022-10-14 12:26:34","post_content_filtered":"","post_parent":0,"guid":"http:\/\/dev.claret.cat\/autor\/alex-lopez\/","menu_order":0,"post_type":"autor","post_mime_type":"","comment_count":"0","filter":"raw"}]},"aioseo_notices":[],"_links":{"self":[{"href":"https:\/\/www.claret.cat\/es\/wp-json\/wp\/v2\/product\/224086","targetHints":{"allow":["GET"]}}],"collection":[{"href":"https:\/\/www.claret.cat\/es\/wp-json\/wp\/v2\/product"}],"about":[{"href":"https:\/\/www.claret.cat\/es\/wp-json\/wp\/v2\/types\/product"}],"wp:featuredmedia":[{"embeddable":true,"href":"https:\/\/www.claret.cat\/es\/wp-json\/wp\/v2\/media\/224087"}],"wp:attachment":[{"href":"https:\/\/www.claret.cat\/es\/wp-json\/wp\/v2\/media?parent=224086"}],"wp:term":[{"taxonomy":"product_brand","embeddable":true,"href":"https:\/\/www.claret.cat\/es\/wp-json\/wp\/v2\/product_brand?post=224086"},{"taxonomy":"product_cat","embeddable":true,"href":"https:\/\/www.claret.cat\/es\/wp-json\/wp\/v2\/product_cat?post=224086"},{"taxonomy":"product_tag","embeddable":true,"href":"https:\/\/www.claret.cat\/es\/wp-json\/wp\/v2\/product_tag?post=224086"}],"curies":[{"name":"wp","href":"https:\/\/api.w.org\/{rel}","templated":true}]}}