{"id":224122,"date":"2022-10-20T16:57:35","date_gmt":"2022-10-20T14:57:35","guid":{"rendered":"http:\/\/dev.claret.cat\/producte\/el-libro-de-la-comunicacion-visual\/"},"modified":"2023-01-28T13:59:24","modified_gmt":"2023-01-28T12:59:24","slug":"el-libro-de-la-comunicacion-visual-9788416894239","status":"publish","type":"product","link":"https:\/\/www.claret.cat\/es\/libro\/el-libro-de-la-comunicacion-visual-9788416894239\/","title":{"rendered":"EL LIBRO DE LA COMUNICACI\u00d3N VISUAL"},"content":{"rendered":"<p>EL LIBRO DE LA COMUNICACI\u00d3N VISUAL te ayudar\u00e1 a hacer presentaciones de alto impacto mediante el uso de t\u00e9cnicas de comunicaci\u00f3n visual  y a entender el poder de la comunicaci\u00f3n visual.<\/p>\n<p> Aprender\u00e1s a utilizar distintas herramientas visuales como medio de presentaci\u00f3n cuando lo que quieres decir no puedas expresarlo con palabras o lo que quieras vender o transmitir sea tan complejo que te resulte dif\u00edcil explicarlo de manera sencilla o conseguir que sea atractivo.<\/p>\n<p> A trav\u00e9s de las p\u00e1ginas descubrir\u00e1s todo tipo de im\u00e1genes visuales, iconos, colores, gr\u00e1ficos e ilustraciones, que han aprendido a transmitir incluso el m\u00e1s abstracto de los conceptos mediante el uso de la m\u00e1s simple de bloques de construcci\u00f3n: palabras, im\u00e1genes y formas.<\/p>\n","protected":false},"excerpt":{"rendered":"<p>EDWARDS, MARK<\/p>\n","protected":false},"featured_media":224123,"template":"","meta":{"_acf_changed":false,"om_disable_all_campaigns":false,"rs_blank_template":"","rs_page_bg_color":"","slide_template_v7":"","inline_featured_image":false,"_monsterinsights_skip_tracking":false,"_monsterinsights_sitenote_active":false,"_monsterinsights_sitenote_note":"","_monsterinsights_sitenote_category":0},"product_brand":[],"product_cat":[105],"product_tag":[],"class_list":{"0":"post-224122","1":"product","2":"type-product","3":"status-publish","4":"has-post-thumbnail","6":"product_cat-regal","8":"first","9":"instock","10":"taxable","11":"shipping-taxable","12":"purchasable","13":"product-type-simple"},"acf":{"autor":"EDWARDS, MARK","codart":"841689423","libros-coleccion":"SUSHI BOOKS","ediciones":"1","encuadernacion":"R\u00fastica","fecha_de_publicacion":"01\/11\/2016","novedad":"1","paginas":"110","subtitulo":"","orden":"0","portada":"0","idioma":"spa","editorial":[{"ID":148443,"post_author":"3","post_date":"2022-10-14 11:58:17","post_date_gmt":"2022-10-14 09:58:17","post_content":"","post_title":"LID EDITORIAL EMPRESARIAL","post_excerpt":"","post_status":"publish","comment_status":"closed","ping_status":"closed","post_password":"","post_name":"lid-editorial-empresarial","to_ping":"","pinged":"","post_modified":"2022-10-14 11:58:17","post_modified_gmt":"2022-10-14 09:58:17","post_content_filtered":"","post_parent":0,"guid":"http:\/\/dev.claret.cat\/editorial\/lid-editorial-empresarial\/","menu_order":0,"post_type":"editorial","post_mime_type":"","comment_count":"0","filter":"raw"}]},"aioseo_notices":[],"_links":{"self":[{"href":"https:\/\/www.claret.cat\/es\/wp-json\/wp\/v2\/product\/224122","targetHints":{"allow":["GET"]}}],"collection":[{"href":"https:\/\/www.claret.cat\/es\/wp-json\/wp\/v2\/product"}],"about":[{"href":"https:\/\/www.claret.cat\/es\/wp-json\/wp\/v2\/types\/product"}],"wp:featuredmedia":[{"embeddable":true,"href":"https:\/\/www.claret.cat\/es\/wp-json\/wp\/v2\/media\/224123"}],"wp:attachment":[{"href":"https:\/\/www.claret.cat\/es\/wp-json\/wp\/v2\/media?parent=224122"}],"wp:term":[{"taxonomy":"product_brand","embeddable":true,"href":"https:\/\/www.claret.cat\/es\/wp-json\/wp\/v2\/product_brand?post=224122"},{"taxonomy":"product_cat","embeddable":true,"href":"https:\/\/www.claret.cat\/es\/wp-json\/wp\/v2\/product_cat?post=224122"},{"taxonomy":"product_tag","embeddable":true,"href":"https:\/\/www.claret.cat\/es\/wp-json\/wp\/v2\/product_tag?post=224122"}],"curies":[{"name":"wp","href":"https:\/\/api.w.org\/{rel}","templated":true}]}}