{"id":224185,"date":"2022-10-20T16:58:54","date_gmt":"2022-10-20T14:58:54","guid":{"rendered":"http:\/\/dev.claret.cat\/producte\/una-mirada-al-alzheimer-y-a-las-enfermedades-a-traves-de-las-constelaciones-familiares\/"},"modified":"2023-01-28T16:46:20","modified_gmt":"2023-01-28T15:46:20","slug":"una-mirada-al-alzheimer-y-a-las-enfermedades-a-traves-de-las-constelaciones-familiares-9788491111603","status":"publish","type":"product","link":"https:\/\/www.claret.cat\/es\/libro\/una-mirada-al-alzheimer-y-a-las-enfermedades-a-traves-de-las-constelaciones-familiares-9788491111603\/","title":{"rendered":"UNA MIRADA AL ALZH\u00c9IMER Y A LAS ENFERMEDADES A TRAV\u00c9S DE LAS CONSTELACIONES FAMILIARES"},"content":{"rendered":"<p>Las constelaciones familiares son un m\u00e9todo desarrollado por el psicoterapeuta Bert Hellinger a principio de los ochenta cuyo objetivo es liberar a las personas de las tensiones provenientes de generaciones pasadas y que tienen sus ra\u00edces en la historia familiar. <\/p>\n<p> Las diferentes y graves enfermedades que sacudieron la vida de las mujeres de la familia de la autora, y de ella misma, la llevaron a investigar profundamente en la enfermedad a trav\u00e9s de las constelaciones familiares y de otras diferentes y variadas t\u00e9cnicas, las cuales describe en este libro. Se trata de una nueva mirada que facilita desarrollos que antes no eran posibles. Las constelaciones familiares han abierto el acceso a capas profundas que permiten llegar a la sanaci\u00f3n de las enfermedades. <\/p>\n<p> Todo individuo es el producto de dos fuerzas: la fuerza imitadora dirigida por el grupo familiar, que act\u00faa desde el pasado, y la fuerza creadora guiada por la Conciencia Universal desde el futuro.<\/p>\n","protected":false},"excerpt":{"rendered":"<p>DE MIGUEL CAMPOS, LOLA<\/p>\n","protected":false},"featured_media":224186,"template":"","meta":{"_acf_changed":false,"om_disable_all_campaigns":false,"rs_blank_template":"","rs_page_bg_color":"","slide_template_v7":"","inline_featured_image":false,"_monsterinsights_skip_tracking":false,"_monsterinsights_sitenote_active":false,"_monsterinsights_sitenote_note":"","_monsterinsights_sitenote_category":0},"product_brand":[],"product_cat":[97],"product_tag":[],"class_list":{"0":"post-224185","1":"product","2":"type-product","3":"status-publish","4":"has-post-thumbnail","6":"product_cat-salut","8":"first","9":"instock","10":"taxable","11":"shipping-taxable","12":"purchasable","13":"product-type-simple"},"acf":{"autor":"DE MIGUEL CAMPOS, LOLA","codart":"849111160","libros-coleccion":"Psicolog\u00eda","ediciones":"1","encuadernacion":"R\u00fastica","fecha_de_publicacion":"01\/11\/2016","novedad":"1","paginas":"118","subtitulo":"","orden":"0","portada":"0","idioma":"spa","editorial":[{"ID":147839,"post_author":"3","post_date":"2022-10-14 11:53:36","post_date_gmt":"2022-10-14 09:53:36","post_content":"","post_title":"EDICIONES OBELISCO","post_excerpt":"","post_status":"publish","comment_status":"closed","ping_status":"closed","post_password":"","post_name":"ediciones-obelisco","to_ping":"","pinged":"","post_modified":"2022-10-14 11:53:36","post_modified_gmt":"2022-10-14 09:53:36","post_content_filtered":"","post_parent":0,"guid":"http:\/\/dev.claret.cat\/editorial\/ediciones-obelisco\/","menu_order":0,"post_type":"editorial","post_mime_type":"","comment_count":"0","filter":"raw"}]},"aioseo_notices":[],"_links":{"self":[{"href":"https:\/\/www.claret.cat\/es\/wp-json\/wp\/v2\/product\/224185","targetHints":{"allow":["GET"]}}],"collection":[{"href":"https:\/\/www.claret.cat\/es\/wp-json\/wp\/v2\/product"}],"about":[{"href":"https:\/\/www.claret.cat\/es\/wp-json\/wp\/v2\/types\/product"}],"wp:featuredmedia":[{"embeddable":true,"href":"https:\/\/www.claret.cat\/es\/wp-json\/wp\/v2\/media\/224186"}],"wp:attachment":[{"href":"https:\/\/www.claret.cat\/es\/wp-json\/wp\/v2\/media?parent=224185"}],"wp:term":[{"taxonomy":"product_brand","embeddable":true,"href":"https:\/\/www.claret.cat\/es\/wp-json\/wp\/v2\/product_brand?post=224185"},{"taxonomy":"product_cat","embeddable":true,"href":"https:\/\/www.claret.cat\/es\/wp-json\/wp\/v2\/product_cat?post=224185"},{"taxonomy":"product_tag","embeddable":true,"href":"https:\/\/www.claret.cat\/es\/wp-json\/wp\/v2\/product_tag?post=224185"}],"curies":[{"name":"wp","href":"https:\/\/api.w.org\/{rel}","templated":true}]}}