{"id":224311,"date":"2022-10-20T17:01:44","date_gmt":"2022-10-20T15:01:44","guid":{"rendered":"http:\/\/dev.claret.cat\/producte\/gramatica-de-griego-clasico-y-helenistico\/"},"modified":"2026-01-28T12:33:19","modified_gmt":"2026-01-28T11:33:19","slug":"gramatica-de-griego-clasico-y-helenistico-9788425439209","status":"publish","type":"product","link":"https:\/\/www.claret.cat\/es\/libro\/gramatica-de-griego-clasico-y-helenistico-9788425439209\/","title":{"rendered":"GRAM\u00c1TICA DE GRIEGO CL\u00c1SICO Y HELEN\u00cdSTICO"},"content":{"rendered":"<p>Esta nueva Gram\u00e1tica de griego est\u00e1 llamada a convertirse en un instrumento imprescindible para iniciar a los alumnos de institutos, universidades, facultades de Teolog\u00eda y seminarios en el conocimiento de la lengua griega. Es muy \u00fatil tanto para iniciarse en el estudio del griego cl\u00e1sico como del b\u00edblico dentro del contexto de la koin\u00e9 helen\u00edstica. Ofrece un ampl\u00edsimo corpus de ejemplos, tomados tanto del griego cl\u00e1sico como del b\u00edblico, especialmente del Nuevo Testamento.<\/p>\n","protected":false},"excerpt":{"rendered":"<p>ALEXANDRE J\u00daNIOR, MANUEL<\/p>\n","protected":false},"featured_media":331501,"template":"","meta":{"_acf_changed":false,"om_disable_all_campaigns":false,"rs_blank_template":"","rs_page_bg_color":"","slide_template_v7":"","inline_featured_image":false,"_monsterinsights_skip_tracking":false,"_monsterinsights_sitenote_active":false,"_monsterinsights_sitenote_note":"","_monsterinsights_sitenote_category":0},"product_brand":[],"product_cat":[90,540],"product_tag":[],"class_list":{"0":"post-224311","1":"product","2":"type-product","3":"status-publish","4":"has-post-thumbnail","6":"product_cat-altres","7":"product_cat-otros","9":"first","10":"instock","11":"taxable","12":"shipping-taxable","13":"purchasable","14":"product-type-simple"},"acf":{"autor":"ALEXANDRE J\u00daNIOR, MANUEL","codart":"842543920","libros-coleccion":"","ediciones":"1","encuadernacion":"R\u00fastica","fecha_de_publicacion":"28\/10\/2016","novedad":"0","paginas":"408","subtitulo":"","orden":"999","portada":"0","idioma":"spa","editorial":[{"ID":6266,"post_author":"3","post_date":"2022-07-28 17:48:31","post_date_gmt":"2022-07-28 15:48:31","post_content":"","post_title":"HERDER","post_excerpt":"","post_status":"publish","comment_status":"closed","ping_status":"closed","post_password":"","post_name":"herder","to_ping":"","pinged":"","post_modified":"2022-07-28 17:48:31","post_modified_gmt":"2022-07-28 15:48:31","post_content_filtered":"","post_parent":0,"guid":"http:\/\/dev.claret.cat\/editorial\/herder\/","menu_order":0,"post_type":"editorial","post_mime_type":"","comment_count":"0","filter":"raw"}],"autores-libros":[{"ID":281686,"post_author":"3","post_date":"2022-12-09 23:27:02","post_date_gmt":"2022-12-09 22:27:02","post_content":"","post_title":"MANUEL ALEXANDRE J\u00daNIOR","post_excerpt":"","post_status":"publish","comment_status":"closed","ping_status":"closed","post_password":"","post_name":"manuel-alexandre-junior","to_ping":"","pinged":"","post_modified":"2022-12-09 23:27:02","post_modified_gmt":"2022-12-09 22:27:02","post_content_filtered":"","post_parent":0,"guid":"http:\/\/dev.claret.cat\/autor\/manuel-alexandre-junior\/","menu_order":0,"post_type":"autor","post_mime_type":"","comment_count":"0","filter":"raw"}],"booktrailer":"","resenas":""},"aioseo_notices":[],"_links":{"self":[{"href":"https:\/\/www.claret.cat\/es\/wp-json\/wp\/v2\/product\/224311","targetHints":{"allow":["GET"]}}],"collection":[{"href":"https:\/\/www.claret.cat\/es\/wp-json\/wp\/v2\/product"}],"about":[{"href":"https:\/\/www.claret.cat\/es\/wp-json\/wp\/v2\/types\/product"}],"wp:featuredmedia":[{"embeddable":true,"href":"https:\/\/www.claret.cat\/es\/wp-json\/wp\/v2\/media\/331501"}],"wp:attachment":[{"href":"https:\/\/www.claret.cat\/es\/wp-json\/wp\/v2\/media?parent=224311"}],"wp:term":[{"taxonomy":"product_brand","embeddable":true,"href":"https:\/\/www.claret.cat\/es\/wp-json\/wp\/v2\/product_brand?post=224311"},{"taxonomy":"product_cat","embeddable":true,"href":"https:\/\/www.claret.cat\/es\/wp-json\/wp\/v2\/product_cat?post=224311"},{"taxonomy":"product_tag","embeddable":true,"href":"https:\/\/www.claret.cat\/es\/wp-json\/wp\/v2\/product_tag?post=224311"}],"curies":[{"name":"wp","href":"https:\/\/api.w.org\/{rel}","templated":true}]}}