{"id":224525,"date":"2022-10-20T17:06:19","date_gmt":"2022-10-20T15:06:19","guid":{"rendered":"http:\/\/dev.claret.cat\/producte\/conversaciones-para-iniciarse-en-la-vida-espiritual\/"},"modified":"2024-05-24T06:36:07","modified_gmt":"2024-05-24T04:36:07","slug":"conversaciones-para-iniciarse-en-la-vida-espiritual-9788430119479","status":"publish","type":"product","link":"https:\/\/www.claret.cat\/es\/libro\/conversaciones-para-iniciarse-en-la-vida-espiritual-9788430119479\/","title":{"rendered":"CONVERSACIONES PARA INICIARSE EN LA VIDA ESPIRITUAL"},"content":{"rendered":"<p>A finales del siglo IV, dos monjes se dirijieron al desierto de Egipto. Su entusiasmo juvenil les hab\u00eda llevado a abandonar el confort de su monasterio para hacerse disc\u00edpulos de alg\u00fan famoso maestro en el arte y la disciplina de la contemplaci\u00f3n. Su idea era aprender un m\u00e9todo para progresar en la vida espiritual.<\/p>\n<p>Aquel sincero y ardiente deseo acabar\u00e1 convirti\u00e9ndose en un prol\u00edfico viaje por los vastos territorios del Esp\u00edritu.<\/p>\n<p>Cada pregunta que formulan y cada respuesta que reciben define una etapa significativa del itinerario espiritual. As\u00ed, antes de empezar es imprescindible identificar el fin al que se encaminan los pasos y comprometerse con la virtud de la constancia para perseverar en medio de las dificultades del trayecto. Despu\u00e9s vendr\u00e1 el discernimiento de las enfermedades que amenazan al esp\u00edritu, el modo de practicar la contemplaci\u00f3n del amor de Dios, y la sensibilidad para distinguir entre la libertad personal y la acci\u00f3n de la gracia.<\/p>\n<p>Juan Casiano, monje y escritor de la Antig\u00fcedad cristiana, ha transmitido en Occidente los tesoros de la espiritualidad mon\u00e1stica del Oriente cristiano.<\/p>\n","protected":false},"excerpt":{"rendered":"<p>CASIANO, JUAN<\/p>\n","protected":false},"featured_media":342104,"template":"","meta":{"_acf_changed":false,"om_disable_all_campaigns":false,"rs_blank_template":"","rs_page_bg_color":"","slide_template_v7":"","inline_featured_image":false,"_monsterinsights_skip_tracking":false,"_monsterinsights_sitenote_active":false,"_monsterinsights_sitenote_note":"","_monsterinsights_sitenote_category":0},"product_brand":[],"product_cat":[345,79],"product_tag":[],"class_list":{"0":"post-224525","1":"product","2":"type-product","3":"status-publish","4":"has-post-thumbnail","6":"product_cat-espiritualidad","7":"product_cat-espiritualitat","9":"first","10":"instock","11":"taxable","12":"shipping-taxable","13":"purchasable","14":"product-type-simple"},"acf":{"autor":"CASIANO, JUAN","codart":"843011947","libros-coleccion":"","ediciones":"1","encuadernacion":"R\u00fastica","fecha_de_publicacion":"17\/10\/2016","novedad":"0","paginas":"160","subtitulo":"","orden":"999","portada":"0","idioma":"spa","editorial":[{"ID":6364,"post_author":"3","post_date":"2022-07-28 17:50:36","post_date_gmt":"2022-07-28 15:50:36","post_content":"","post_title":"S\u00edgueme","post_excerpt":"","post_status":"publish","comment_status":"closed","ping_status":"closed","post_password":"","post_name":"sigueme","to_ping":"","pinged":"","post_modified":"2022-07-28 17:50:36","post_modified_gmt":"2022-07-28 15:50:36","post_content_filtered":"","post_parent":0,"guid":"http:\/\/dev.claret.cat\/editorial\/sigueme\/","menu_order":0,"post_type":"editorial","post_mime_type":"","comment_count":"0","filter":"raw"}],"autores-libros":[{"ID":161007,"post_author":"3","post_date":"2022-10-14 15:57:39","post_date_gmt":"2022-10-14 13:57:39","post_content":"","post_title":"JUAN CASIANO","post_excerpt":"","post_status":"publish","comment_status":"closed","ping_status":"closed","post_password":"","post_name":"juan-casiano","to_ping":"","pinged":"","post_modified":"2022-10-14 15:57:39","post_modified_gmt":"2022-10-14 13:57:39","post_content_filtered":"","post_parent":0,"guid":"http:\/\/dev.claret.cat\/autor\/juan-casiano\/","menu_order":0,"post_type":"autor","post_mime_type":"","comment_count":"0","filter":"raw"}]},"aioseo_notices":[],"_links":{"self":[{"href":"https:\/\/www.claret.cat\/es\/wp-json\/wp\/v2\/product\/224525","targetHints":{"allow":["GET"]}}],"collection":[{"href":"https:\/\/www.claret.cat\/es\/wp-json\/wp\/v2\/product"}],"about":[{"href":"https:\/\/www.claret.cat\/es\/wp-json\/wp\/v2\/types\/product"}],"wp:featuredmedia":[{"embeddable":true,"href":"https:\/\/www.claret.cat\/es\/wp-json\/wp\/v2\/media\/342104"}],"wp:attachment":[{"href":"https:\/\/www.claret.cat\/es\/wp-json\/wp\/v2\/media?parent=224525"}],"wp:term":[{"taxonomy":"product_brand","embeddable":true,"href":"https:\/\/www.claret.cat\/es\/wp-json\/wp\/v2\/product_brand?post=224525"},{"taxonomy":"product_cat","embeddable":true,"href":"https:\/\/www.claret.cat\/es\/wp-json\/wp\/v2\/product_cat?post=224525"},{"taxonomy":"product_tag","embeddable":true,"href":"https:\/\/www.claret.cat\/es\/wp-json\/wp\/v2\/product_tag?post=224525"}],"curies":[{"name":"wp","href":"https:\/\/api.w.org\/{rel}","templated":true}]}}