{"id":224531,"date":"2022-10-20T17:06:26","date_gmt":"2022-10-20T15:06:26","guid":{"rendered":"http:\/\/dev.claret.cat\/producte\/etica-de-los-medios-de-comunicacion\/"},"modified":"2026-01-28T12:36:32","modified_gmt":"2026-01-28T11:36:32","slug":"etica-de-los-medios-de-comunicacion-9788425438011","status":"publish","type":"product","link":"https:\/\/www.claret.cat\/es\/libro\/etica-de-los-medios-de-comunicacion-9788425438011\/","title":{"rendered":"\u00c9TICA DE LOS MEDIOS DE COMUNICACI\u00d3N"},"content":{"rendered":"<p>\u00c9tica de los medios de comunicaci\u00f3n trata sobre los medios y su funci\u00f3n democratizadora, esto es, informar para formar a la  opini\u00f3n p\u00fablica. Se expone, por un lado, la exigencia de la correcta satisfacci\u00f3n del derecho a estar informado que requieren los ciudadanos  y, por el otro, los dilemas y necesidades que enfrentan las otras funciones de los medios, tales como son educar y entretener, que son distintas y precisan de otro tratamiento. En este sentido, indaga una propuesta de c\u00f3mo un marco \u00e9tico podr\u00eda colaborar en la toma de decisiones, en este caso, de una profesi\u00f3n.  <\/p>\n<p>Este libro est\u00e1 dirigido a todas las personas interesadas en la funci\u00f3n social de los medios de comunicaci\u00f3n y su validez como actor democratizador, y, principalmente, a los estudiantes de Comunicaci\u00f3n Social que est\u00e9n plante\u00e1ndose cu\u00e1les son los cuestionamientos \u00e9ticos de la actividad medi\u00e1tica y c\u00f3mo se fundamentan en el derecho de los ciudadanos a estar informados.<\/p>\n","protected":false},"excerpt":{"rendered":"<p>AGUIRRE ROMERO, MAR\u00cdA JAVIERA<\/p>\n","protected":false},"featured_media":331409,"template":"","meta":{"_acf_changed":false,"om_disable_all_campaigns":false,"rs_blank_template":"","rs_page_bg_color":"","slide_template_v7":"","inline_featured_image":false,"_monsterinsights_skip_tracking":false,"_monsterinsights_sitenote_active":false,"_monsterinsights_sitenote_note":"","_monsterinsights_sitenote_category":0},"product_brand":[],"product_cat":[84,350],"product_tag":[],"class_list":{"0":"post-224531","1":"product","2":"type-product","3":"status-publish","4":"has-post-thumbnail","6":"product_cat-sociologia","7":"product_cat-sociologia-2_humanidades","9":"first","10":"instock","11":"taxable","12":"shipping-taxable","13":"purchasable","14":"product-type-simple"},"acf":{"autor":"AGUIRRE ROMERO, MAR\u00cdA JAVIERA","codart":"842543801","libros-coleccion":"","ediciones":"1","encuadernacion":"R\u00fastica","fecha_de_publicacion":"17\/10\/2016","novedad":"0","paginas":"176","subtitulo":"","orden":"999","portada":"0","idioma":"spa","editorial":[{"ID":6266,"post_author":"3","post_date":"2022-07-28 17:48:31","post_date_gmt":"2022-07-28 15:48:31","post_content":"","post_title":"HERDER","post_excerpt":"","post_status":"publish","comment_status":"closed","ping_status":"closed","post_password":"","post_name":"herder","to_ping":"","pinged":"","post_modified":"2022-07-28 17:48:31","post_modified_gmt":"2022-07-28 15:48:31","post_content_filtered":"","post_parent":0,"guid":"http:\/\/dev.claret.cat\/editorial\/herder\/","menu_order":0,"post_type":"editorial","post_mime_type":"","comment_count":"0","filter":"raw"}],"autores-libros":[{"ID":281564,"post_author":"3","post_date":"2022-12-09 23:21:52","post_date_gmt":"2022-12-09 22:21:52","post_content":"","post_title":"MAR\u00cdA JAVIERA AGUIRRE ROMERO","post_excerpt":"","post_status":"publish","comment_status":"closed","ping_status":"closed","post_password":"","post_name":"maria-javiera-aguirre-romero","to_ping":"","pinged":"","post_modified":"2022-12-09 23:21:52","post_modified_gmt":"2022-12-09 22:21:52","post_content_filtered":"","post_parent":0,"guid":"http:\/\/dev.claret.cat\/autor\/maria-javiera-aguirre-romero\/","menu_order":0,"post_type":"autor","post_mime_type":"","comment_count":"0","filter":"raw"}],"booktrailer":"","resenas":""},"aioseo_notices":[],"_links":{"self":[{"href":"https:\/\/www.claret.cat\/es\/wp-json\/wp\/v2\/product\/224531","targetHints":{"allow":["GET"]}}],"collection":[{"href":"https:\/\/www.claret.cat\/es\/wp-json\/wp\/v2\/product"}],"about":[{"href":"https:\/\/www.claret.cat\/es\/wp-json\/wp\/v2\/types\/product"}],"wp:featuredmedia":[{"embeddable":true,"href":"https:\/\/www.claret.cat\/es\/wp-json\/wp\/v2\/media\/331409"}],"wp:attachment":[{"href":"https:\/\/www.claret.cat\/es\/wp-json\/wp\/v2\/media?parent=224531"}],"wp:term":[{"taxonomy":"product_brand","embeddable":true,"href":"https:\/\/www.claret.cat\/es\/wp-json\/wp\/v2\/product_brand?post=224531"},{"taxonomy":"product_cat","embeddable":true,"href":"https:\/\/www.claret.cat\/es\/wp-json\/wp\/v2\/product_cat?post=224531"},{"taxonomy":"product_tag","embeddable":true,"href":"https:\/\/www.claret.cat\/es\/wp-json\/wp\/v2\/product_tag?post=224531"}],"curies":[{"name":"wp","href":"https:\/\/api.w.org\/{rel}","templated":true}]}}