{"id":224567,"date":"2022-10-20T17:07:13","date_gmt":"2022-10-20T15:07:13","guid":{"rendered":"http:\/\/dev.claret.cat\/producte\/santos-o-demonios\/"},"modified":"2026-04-01T04:22:30","modified_gmt":"2026-04-01T02:22:30","slug":"santos-o-demonios-9788427139268","status":"publish","type":"product","link":"https:\/\/www.claret.cat\/es\/libro\/santos-o-demonios-9788427139268\/","title":{"rendered":"\u00bfSANTOS O DEMONIOS?"},"content":{"rendered":"<p>Un gran libro que descubre las particularidades de la leyenda negra elevada durante siglos sobre los jesuitas, a partir de malentendidos, \u00e9rroneas informaciones y acusaciones lanzadas por todo tipo intereses. Una obra para entender por qu\u00e9 la Compa\u00f1\u00eda de Jes\u00fas fue vista desde sus or\u00edgenes para muchos hombres y mujeres como una compa\u00f1\u00eda de santos, o tambi\u00e9n de demonios&#8217;.<\/p>\n","protected":false},"excerpt":{"rendered":"<p>O&#8217;MALLEY, JOHN W.<\/p>\n","protected":false},"featured_media":332271,"template":"","meta":{"_acf_changed":false,"om_disable_all_campaigns":false,"rs_blank_template":"","rs_page_bg_color":"","slide_template_v7":"","inline_featured_image":false,"_monsterinsights_skip_tracking":false,"_monsterinsights_sitenote_active":false,"_monsterinsights_sitenote_note":"","_monsterinsights_sitenote_category":0},"product_brand":[],"product_cat":[85,351],"product_tag":[],"class_list":{"0":"post-224567","1":"product","2":"type-product","3":"status-publish","4":"has-post-thumbnail","6":"product_cat-historia","7":"product_cat-historia-2_humanidades","9":"first","10":"instock","11":"taxable","12":"shipping-taxable","13":"purchasable","14":"product-type-simple"},"acf":{"autor":"O'MALLEY, JOHN W.","codart":"842713926","libros-coleccion":"","ediciones":"1","encuadernacion":"R\u00fastica","fecha_de_publicacion":"14\/10\/2016","novedad":"0","paginas":"316","subtitulo":"ESTUDIOS SOBRE LA HISTORIA DE LOS JESUITAS","orden":"999","portada":"0","idioma":"spa","editorial":[{"ID":8258,"post_author":"3","post_date":"2022-09-30 09:21:32","post_date_gmt":"2022-09-30 07:21:32","post_content":"","post_title":"MENSAJERO","post_excerpt":"","post_status":"publish","comment_status":"closed","ping_status":"closed","post_password":"","post_name":"mensajero","to_ping":"","pinged":"","post_modified":"2022-09-30 09:21:32","post_modified_gmt":"2022-09-30 07:21:32","post_content_filtered":"","post_parent":0,"guid":"http:\/\/dev.claret.cat\/editorial\/mensajero\/","menu_order":0,"post_type":"editorial","post_mime_type":"","comment_count":"0","filter":"raw"}],"autores-libros":[{"ID":159709,"post_author":"3","post_date":"2022-10-14 15:47:05","post_date_gmt":"2022-10-14 13:47:05","post_content":"","post_title":"JOHN W. O\u00b4MALLEY, S.J.","post_excerpt":"","post_status":"publish","comment_status":"closed","ping_status":"closed","post_password":"","post_name":"john-w-omalley-s-j","to_ping":"","pinged":"","post_modified":"2022-10-14 15:47:05","post_modified_gmt":"2022-10-14 13:47:05","post_content_filtered":"","post_parent":0,"guid":"http:\/\/dev.claret.cat\/autor\/john-w-omalley-s-j\/","menu_order":0,"post_type":"autor","post_mime_type":"","comment_count":"0","filter":"raw"}],"booktrailer":"","resenas":""},"aioseo_notices":[],"_links":{"self":[{"href":"https:\/\/www.claret.cat\/es\/wp-json\/wp\/v2\/product\/224567","targetHints":{"allow":["GET"]}}],"collection":[{"href":"https:\/\/www.claret.cat\/es\/wp-json\/wp\/v2\/product"}],"about":[{"href":"https:\/\/www.claret.cat\/es\/wp-json\/wp\/v2\/types\/product"}],"wp:featuredmedia":[{"embeddable":true,"href":"https:\/\/www.claret.cat\/es\/wp-json\/wp\/v2\/media\/332271"}],"wp:attachment":[{"href":"https:\/\/www.claret.cat\/es\/wp-json\/wp\/v2\/media?parent=224567"}],"wp:term":[{"taxonomy":"product_brand","embeddable":true,"href":"https:\/\/www.claret.cat\/es\/wp-json\/wp\/v2\/product_brand?post=224567"},{"taxonomy":"product_cat","embeddable":true,"href":"https:\/\/www.claret.cat\/es\/wp-json\/wp\/v2\/product_cat?post=224567"},{"taxonomy":"product_tag","embeddable":true,"href":"https:\/\/www.claret.cat\/es\/wp-json\/wp\/v2\/product_tag?post=224567"}],"curies":[{"name":"wp","href":"https:\/\/api.w.org\/{rel}","templated":true}]}}