{"id":224659,"date":"2022-10-20T17:09:24","date_gmt":"2022-10-20T15:09:24","guid":{"rendered":"http:\/\/dev.claret.cat\/producte\/san-manuel-gonzalez\/"},"modified":"2024-05-23T08:58:15","modified_gmt":"2024-05-23T06:58:15","slug":"san-manuel-gonzalez-9788483537985","status":"publish","type":"product","link":"https:\/\/www.claret.cat\/es\/libro\/san-manuel-gonzalez-9788483537985\/","title":{"rendered":"SAN  MANUEL GONZ\u00c1LEZ"},"content":{"rendered":"<p>El t\u00edtulo del libro condensa todo su contenido: Tras una Carta de Presentaci\u00f3n, un primer cap\u00edtulo analiza el desarrollo en el tiempo del coraz\u00f3n sacerdotal de san Manuel.<br \/>Un segundo cap\u00edtulo nos eleva hasta las fuentes en que bebi\u00f3 este coraz\u00f3n enamorado: El \u201cAmo Concluye con un tercer cap\u00edtulo en el que transforma al Sagrario en punto de apoyo y trampol\u00edn de su propio dinamismo interior y de toda sus acci\u00f3n pastoral.  Y todo amasado en un intenso amor mariano, genial vocaci\u00f3n catequ\u00e9tica y decidido<br \/>compromiso social con los m\u00e1s desfavorecidos. El autor, D. Rafael Palmero, ocup\u00f3 como obispo la misma sede palentina de nuestro santo, ministerio que sin duda aprovech\u00f3 para acumular tanto conocimiento, amor y sinton\u00eda hacia este \u201cObispo del Sagrario\u201d.<\/p>\n","protected":false},"excerpt":{"rendered":"<p>PALMERO RAMOS, RAFAEL<\/p>\n","protected":false},"featured_media":357660,"template":"","meta":{"_acf_changed":false,"om_disable_all_campaigns":false,"rs_blank_template":"","rs_page_bg_color":"","slide_template_v7":"","inline_featured_image":false,"_monsterinsights_skip_tracking":false,"_monsterinsights_sitenote_active":false,"_monsterinsights_sitenote_note":"","_monsterinsights_sitenote_category":0},"product_brand":[],"product_cat":[90,540],"product_tag":[],"class_list":{"0":"post-224659","1":"product","2":"type-product","3":"status-publish","4":"has-post-thumbnail","6":"product_cat-altres","7":"product_cat-otros","9":"first","10":"instock","11":"taxable","12":"shipping-taxable","13":"purchasable","14":"product-type-simple"},"acf":{"autor":"PALMERO RAMOS, RAFAEL","codart":"848353798","libros-coleccion":"","ediciones":"1","encuadernacion":"R\u00fastica","fecha_de_publicacion":"07\/10\/2016","novedad":"0","paginas":"162","subtitulo":"CORAZ\u00d3N DE SACERDOTE Y PASTOR","orden":"999","portada":"0","idioma":"spa","editorial":[{"ID":6309,"post_author":"3","post_date":"2022-07-28 17:49:25","post_date_gmt":"2022-07-28 15:49:25","post_content":"","post_title":"Monte Carmelo","post_excerpt":"","post_status":"publish","comment_status":"closed","ping_status":"closed","post_password":"","post_name":"monte-carmelo","to_ping":"","pinged":"","post_modified":"2022-07-28 17:49:25","post_modified_gmt":"2022-07-28 15:49:25","post_content_filtered":"","post_parent":0,"guid":"http:\/\/dev.claret.cat\/editorial\/monte-carmelo\/","menu_order":0,"post_type":"editorial","post_mime_type":"","comment_count":"0","filter":"raw"}],"autores-libros":[{"ID":356974,"post_author":"3","post_date":"2023-01-15 01:24:15","post_date_gmt":"2023-01-15 00:24:15","post_content":"","post_title":"RAFAEL PALMERO RAMOS","post_excerpt":"","post_status":"publish","comment_status":"closed","ping_status":"closed","post_password":"","post_name":"rafael-palmero-ramos","to_ping":"","pinged":"","post_modified":"2023-01-15 01:24:15","post_modified_gmt":"2023-01-15 00:24:15","post_content_filtered":"","post_parent":0,"guid":"https:\/\/www.claret.cat\/autor\/rafael-palmero-ramos\/","menu_order":0,"post_type":"autor","post_mime_type":"","comment_count":"0","filter":"raw"}]},"aioseo_notices":[],"_links":{"self":[{"href":"https:\/\/www.claret.cat\/es\/wp-json\/wp\/v2\/product\/224659","targetHints":{"allow":["GET"]}}],"collection":[{"href":"https:\/\/www.claret.cat\/es\/wp-json\/wp\/v2\/product"}],"about":[{"href":"https:\/\/www.claret.cat\/es\/wp-json\/wp\/v2\/types\/product"}],"wp:featuredmedia":[{"embeddable":true,"href":"https:\/\/www.claret.cat\/es\/wp-json\/wp\/v2\/media\/357660"}],"wp:attachment":[{"href":"https:\/\/www.claret.cat\/es\/wp-json\/wp\/v2\/media?parent=224659"}],"wp:term":[{"taxonomy":"product_brand","embeddable":true,"href":"https:\/\/www.claret.cat\/es\/wp-json\/wp\/v2\/product_brand?post=224659"},{"taxonomy":"product_cat","embeddable":true,"href":"https:\/\/www.claret.cat\/es\/wp-json\/wp\/v2\/product_cat?post=224659"},{"taxonomy":"product_tag","embeddable":true,"href":"https:\/\/www.claret.cat\/es\/wp-json\/wp\/v2\/product_tag?post=224659"}],"curies":[{"name":"wp","href":"https:\/\/api.w.org\/{rel}","templated":true}]}}