{"id":224692,"date":"2022-10-20T17:10:06","date_gmt":"2022-10-20T15:10:06","guid":{"rendered":"http:\/\/dev.claret.cat\/producte\/el-meu-quadern-dactivitats-negre\/"},"modified":"2023-01-28T18:32:36","modified_gmt":"2023-01-28T17:32:36","slug":"el-meu-quadern-dactivitats-negre-9788494574306","status":"publish","type":"product","link":"https:\/\/www.claret.cat\/es\/libro\/el-meu-quadern-dactivitats-negre-9788494574306\/","title":{"rendered":"EL MEU QUADERN D&#8217;ACTIVITATS NEGRE"},"content":{"rendered":"<p>Un quadern d&#8217;activitats diferent a qualsevol altre, amb un disseny molt original al voltant del color negre.<br \/> Completa les siluetes, dibuixa les ombres, enganxa adhesius per omplir de vida unes escenes m\u00e0giques, talla els cabells de la bruixa i la barba del pirata, fabrica&#8217;t unes titelles per fer ombres xineses&#8230;<br \/> Tens un munt de m\u00f3ns meravellosos per completar i pintar, m\u00f3ns plens de personatges de contes i animals fant\u00e0stics.<br \/> Inclou m\u00e9s de 110 adhesius i manualitats per retallar i jugar amb la llum.<\/p>\n","protected":false},"excerpt":{"rendered":"<p>FORDACQ, MARIE<\/p>\n","protected":false},"featured_media":224693,"template":"","meta":{"_acf_changed":false,"om_disable_all_campaigns":false,"rs_blank_template":"","rs_page_bg_color":"","slide_template_v7":"","inline_featured_image":false,"_monsterinsights_skip_tracking":false,"_monsterinsights_sitenote_active":false,"_monsterinsights_sitenote_note":"","_monsterinsights_sitenote_category":0},"product_brand":[],"product_cat":[86],"product_tag":[],"class_list":{"0":"post-224692","1":"product","2":"type-product","3":"status-publish","4":"has-post-thumbnail","6":"product_cat-infantil","8":"first","9":"instock","10":"taxable","11":"shipping-taxable","12":"purchasable","13":"product-type-simple"},"acf":{"autor":"FORDACQ, MARIE","codart":"849457430","libros-coleccion":"Imagina","ediciones":"1","encuadernacion":"R\u00fastica","fecha_de_publicacion":"01\/10\/2016","novedad":"1","paginas":"90","subtitulo":"","orden":"0","portada":"0","idioma":"cat","editorial":[{"ID":6286,"post_author":"3","post_date":"2022-07-28 17:48:56","post_date_gmt":"2022-07-28 15:48:56","post_content":"","post_title":"Librooks Barcelona","post_excerpt":"","post_status":"publish","comment_status":"closed","ping_status":"closed","post_password":"","post_name":"librooks-barcelona","to_ping":"","pinged":"","post_modified":"2022-07-28 17:48:56","post_modified_gmt":"2022-07-28 15:48:56","post_content_filtered":"","post_parent":0,"guid":"http:\/\/dev.claret.cat\/editorial\/librooks-barcelona\/","menu_order":0,"post_type":"editorial","post_mime_type":"","comment_count":"0","filter":"raw"}]},"aioseo_notices":[],"_links":{"self":[{"href":"https:\/\/www.claret.cat\/es\/wp-json\/wp\/v2\/product\/224692","targetHints":{"allow":["GET"]}}],"collection":[{"href":"https:\/\/www.claret.cat\/es\/wp-json\/wp\/v2\/product"}],"about":[{"href":"https:\/\/www.claret.cat\/es\/wp-json\/wp\/v2\/types\/product"}],"wp:featuredmedia":[{"embeddable":true,"href":"https:\/\/www.claret.cat\/es\/wp-json\/wp\/v2\/media\/224693"}],"wp:attachment":[{"href":"https:\/\/www.claret.cat\/es\/wp-json\/wp\/v2\/media?parent=224692"}],"wp:term":[{"taxonomy":"product_brand","embeddable":true,"href":"https:\/\/www.claret.cat\/es\/wp-json\/wp\/v2\/product_brand?post=224692"},{"taxonomy":"product_cat","embeddable":true,"href":"https:\/\/www.claret.cat\/es\/wp-json\/wp\/v2\/product_cat?post=224692"},{"taxonomy":"product_tag","embeddable":true,"href":"https:\/\/www.claret.cat\/es\/wp-json\/wp\/v2\/product_tag?post=224692"}],"curies":[{"name":"wp","href":"https:\/\/api.w.org\/{rel}","templated":true}]}}