{"id":224780,"date":"2022-10-20T17:11:54","date_gmt":"2022-10-20T15:11:54","guid":{"rendered":"http:\/\/dev.claret.cat\/producte\/la-trompeta-del-cigne\/"},"modified":"2025-02-01T01:20:09","modified_gmt":"2025-02-01T00:20:09","slug":"la-trompeta-del-cigne-9788483309094","status":"publish","type":"product","link":"https:\/\/www.claret.cat\/es\/libro\/la-trompeta-del-cigne-9788483309094\/","title":{"rendered":"LA TROMPETA DEL CIGNE"},"content":{"rendered":"<p>Quan resulta que ets un cigne trompeter i neixes mut, com li ha passat a en Louis, tens un problema. Sobretot, si el teu pare no deixa de dir que aix\u00f2 no s&#8217;havia vist mai a la fam\u00edlia, fins ara! I la cosa es complica encara m\u00e9s quan t&#8217;enamores i vols declarar-te com ho fan tots els cignes trompeters.  <br \/> S\u00ed, \u00e9s un problema, per\u00f2 en Louis \u00e9s molt espavilat i, sobretot, t\u00e9 uns quants amics que estan disposats a ajudar-lo, com en Sam, un nen que passa les vacances just al costat del llac on viu ell, o la professora que ensenya el cigne a escriure, o el barquer que el deixa instal\u00b7lar-se a l&#8217;Hotel Ritz de Boston. Al capdavall, quan un es vol comunicar, sempre troba la millor manera de fer-ho. I en Louis t\u00e9 les ganes i tamb\u00e9 t\u00e9 molta bufera!<br \/> La trompeta del cigne (1970) va ser portada al cinema el 2001 per Richard Rich<\/p>\n","protected":false},"excerpt":{"rendered":"<p>WHITE, ELWYN BROOKS<\/p>\n","protected":false},"featured_media":224781,"template":"","meta":{"_acf_changed":false,"om_disable_all_campaigns":false,"rs_blank_template":"","rs_page_bg_color":"","slide_template_v7":"","inline_featured_image":false,"_monsterinsights_skip_tracking":false,"_monsterinsights_sitenote_active":false,"_monsterinsights_sitenote_note":"","_monsterinsights_sitenote_category":0},"product_brand":[],"product_cat":[86,352],"product_tag":[],"class_list":{"0":"post-224780","1":"product","2":"type-product","3":"status-publish","4":"has-post-thumbnail","6":"product_cat-infantil","7":"product_cat-infantil-3_infantil-juvenil-spa","9":"first","10":"instock","11":"taxable","12":"shipping-taxable","13":"purchasable","14":"product-type-simple"},"acf":{"autor":"WHITE, ELWYN BROOKS","codart":"848330909","libros-coleccion":"SUSHI BOOKS","ediciones":"1","encuadernacion":"Carton\u00e9","fecha_de_publicacion":"01\/10\/2016","novedad":"1","paginas":"200","subtitulo":"","orden":"0","portada":"0","idioma":"cat","editorial":[{"ID":6392,"post_author":"3","post_date":"2022-07-28 17:51:10","post_date_gmt":"2022-07-28 15:51:10","post_content":"","post_title":"Viena","post_excerpt":"","post_status":"publish","comment_status":"closed","ping_status":"closed","post_password":"","post_name":"viena","to_ping":"","pinged":"","post_modified":"2022-07-28 17:51:10","post_modified_gmt":"2022-07-28 15:51:10","post_content_filtered":"","post_parent":0,"guid":"http:\/\/dev.claret.cat\/editorial\/viena\/","menu_order":0,"post_type":"editorial","post_mime_type":"","comment_count":"0","filter":"raw"}],"autores-libros":[{"ID":422213,"post_author":"3","post_date":"2023-05-16 07:14:19","post_date_gmt":"2023-05-16 05:14:19","post_content":"","post_title":"ELWYN BROOKS WHITE","post_excerpt":"","post_status":"publish","comment_status":"closed","ping_status":"closed","post_password":"","post_name":"elwyn-brooks-white","to_ping":"","pinged":"","post_modified":"2023-05-16 07:14:19","post_modified_gmt":"2023-05-16 05:14:19","post_content_filtered":"","post_parent":0,"guid":"https:\/\/www.claret.cat\/autor\/elwyn-brooks-white\/","menu_order":0,"post_type":"autor","post_mime_type":"","comment_count":"0","filter":"raw"}]},"aioseo_notices":[],"_links":{"self":[{"href":"https:\/\/www.claret.cat\/es\/wp-json\/wp\/v2\/product\/224780","targetHints":{"allow":["GET"]}}],"collection":[{"href":"https:\/\/www.claret.cat\/es\/wp-json\/wp\/v2\/product"}],"about":[{"href":"https:\/\/www.claret.cat\/es\/wp-json\/wp\/v2\/types\/product"}],"wp:featuredmedia":[{"embeddable":true,"href":"https:\/\/www.claret.cat\/es\/wp-json\/wp\/v2\/media\/224781"}],"wp:attachment":[{"href":"https:\/\/www.claret.cat\/es\/wp-json\/wp\/v2\/media?parent=224780"}],"wp:term":[{"taxonomy":"product_brand","embeddable":true,"href":"https:\/\/www.claret.cat\/es\/wp-json\/wp\/v2\/product_brand?post=224780"},{"taxonomy":"product_cat","embeddable":true,"href":"https:\/\/www.claret.cat\/es\/wp-json\/wp\/v2\/product_cat?post=224780"},{"taxonomy":"product_tag","embeddable":true,"href":"https:\/\/www.claret.cat\/es\/wp-json\/wp\/v2\/product_tag?post=224780"}],"curies":[{"name":"wp","href":"https:\/\/api.w.org\/{rel}","templated":true}]}}