{"id":22483,"date":"2022-10-02T09:49:42","date_gmt":"2022-10-02T07:49:42","guid":{"rendered":"http:\/\/dev.claret.cat\/producte\/bangkok-de-cerca-1\/"},"modified":"2023-01-28T00:21:36","modified_gmt":"2023-01-27T23:21:36","slug":"bangkok-de-cerca-1-9788408194668","status":"publish","type":"product","link":"https:\/\/www.claret.cat\/es\/libro\/bangkok-de-cerca-1-9788408194668\/","title":{"rendered":"BANGKOK DE CERCA 1"},"content":{"rendered":"<p>Durante d\u00e9cadas, Bangkok no era m\u00e1s que una escala necesaria antes de llegar a las islas, pero hoy la ciudad es un destino por derecho propio. La urbe actual sorprende al viajero con su jungla urbana y soberbia oferta culinaria y noct\u00e1mbula. La diversi\u00f3n no est\u00e1 re\u00f1ida con la cultura (turismo hist\u00f3rico y cursos de cocina o meditaci\u00f3n). Adem\u00e1s, los viejos distritos de Bangkok conservan el sabor y el encanto del pasado.<\/p>\n","protected":false},"excerpt":{"rendered":"<p>BUSH, AUSTIN<\/p>\n","protected":false},"featured_media":66554,"template":"","meta":{"_acf_changed":false,"om_disable_all_campaigns":false,"rs_blank_template":"","rs_page_bg_color":"","slide_template_v7":"","inline_featured_image":false,"_monsterinsights_skip_tracking":false,"_monsterinsights_sitenote_active":false,"_monsterinsights_sitenote_note":"","_monsterinsights_sitenote_category":0},"product_brand":[],"product_cat":[107],"product_tag":[],"class_list":{"0":"post-22483","1":"product","2":"type-product","3":"status-publish","4":"has-post-thumbnail","6":"product_cat-guies-de-viatge","8":"first","9":"instock","10":"taxable","11":"shipping-taxable","12":"purchasable","13":"product-type-simple"},"acf":{"autor":"BUSH, AUSTIN","codart":"840819466","libros-coleccion":"De cerca Lonely Planet","ediciones":"1","encuadernacion":"R\u00fastica","fecha_de_publicacion":"01\/02\/2019","novedad":"1","paginas":"0","subtitulo":"","orden":"0","portada":"0","idioma":"spa","editorial":[{"ID":6233,"post_author":"3","post_date":"2022-07-28 17:47:48","post_date_gmt":"2022-07-28 15:47:48","post_content":"","post_title":"EDITORIAL PLANETA","post_excerpt":"","post_status":"publish","comment_status":"closed","ping_status":"closed","post_password":"","post_name":"editorial-planeta","to_ping":"","pinged":"","post_modified":"2022-07-28 17:47:48","post_modified_gmt":"2022-07-28 15:47:48","post_content_filtered":"","post_parent":0,"guid":"http:\/\/dev.claret.cat\/editorial\/editorial-planeta\/","menu_order":0,"post_type":"editorial","post_mime_type":"","comment_count":"0","filter":"raw"}],"autores-libros":[{"ID":151267,"post_author":"3","post_date":"2022-10-14 14:39:31","post_date_gmt":"2022-10-14 12:39:31","post_content":"","post_title":"AUSTIN BUSH","post_excerpt":"","post_status":"publish","comment_status":"closed","ping_status":"closed","post_password":"","post_name":"austin-bush","to_ping":"","pinged":"","post_modified":"2022-10-14 14:39:31","post_modified_gmt":"2022-10-14 12:39:31","post_content_filtered":"","post_parent":0,"guid":"http:\/\/dev.claret.cat\/autor\/austin-bush\/","menu_order":0,"post_type":"autor","post_mime_type":"","comment_count":"0","filter":"raw"}]},"aioseo_notices":[],"_links":{"self":[{"href":"https:\/\/www.claret.cat\/es\/wp-json\/wp\/v2\/product\/22483","targetHints":{"allow":["GET"]}}],"collection":[{"href":"https:\/\/www.claret.cat\/es\/wp-json\/wp\/v2\/product"}],"about":[{"href":"https:\/\/www.claret.cat\/es\/wp-json\/wp\/v2\/types\/product"}],"wp:featuredmedia":[{"embeddable":true,"href":"https:\/\/www.claret.cat\/es\/wp-json\/wp\/v2\/media\/66554"}],"wp:attachment":[{"href":"https:\/\/www.claret.cat\/es\/wp-json\/wp\/v2\/media?parent=22483"}],"wp:term":[{"taxonomy":"product_brand","embeddable":true,"href":"https:\/\/www.claret.cat\/es\/wp-json\/wp\/v2\/product_brand?post=22483"},{"taxonomy":"product_cat","embeddable":true,"href":"https:\/\/www.claret.cat\/es\/wp-json\/wp\/v2\/product_cat?post=22483"},{"taxonomy":"product_tag","embeddable":true,"href":"https:\/\/www.claret.cat\/es\/wp-json\/wp\/v2\/product_tag?post=22483"}],"curies":[{"name":"wp","href":"https:\/\/api.w.org\/{rel}","templated":true}]}}