{"id":224910,"date":"2022-10-20T17:14:42","date_gmt":"2022-10-20T15:14:42","guid":{"rendered":"http:\/\/dev.claret.cat\/producte\/quina-escombra-mes-guapa-2\/"},"modified":"2026-02-23T11:10:51","modified_gmt":"2026-02-23T10:10:51","slug":"quina-escombra-mes-guapa-9788499067285","status":"publish","type":"product","link":"https:\/\/www.claret.cat\/es\/libro\/quina-escombra-mes-guapa-9788499067285\/","title":{"rendered":"QUINA ESCOMBRA M\u00c9S GUAPA!"},"content":{"rendered":"<p>Era una vegada una bruixa que volava amb la seva gata. Portava un barret negre i una trena vermella i llarga. Reia feli\u00e7, la bruixa, i la gateta roncava quan volaven amb l&#8217;escombra totes dues de matinada. Un llibre enginy\u00f3s i divertit, ple d&#8217;humor i de valors profunds, creat per una autora i un il\u00b7lustrador de gran prestigi internacional. Guardonat amb cinc premis importants i tradu\u00eft a 36 idiomes!<\/p>\n","protected":false},"excerpt":{"rendered":"<p>DONALDSON, JULIA<\/p>\n","protected":false},"featured_media":1085439,"template":"","meta":{"_acf_changed":false,"om_disable_all_campaigns":false,"rs_blank_template":"","rs_page_bg_color":"","slide_template_v7":"","inline_featured_image":false,"_monsterinsights_skip_tracking":false,"_monsterinsights_sitenote_active":false,"_monsterinsights_sitenote_note":"","_monsterinsights_sitenote_category":0},"product_brand":[],"product_cat":[86,352],"product_tag":[],"class_list":{"0":"post-224910","1":"product","2":"type-product","3":"status-publish","4":"has-post-thumbnail","6":"product_cat-infantil","7":"product_cat-infantil-3_infantil-juvenil-spa","9":"first","10":"outofstock","11":"taxable","12":"shipping-taxable","13":"purchasable","14":"product-type-simple"},"acf":{"autor":"DONALDSON, JULIA","codart":"849906728","libros-coleccion":"Catal\u00e1 - A Partir De 3 Anys - \u00c0lbums - A","ediciones":"1","encuadernacion":"Carton\u00e9","fecha_de_publicacion":"01\/10\/2016","novedad":"0","paginas":"35","subtitulo":"","orden":"0","portada":"0","idioma":"cat","editorial":[{"ID":6221,"post_author":"3","post_date":"2022-07-28 17:47:29","post_date_gmt":"2022-07-28 15:47:29","post_content":"","post_title":"Editorial Br\u00faixola","post_excerpt":"","post_status":"publish","comment_status":"closed","ping_status":"closed","post_password":"","post_name":"editorial-bruixola","to_ping":"","pinged":"","post_modified":"2022-07-28 17:47:29","post_modified_gmt":"2022-07-28 15:47:29","post_content_filtered":"","post_parent":0,"guid":"http:\/\/dev.claret.cat\/editorial\/editorial-bruixola\/","menu_order":0,"post_type":"editorial","post_mime_type":"","comment_count":"0","filter":"raw"}],"autores-libros":[{"ID":161252,"post_author":"3","post_date":"2022-10-14 17:16:43","post_date_gmt":"2022-10-14 15:16:43","post_content":"","post_title":"JULIA DONALDSON","post_excerpt":"","post_status":"publish","comment_status":"closed","ping_status":"closed","post_password":"","post_name":"julia-donaldson","to_ping":"","pinged":"","post_modified":"2022-10-14 17:16:43","post_modified_gmt":"2022-10-14 15:16:43","post_content_filtered":"","post_parent":0,"guid":"http:\/\/dev.claret.cat\/autor\/julia-donaldson\/","menu_order":0,"post_type":"autor","post_mime_type":"","comment_count":"0","filter":"raw"}],"booktrailer":"","resenas":""},"aioseo_notices":[],"_links":{"self":[{"href":"https:\/\/www.claret.cat\/es\/wp-json\/wp\/v2\/product\/224910","targetHints":{"allow":["GET"]}}],"collection":[{"href":"https:\/\/www.claret.cat\/es\/wp-json\/wp\/v2\/product"}],"about":[{"href":"https:\/\/www.claret.cat\/es\/wp-json\/wp\/v2\/types\/product"}],"wp:featuredmedia":[{"embeddable":true,"href":"https:\/\/www.claret.cat\/es\/wp-json\/wp\/v2\/media\/1085439"}],"wp:attachment":[{"href":"https:\/\/www.claret.cat\/es\/wp-json\/wp\/v2\/media?parent=224910"}],"wp:term":[{"taxonomy":"product_brand","embeddable":true,"href":"https:\/\/www.claret.cat\/es\/wp-json\/wp\/v2\/product_brand?post=224910"},{"taxonomy":"product_cat","embeddable":true,"href":"https:\/\/www.claret.cat\/es\/wp-json\/wp\/v2\/product_cat?post=224910"},{"taxonomy":"product_tag","embeddable":true,"href":"https:\/\/www.claret.cat\/es\/wp-json\/wp\/v2\/product_tag?post=224910"}],"curies":[{"name":"wp","href":"https:\/\/api.w.org\/{rel}","templated":true}]}}